{"id":1020,"date":"2023-10-01T08:52:53","date_gmt":"2023-10-01T08:52:53","guid":{"rendered":"https:\/\/ferreteriasolera.com\/?post_type=product&#038;p=1020"},"modified":"2023-10-01T08:53:09","modified_gmt":"2023-10-01T08:53:09","slug":"pistola-de-impacto-milwaukee-3-4","status":"publish","type":"product","link":"https:\/\/ferreteriasolera.com\/en\/product\/pistola-de-impacto-milwaukee-3-4\/","title":{"rendered":"PISTOLA DE IMPACTO MILWAUKEE 3\/4"},"content":{"rendered":"<p>Llave de impacto M18 FUEL\u2122 de alto par con tecnolog\u00eda ONE-KEY\u2122 que proporciona 1.627Nm de par con un tama\u00f1o compacto de 213mm, el cual nos permite mayor acceso a espacios reducidos.<\/p>\n<ul>\n<li>El sistema DRIVE CONTROL proporciona al usuario 4 posiciones diferentes de velocidad y selecci\u00f3n de par para optimizar la versatilidad en m\u00faltiples aplicaciones<\/li>\n<li>El modo 4 para extracci\u00f3n de tuercas, proporciona un par m\u00e1ximo de 2.034Nm y 750rpm para un gran control en la extracci\u00f3n<\/li>\n<li>Sensor de contador de golpe integrado para poder repetir de manera consistente el ajuste de par elegido<\/li>\n<li>Tecnolog\u00eda ONE-KEY\u2122 que ofrece localizaci\u00f3n y seguridad, junto con el control del inventario, para poder realizar el seguimiento de la herramienta y ayudar a prevenir robos. ONE-KEY\u2122 tambi\u00e9n cuenta con una funci\u00f3n de bloqueo remoto de la herramienta. La funci\u00f3n de configuraci\u00f3n permite un ajuste preciso de la herramienta a la aplicaci\u00f3n<\/li>\n<li>El ADN de nuestro sistema FUEL\u2122 redefine el equilibrio de las tecnolog\u00edas a bater\u00eda. El motor sin escobillas MILWAUKEE\u00ae POWERSTATE\u2122, la bater\u00eda REDLITHIUM\u2122 y la electr\u00f3nica REDLINK PLUS\u2122 ofrecen potencia, autonom\u00eda y durabilidad sin igual<\/li>\n<li>Recepci\u00f3n \u00be\u2033 con anillo de fricci\u00f3n<\/li>\n<li>Sistema flexible de bater\u00edas: funciona con todas las bater\u00edas M18\u2122 de MILWAUKEE\u00ae<\/li>\n<\/ul>\n<p>&nbsp;<\/p>\n<p><strong>ESPECIFICACIONES<\/strong><\/p>\n<ul>\n<li>Impacto bajo cargo (IPM):\u00a00-850\/0-1850\/0-2400\/0-2400<\/li>\n<li>M\u00e1x. Di\u00e1metro tornillo: M33<\/li>\n<li>M\u00e1x. Par de apriete: 702\/1138\/1627\/1627 Nm<\/li>\n<li>M\u00e1x. Par de desapriete: 2034 Nm<\/li>\n<li>Recepci\u00f3n:\u00a0\u00be\u2033 cuadradillo<\/li>\n<li>Velocidad m\u00e1xima: 0-800\/0-1300\/0-1800\/0-1800 rpm<\/li>\n<li>Voltaje: 18V<\/li>\n<li>Peso: 3,5 kg<\/li>\n<\/ul>\n<p>&nbsp;<\/p>\n<p><strong>INCLUYE<\/strong><\/p>\n<ul>\n<li>Llave de impacto M18<\/li>\n<li>2 x M18 B5 Bater\u00edas<\/li>\n<li>M12-18 FC Cargador<\/li>\n<li>HD-box<\/li>\n<\/ul>","protected":false},"excerpt":{"rendered":"<p>Llave de impacto M18 FUEL\u2122 de alto par con tecnolog\u00eda ONE-KEY\u2122 que proporciona 1.627Nm de par con un tama\u00f1o compacto de 213mm, el cual nos permite mayor acceso a espacios reducidos. El sistema DRIVE CONTROL proporciona al usuario 4 posiciones diferentes de velocidad y selecci\u00f3n de par para optimizar la versatilidad en m\u00faltiples aplicaciones El [&hellip;]<\/p>\n","protected":false},"featured_media":1019,"template":"","meta":[],"product_brand":[],"product_cat":[31],"product_tag":[],"class_list":{"0":"post-1020","1":"product","2":"type-product","3":"status-publish","4":"has-post-thumbnail","6":"product_cat-herramientas-profesionales","8":"first","9":"instock","10":"taxable","11":"shipping-taxable","12":"purchasable","13":"product-type-simple"},"_links":{"self":[{"href":"https:\/\/ferreteriasolera.com\/en\/wp-json\/wp\/v2\/product\/1020","targetHints":{"allow":["GET"]}}],"collection":[{"href":"https:\/\/ferreteriasolera.com\/en\/wp-json\/wp\/v2\/product"}],"about":[{"href":"https:\/\/ferreteriasolera.com\/en\/wp-json\/wp\/v2\/types\/product"}],"wp:featuredmedia":[{"embeddable":true,"href":"https:\/\/ferreteriasolera.com\/en\/wp-json\/wp\/v2\/media\/1019"}],"wp:attachment":[{"href":"https:\/\/ferreteriasolera.com\/en\/wp-json\/wp\/v2\/media?parent=1020"}],"wp:term":[{"taxonomy":"product_brand","embeddable":true,"href":"https:\/\/ferreteriasolera.com\/en\/wp-json\/wp\/v2\/product_brand?post=1020"},{"taxonomy":"product_cat","embeddable":true,"href":"https:\/\/ferreteriasolera.com\/en\/wp-json\/wp\/v2\/product_cat?post=1020"},{"taxonomy":"product_tag","embeddable":true,"href":"https:\/\/ferreteriasolera.com\/en\/wp-json\/wp\/v2\/product_tag?post=1020"}],"curies":[{"name":"wp","href":"https:\/\/api.w.org\/{rel}","templated":true}]}}