{"id":1037,"date":"2023-10-01T09:35:07","date_gmt":"2023-10-01T09:35:07","guid":{"rendered":"https:\/\/ferreteriasolera.com\/?post_type=product&#038;p=1037"},"modified":"2023-10-01T09:35:47","modified_gmt":"2023-10-01T09:35:47","slug":"compresor-mta-2550","status":"publish","type":"product","link":"https:\/\/ferreteriasolera.com\/en\/product\/compresor-mta-2550\/","title":{"rendered":"COMPRESOR MTA 2550"},"content":{"rendered":"<p><strong>Compresor directo CLAVESA de 2.5 caballos y 50 litros.<br \/>\n<\/strong><br \/>\nMotor Directo.<br \/>\nFiltro metalico.<br \/>\nBajo nivel de vibraci\u00f3n.<br \/>\nDispone de 2 ruedas para su f\u00e1cil transporte y dos ventosas de goma para reducir las vibraciones.<br \/>\nCompresor ideal para montadores, uso de peque\u00f1a maquinaria neum\u00e1tica y para uso domestico.<\/p>\n<p>MOTOR: 2,5 CV<br \/>\nCALDERIN: 50 Ltrs<br \/>\nCAUDAL: 192 L\/min<br \/>\nMAX. PRESION: 8 BAR<br \/>\nMEDIDAS: 740x320x660 mm<br \/>\nPESO: 36 Kg \/ 50 Kg<\/p>","protected":false},"excerpt":{"rendered":"<p>Compresor directo CLAVESA de 2.5 caballos y 50 litros. Motor Directo. Filtro metalico. Bajo nivel de vibraci\u00f3n. Dispone de 2 ruedas para su f\u00e1cil transporte y dos ventosas de goma para reducir las vibraciones. Compresor ideal para montadores, uso de peque\u00f1a maquinaria neum\u00e1tica y para uso domestico. MOTOR: 2,5 CV CALDERIN: 50 Ltrs CAUDAL: 192 [&hellip;]<\/p>\n","protected":false},"featured_media":1038,"template":"","meta":[],"product_brand":[],"product_cat":[28],"product_tag":[],"class_list":{"0":"post-1037","1":"product","2":"type-product","3":"status-publish","4":"has-post-thumbnail","6":"product_cat-herramientas","8":"first","9":"instock","10":"taxable","11":"shipping-taxable","12":"purchasable","13":"product-type-simple"},"_links":{"self":[{"href":"https:\/\/ferreteriasolera.com\/en\/wp-json\/wp\/v2\/product\/1037","targetHints":{"allow":["GET"]}}],"collection":[{"href":"https:\/\/ferreteriasolera.com\/en\/wp-json\/wp\/v2\/product"}],"about":[{"href":"https:\/\/ferreteriasolera.com\/en\/wp-json\/wp\/v2\/types\/product"}],"wp:featuredmedia":[{"embeddable":true,"href":"https:\/\/ferreteriasolera.com\/en\/wp-json\/wp\/v2\/media\/1038"}],"wp:attachment":[{"href":"https:\/\/ferreteriasolera.com\/en\/wp-json\/wp\/v2\/media?parent=1037"}],"wp:term":[{"taxonomy":"product_brand","embeddable":true,"href":"https:\/\/ferreteriasolera.com\/en\/wp-json\/wp\/v2\/product_brand?post=1037"},{"taxonomy":"product_cat","embeddable":true,"href":"https:\/\/ferreteriasolera.com\/en\/wp-json\/wp\/v2\/product_cat?post=1037"},{"taxonomy":"product_tag","embeddable":true,"href":"https:\/\/ferreteriasolera.com\/en\/wp-json\/wp\/v2\/product_tag?post=1037"}],"curies":[{"name":"wp","href":"https:\/\/api.w.org\/{rel}","templated":true}]}}