{"id":1039,"date":"2023-10-01T09:41:44","date_gmt":"2023-10-01T09:41:44","guid":{"rendered":"https:\/\/ferreteriasolera.com\/?post_type=product&#038;p=1039"},"modified":"2023-10-01T09:41:58","modified_gmt":"2023-10-01T09:41:58","slug":"taladro-percutor-a-bateria-worgrip","status":"publish","type":"product","link":"https:\/\/ferreteriasolera.com\/en\/product\/taladro-percutor-a-bateria-worgrip\/","title":{"rendered":"TALADRO PERCUTOR A BATERIA WORGRIP"},"content":{"rendered":"<p>&nbsp;<\/p>\n<p>&nbsp;<\/p>\n<p>Taladro percutor a bater\u00eda a 20V bater\u00eda 2.0 Ah &#8211; Luz led integrada &#8211; Empu\u00f1adura ergon\u00f3mica.<\/p>\n<p>2 VEL : Posici\u00f3n 1: 0-450 rpm\/min \/ Posici\u00f3n 2: 0-1800 rpm\/min.<\/p>\n<p>Portabrocas autom\u00e1tico: \u00d8 13 mm. &#8211; Par m\u00e1ximo: 58 Nm. &#8211; Anillo ajuste del Par: 21+3.<\/p>\n<p>Cambio de sentido de giro &#8211; Compatible con bater\u00edas Worgrip de 20V.<\/p>\n<p>Malet\u00edn r\u00edgido de PVC que incluye: bater\u00eda de litio 2.0 Ah, cargador r\u00e1pido, soporte cintur\u00f3n y 13 accesorios.<\/p>","protected":false},"excerpt":{"rendered":"<p>&nbsp; &nbsp; Taladro percutor a bater\u00eda a 20V bater\u00eda 2.0 Ah &#8211; Luz led integrada &#8211; Empu\u00f1adura ergon\u00f3mica. 2 VEL : Posici\u00f3n 1: 0-450 rpm\/min \/ Posici\u00f3n 2: 0-1800 rpm\/min. Portabrocas autom\u00e1tico: \u00d8 13 mm. &#8211; Par m\u00e1ximo: 58 Nm. &#8211; Anillo ajuste del Par: 21+3. Cambio de sentido de giro &#8211; Compatible con bater\u00edas [&hellip;]<\/p>\n","protected":false},"featured_media":1040,"template":"","meta":[],"product_brand":[],"product_cat":[28,32],"product_tag":[],"class_list":{"0":"post-1039","1":"product","2":"type-product","3":"status-publish","4":"has-post-thumbnail","6":"product_cat-herramientas","7":"product_cat-herrameintas-bateria","9":"first","10":"instock","11":"sale","12":"taxable","13":"shipping-taxable","14":"purchasable","15":"product-type-simple"},"_links":{"self":[{"href":"https:\/\/ferreteriasolera.com\/en\/wp-json\/wp\/v2\/product\/1039","targetHints":{"allow":["GET"]}}],"collection":[{"href":"https:\/\/ferreteriasolera.com\/en\/wp-json\/wp\/v2\/product"}],"about":[{"href":"https:\/\/ferreteriasolera.com\/en\/wp-json\/wp\/v2\/types\/product"}],"wp:featuredmedia":[{"embeddable":true,"href":"https:\/\/ferreteriasolera.com\/en\/wp-json\/wp\/v2\/media\/1040"}],"wp:attachment":[{"href":"https:\/\/ferreteriasolera.com\/en\/wp-json\/wp\/v2\/media?parent=1039"}],"wp:term":[{"taxonomy":"product_brand","embeddable":true,"href":"https:\/\/ferreteriasolera.com\/en\/wp-json\/wp\/v2\/product_brand?post=1039"},{"taxonomy":"product_cat","embeddable":true,"href":"https:\/\/ferreteriasolera.com\/en\/wp-json\/wp\/v2\/product_cat?post=1039"},{"taxonomy":"product_tag","embeddable":true,"href":"https:\/\/ferreteriasolera.com\/en\/wp-json\/wp\/v2\/product_tag?post=1039"}],"curies":[{"name":"wp","href":"https:\/\/api.w.org\/{rel}","templated":true}]}}