{"id":1041,"date":"2023-10-01T09:45:20","date_gmt":"2023-10-01T09:45:20","guid":{"rendered":"https:\/\/ferreteriasolera.com\/?post_type=product&#038;p=1041"},"modified":"2026-03-06T07:51:06","modified_gmt":"2026-03-06T07:51:06","slug":"taladro-atornillador-a-bateria-worgrip","status":"publish","type":"product","link":"https:\/\/ferreteriasolera.com\/en\/product\/taladro-atornillador-a-bateria-worgrip\/","title":{"rendered":"TALADRO ATORNILLADOR A BATERIA WORGRIP"},"content":{"rendered":"<p>Taladro atornillador con bater\u00eda de litio incluida.<\/p>\n<p>Velocidad variable: 0-400 a 0-1500\/min<\/p>\n<p>Par m\u00e1ximo: 30 Nm.<\/p>\n<p>Portabrocas de 08-10 mm.<\/p>\n<p>Malet\u00edn r\u00edgido de PVC que incluye: bater\u00eda de litio 1.3 Ah, cargador r\u00e1pido, soporte cintur\u00f3n y 13 accesorios.<\/p>","protected":false},"excerpt":{"rendered":"<p>Taladro atornillador con bater\u00eda de litio incluida. Velocidad variable: 0-400 a 0-1500\/min Par m\u00e1ximo: 30 Nm. Portabrocas de 08-10 mm. Malet\u00edn r\u00edgido de PVC que incluye: bater\u00eda de litio 1.3 Ah, cargador r\u00e1pido, soporte cintur\u00f3n y 13 accesorios.<\/p>","protected":false},"featured_media":1042,"template":"","meta":[],"product_brand":[],"product_cat":[28,32],"product_tag":[],"class_list":{"0":"post-1041","1":"product","2":"type-product","3":"status-publish","4":"has-post-thumbnail","6":"product_cat-herramientas","7":"product_cat-herrameintas-bateria","9":"first","10":"instock","11":"taxable","12":"shipping-taxable","13":"purchasable","14":"product-type-simple"},"_links":{"self":[{"href":"https:\/\/ferreteriasolera.com\/en\/wp-json\/wp\/v2\/product\/1041","targetHints":{"allow":["GET"]}}],"collection":[{"href":"https:\/\/ferreteriasolera.com\/en\/wp-json\/wp\/v2\/product"}],"about":[{"href":"https:\/\/ferreteriasolera.com\/en\/wp-json\/wp\/v2\/types\/product"}],"wp:featuredmedia":[{"embeddable":true,"href":"https:\/\/ferreteriasolera.com\/en\/wp-json\/wp\/v2\/media\/1042"}],"wp:attachment":[{"href":"https:\/\/ferreteriasolera.com\/en\/wp-json\/wp\/v2\/media?parent=1041"}],"wp:term":[{"taxonomy":"product_brand","embeddable":true,"href":"https:\/\/ferreteriasolera.com\/en\/wp-json\/wp\/v2\/product_brand?post=1041"},{"taxonomy":"product_cat","embeddable":true,"href":"https:\/\/ferreteriasolera.com\/en\/wp-json\/wp\/v2\/product_cat?post=1041"},{"taxonomy":"product_tag","embeddable":true,"href":"https:\/\/ferreteriasolera.com\/en\/wp-json\/wp\/v2\/product_tag?post=1041"}],"curies":[{"name":"wp","href":"https:\/\/api.w.org\/{rel}","templated":true}]}}