{"id":1043,"date":"2023-10-01T09:48:09","date_gmt":"2023-10-01T09:48:09","guid":{"rendered":"https:\/\/ferreteriasolera.com\/?post_type=product&#038;p=1043"},"modified":"2023-10-01T09:48:23","modified_gmt":"2023-10-01T09:48:23","slug":"taladro-demoledor-worgrip-sds-1500w","status":"publish","type":"product","link":"https:\/\/ferreteriasolera.com\/en\/product\/taladro-demoledor-worgrip-sds-1500w\/","title":{"rendered":"TALADRO DEMOLEDOR WORGRIP SDS 1500W"},"content":{"rendered":"<p>Martillo demoledor SDS con 1500w de potencia .<\/p>\n<p>Sistema portabrocas de anclaje r\u00e1pido SDS. Tasa de incidencia: 4350 BPM<\/p>\n<p>Funciones: taladro\/percutor\/cincelado. RPM: 900\/min.<\/p>\n<p>Sistema ergon\u00f3mico mejorado. Diam. perf. hormig\u00f3n: m\u00e1x. 32mm.<\/p>\n<p>Malet\u00edn r\u00edgido de PVC que incluye: empu\u00f1adura, tope de profundidad, grasa, brocas y cinceles, cepillos de carbono y protector polvo.<\/p>","protected":false},"excerpt":{"rendered":"<p>Martillo demoledor SDS con 1500w de potencia . Sistema portabrocas de anclaje r\u00e1pido SDS. Tasa de incidencia: 4350 BPM Funciones: taladro\/percutor\/cincelado. RPM: 900\/min. Sistema ergon\u00f3mico mejorado. Diam. perf. hormig\u00f3n: m\u00e1x. 32mm. Malet\u00edn r\u00edgido de PVC que incluye: empu\u00f1adura, tope de profundidad, grasa, brocas y cinceles, cepillos de carbono y protector polvo.<\/p>","protected":false},"featured_media":1044,"template":"","meta":[],"product_brand":[],"product_cat":[28],"product_tag":[],"class_list":{"0":"post-1043","1":"product","2":"type-product","3":"status-publish","4":"has-post-thumbnail","6":"product_cat-herramientas","8":"first","9":"instock","10":"taxable","11":"shipping-taxable","12":"purchasable","13":"product-type-simple"},"_links":{"self":[{"href":"https:\/\/ferreteriasolera.com\/en\/wp-json\/wp\/v2\/product\/1043","targetHints":{"allow":["GET"]}}],"collection":[{"href":"https:\/\/ferreteriasolera.com\/en\/wp-json\/wp\/v2\/product"}],"about":[{"href":"https:\/\/ferreteriasolera.com\/en\/wp-json\/wp\/v2\/types\/product"}],"wp:featuredmedia":[{"embeddable":true,"href":"https:\/\/ferreteriasolera.com\/en\/wp-json\/wp\/v2\/media\/1044"}],"wp:attachment":[{"href":"https:\/\/ferreteriasolera.com\/en\/wp-json\/wp\/v2\/media?parent=1043"}],"wp:term":[{"taxonomy":"product_brand","embeddable":true,"href":"https:\/\/ferreteriasolera.com\/en\/wp-json\/wp\/v2\/product_brand?post=1043"},{"taxonomy":"product_cat","embeddable":true,"href":"https:\/\/ferreteriasolera.com\/en\/wp-json\/wp\/v2\/product_cat?post=1043"},{"taxonomy":"product_tag","embeddable":true,"href":"https:\/\/ferreteriasolera.com\/en\/wp-json\/wp\/v2\/product_tag?post=1043"}],"curies":[{"name":"wp","href":"https:\/\/api.w.org\/{rel}","templated":true}]}}