{"id":1045,"date":"2023-10-01T09:50:51","date_gmt":"2023-10-01T09:50:51","guid":{"rendered":"https:\/\/ferreteriasolera.com\/?post_type=product&#038;p=1045"},"modified":"2023-10-01T09:51:22","modified_gmt":"2023-10-01T09:51:22","slug":"amoladora-bateria-worgrip-pro-litio-4-0ah-115mm-20v","status":"publish","type":"product","link":"https:\/\/ferreteriasolera.com\/en\/product\/amoladora-bateria-worgrip-pro-litio-4-0ah-115mm-20v\/","title":{"rendered":"AMOLADORA BATER\u00cdA WORGRIP PRO LITIO 4.0AH 115MM 20V"},"content":{"rendered":"<p>Amoladora Worgrip de 20V de potencia.<\/p>\n<p>Gatillo de encendido &#8211; 8500 RPM.<\/p>\n<p>Protector chispas met\u00e1lico &#8211; Di\u00e1metro del disco 115 mm &#8211; M\u00e9trico M14<\/p>\n<p>Mango auxiliar engomado &#8211; Tiempo de carga 120 min &#8211; Compatible con bater\u00edas Worgrip de 20V.<\/p>\n<p>Malet\u00edn r\u00edgido de PVC que incluye: bater\u00eda litio 4.0Ah, cargador r\u00e1pido, llave de cambio y empu\u00f1adura.<\/p>","protected":false},"excerpt":{"rendered":"<p>Amoladora Worgrip de 20V de potencia. Gatillo de encendido &#8211; 8500 RPM. Protector chispas met\u00e1lico &#8211; Di\u00e1metro del disco 115 mm &#8211; M\u00e9trico M14 Mango auxiliar engomado &#8211; Tiempo de carga 120 min &#8211; Compatible con bater\u00edas Worgrip de 20V. Malet\u00edn r\u00edgido de PVC que incluye: bater\u00eda litio 4.0Ah, cargador r\u00e1pido, llave de cambio y [&hellip;]<\/p>\n","protected":false},"featured_media":1046,"template":"","meta":[],"product_brand":[],"product_cat":[28,32],"product_tag":[],"class_list":{"0":"post-1045","1":"product","2":"type-product","3":"status-publish","4":"has-post-thumbnail","6":"product_cat-herramientas","7":"product_cat-herrameintas-bateria","9":"first","10":"instock","11":"taxable","12":"shipping-taxable","13":"purchasable","14":"product-type-simple"},"_links":{"self":[{"href":"https:\/\/ferreteriasolera.com\/en\/wp-json\/wp\/v2\/product\/1045","targetHints":{"allow":["GET"]}}],"collection":[{"href":"https:\/\/ferreteriasolera.com\/en\/wp-json\/wp\/v2\/product"}],"about":[{"href":"https:\/\/ferreteriasolera.com\/en\/wp-json\/wp\/v2\/types\/product"}],"wp:featuredmedia":[{"embeddable":true,"href":"https:\/\/ferreteriasolera.com\/en\/wp-json\/wp\/v2\/media\/1046"}],"wp:attachment":[{"href":"https:\/\/ferreteriasolera.com\/en\/wp-json\/wp\/v2\/media?parent=1045"}],"wp:term":[{"taxonomy":"product_brand","embeddable":true,"href":"https:\/\/ferreteriasolera.com\/en\/wp-json\/wp\/v2\/product_brand?post=1045"},{"taxonomy":"product_cat","embeddable":true,"href":"https:\/\/ferreteriasolera.com\/en\/wp-json\/wp\/v2\/product_cat?post=1045"},{"taxonomy":"product_tag","embeddable":true,"href":"https:\/\/ferreteriasolera.com\/en\/wp-json\/wp\/v2\/product_tag?post=1045"}],"curies":[{"name":"wp","href":"https:\/\/api.w.org\/{rel}","templated":true}]}}