{"id":1103,"date":"2023-10-06T09:07:18","date_gmt":"2023-10-06T09:07:18","guid":{"rendered":"https:\/\/ferreteriasolera.com\/?post_type=product&#038;p=1103"},"modified":"2025-06-02T16:35:41","modified_gmt":"2025-06-02T16:35:41","slug":"reja-tungsteno-8mm","status":"publish","type":"product","link":"https:\/\/ferreteriasolera.com\/en\/product\/reja-tungsteno-8mm\/","title":{"rendered":"REJA TUNGSTENO 8MM"},"content":{"rendered":"<p>&nbsp;<\/p>\n<p>&nbsp;<\/p>\n<p>Reja de tungsteno para arados. De 8 mm de grosor y medidas de 300 mm de ancho y 270 mm de alto. Con nervio. Esta reja es una de las m\u00e1s duraderas por su configuraci\u00f3n y sus materales que le dan una fuerte resistencia a la abrasi\u00f3n y al desgaste en los terrenos m\u00e1s complicados para labores agr\u00edcolas.<\/p>","protected":false},"excerpt":{"rendered":"<p>&nbsp; &nbsp; Reja de tungsteno para arados. De 8 mm de grosor y medidas de 300 mm de ancho y 270 mm de alto. Con nervio. Esta reja es una de las m\u00e1s duraderas por su configuraci\u00f3n y sus materales que le dan una fuerte resistencia a la abrasi\u00f3n y al desgaste en los terrenos [&hellip;]<\/p>\n","protected":false},"featured_media":1104,"template":"","meta":[],"product_brand":[],"product_cat":[46],"product_tag":[],"class_list":{"0":"post-1103","1":"product","2":"type-product","3":"status-publish","4":"has-post-thumbnail","6":"product_cat-recambios-agricolas","8":"first","9":"instock","10":"taxable","11":"shipping-taxable","12":"purchasable","13":"product-type-simple"},"_links":{"self":[{"href":"https:\/\/ferreteriasolera.com\/en\/wp-json\/wp\/v2\/product\/1103","targetHints":{"allow":["GET"]}}],"collection":[{"href":"https:\/\/ferreteriasolera.com\/en\/wp-json\/wp\/v2\/product"}],"about":[{"href":"https:\/\/ferreteriasolera.com\/en\/wp-json\/wp\/v2\/types\/product"}],"wp:featuredmedia":[{"embeddable":true,"href":"https:\/\/ferreteriasolera.com\/en\/wp-json\/wp\/v2\/media\/1104"}],"wp:attachment":[{"href":"https:\/\/ferreteriasolera.com\/en\/wp-json\/wp\/v2\/media?parent=1103"}],"wp:term":[{"taxonomy":"product_brand","embeddable":true,"href":"https:\/\/ferreteriasolera.com\/en\/wp-json\/wp\/v2\/product_brand?post=1103"},{"taxonomy":"product_cat","embeddable":true,"href":"https:\/\/ferreteriasolera.com\/en\/wp-json\/wp\/v2\/product_cat?post=1103"},{"taxonomy":"product_tag","embeddable":true,"href":"https:\/\/ferreteriasolera.com\/en\/wp-json\/wp\/v2\/product_tag?post=1103"}],"curies":[{"name":"wp","href":"https:\/\/api.w.org\/{rel}","templated":true}]}}