{"id":1107,"date":"2023-10-06T09:51:23","date_gmt":"2023-10-06T09:51:23","guid":{"rendered":"https:\/\/ferreteriasolera.com\/?post_type=product&#038;p=1107"},"modified":"2025-06-02T16:35:18","modified_gmt":"2025-06-02T16:35:18","slug":"reja-binadora-c4-a-ala-ancha","status":"publish","type":"product","link":"https:\/\/ferreteriasolera.com\/en\/product\/reja-binadora-c4-a-ala-ancha\/","title":{"rendered":"REJA BINADORA C4\/A (ala ancha)"},"content":{"rendered":"<p>&nbsp;<\/p>\n<p>La\u00a0<strong><a href=\"https:\/\/agrocor.es\/categoria-producto\/agricola\/recambios-y-accesorios-agricolas\/rejas-cultivador\/\" target=\"_blank\" rel=\"noopener\">Reja\u00a0<\/a><\/strong>binadora C4\/A (ala ancha) para cultivador trabaja en paralelo al suelo cortando las ra\u00edces y elevando las plantas realizando la labor de extirpaci\u00f3n sin voltear el perfil del suelo. Las rejas para cultivador<br \/>\nestrechas y alargadas, realizan el trabajo de escarificaci\u00f3n, ayudando a romper el suelo endurecido y aplastando los terrones.<\/p>\n<p>ESPECIFICACIONES:<\/p>\n<ul>\n<li>Ancho: 355 mm.<\/li>\n<li>Alto: 240 mm<\/li>\n<li>Espesor: 6 mm<\/li>\n<li>Peso: 1650 grs<\/li>\n<\/ul>","protected":false},"excerpt":{"rendered":"<p>&nbsp; La\u00a0Reja\u00a0binadora C4\/A (ala ancha) para cultivador trabaja en paralelo al suelo cortando las ra\u00edces y elevando las plantas realizando la labor de extirpaci\u00f3n sin voltear el perfil del suelo. Las rejas para cultivador estrechas y alargadas, realizan el trabajo de escarificaci\u00f3n, ayudando a romper el suelo endurecido y aplastando los terrones. ESPECIFICACIONES: Ancho: 355 [&hellip;]<\/p>\n","protected":false},"featured_media":1108,"template":"","meta":[],"product_brand":[],"product_cat":[46],"product_tag":[],"class_list":{"0":"post-1107","1":"product","2":"type-product","3":"status-publish","4":"has-post-thumbnail","6":"product_cat-recambios-agricolas","8":"first","9":"instock","10":"taxable","11":"shipping-taxable","12":"purchasable","13":"product-type-simple"},"_links":{"self":[{"href":"https:\/\/ferreteriasolera.com\/en\/wp-json\/wp\/v2\/product\/1107","targetHints":{"allow":["GET"]}}],"collection":[{"href":"https:\/\/ferreteriasolera.com\/en\/wp-json\/wp\/v2\/product"}],"about":[{"href":"https:\/\/ferreteriasolera.com\/en\/wp-json\/wp\/v2\/types\/product"}],"wp:featuredmedia":[{"embeddable":true,"href":"https:\/\/ferreteriasolera.com\/en\/wp-json\/wp\/v2\/media\/1108"}],"wp:attachment":[{"href":"https:\/\/ferreteriasolera.com\/en\/wp-json\/wp\/v2\/media?parent=1107"}],"wp:term":[{"taxonomy":"product_brand","embeddable":true,"href":"https:\/\/ferreteriasolera.com\/en\/wp-json\/wp\/v2\/product_brand?post=1107"},{"taxonomy":"product_cat","embeddable":true,"href":"https:\/\/ferreteriasolera.com\/en\/wp-json\/wp\/v2\/product_cat?post=1107"},{"taxonomy":"product_tag","embeddable":true,"href":"https:\/\/ferreteriasolera.com\/en\/wp-json\/wp\/v2\/product_tag?post=1107"}],"curies":[{"name":"wp","href":"https:\/\/api.w.org\/{rel}","templated":true}]}}