{"id":1115,"date":"2023-10-06T10:10:41","date_gmt":"2023-10-06T10:10:41","guid":{"rendered":"https:\/\/ferreteriasolera.com\/?post_type=product&#038;p=1115"},"modified":"2025-06-02T16:34:40","modified_gmt":"2025-06-02T16:34:40","slug":"reja-la-pina-r20","status":"publish","type":"product","link":"https:\/\/ferreteriasolera.com\/en\/product\/reja-la-pina-r20\/","title":{"rendered":"REJA VERNETE LA PI\u00d1A R20"},"content":{"rendered":"<p>&nbsp;<\/p>\n<p>Reja recambio para cultivador LA PI\u00d1A construida de acero al boro bajo un excelente tratamiento t\u00e9rmico que proporciona m\u00ednimo desgaste en contacto con la tierra y gran resistencia mec\u00e1nica para aguantar cargas de torsi\u00f3n e impacto en su trabajo.<\/p>","protected":false},"excerpt":{"rendered":"<p>&nbsp; Reja recambio para cultivador LA PI\u00d1A construida de acero al boro bajo un excelente tratamiento t\u00e9rmico que proporciona m\u00ednimo desgaste en contacto con la tierra y gran resistencia mec\u00e1nica para aguantar cargas de torsi\u00f3n e impacto en su trabajo.<\/p>","protected":false},"featured_media":1114,"template":"","meta":[],"product_brand":[],"product_cat":[46],"product_tag":[],"class_list":{"0":"post-1115","1":"product","2":"type-product","3":"status-publish","4":"has-post-thumbnail","6":"product_cat-recambios-agricolas","8":"first","9":"instock","10":"taxable","11":"shipping-taxable","12":"purchasable","13":"product-type-simple"},"_links":{"self":[{"href":"https:\/\/ferreteriasolera.com\/en\/wp-json\/wp\/v2\/product\/1115","targetHints":{"allow":["GET"]}}],"collection":[{"href":"https:\/\/ferreteriasolera.com\/en\/wp-json\/wp\/v2\/product"}],"about":[{"href":"https:\/\/ferreteriasolera.com\/en\/wp-json\/wp\/v2\/types\/product"}],"wp:featuredmedia":[{"embeddable":true,"href":"https:\/\/ferreteriasolera.com\/en\/wp-json\/wp\/v2\/media\/1114"}],"wp:attachment":[{"href":"https:\/\/ferreteriasolera.com\/en\/wp-json\/wp\/v2\/media?parent=1115"}],"wp:term":[{"taxonomy":"product_brand","embeddable":true,"href":"https:\/\/ferreteriasolera.com\/en\/wp-json\/wp\/v2\/product_brand?post=1115"},{"taxonomy":"product_cat","embeddable":true,"href":"https:\/\/ferreteriasolera.com\/en\/wp-json\/wp\/v2\/product_cat?post=1115"},{"taxonomy":"product_tag","embeddable":true,"href":"https:\/\/ferreteriasolera.com\/en\/wp-json\/wp\/v2\/product_tag?post=1115"}],"curies":[{"name":"wp","href":"https:\/\/api.w.org\/{rel}","templated":true}]}}