{"id":1119,"date":"2023-10-06T10:20:46","date_gmt":"2023-10-06T10:20:46","guid":{"rendered":"https:\/\/ferreteriasolera.com\/?post_type=product&#038;p=1119"},"modified":"2025-06-02T16:34:15","modified_gmt":"2025-06-02T16:34:15","slug":"reja-vernete-r-91","status":"publish","type":"product","link":"https:\/\/ferreteriasolera.com\/en\/product\/reja-vernete-r-91\/","title":{"rendered":"REJA VERNETE R-91"},"content":{"rendered":"<p>&nbsp;<\/p>\n<p>&nbsp;<\/p>\n<p>Reja vernete con grosor de 6 mm de espesor y forjada con acero al boro que es sometida a un tratamiento t\u00e9rmico que le proporciona gran resistencia mec\u00e1nica para soportar cargas de torsi\u00f3n e impactos y un m\u00ednimo desgaste en contacto con la tierra.<\/p>","protected":false},"excerpt":{"rendered":"<p>&nbsp; &nbsp; Reja vernete con grosor de 6 mm de espesor y forjada con acero al boro que es sometida a un tratamiento t\u00e9rmico que le proporciona gran resistencia mec\u00e1nica para soportar cargas de torsi\u00f3n e impactos y un m\u00ednimo desgaste en contacto con la tierra.<\/p>","protected":false},"featured_media":1123,"template":"","meta":[],"product_brand":[],"product_cat":[46],"product_tag":[],"class_list":{"0":"post-1119","1":"product","2":"type-product","3":"status-publish","4":"has-post-thumbnail","6":"product_cat-recambios-agricolas","8":"first","9":"instock","10":"taxable","11":"shipping-taxable","12":"purchasable","13":"product-type-simple"},"_links":{"self":[{"href":"https:\/\/ferreteriasolera.com\/en\/wp-json\/wp\/v2\/product\/1119","targetHints":{"allow":["GET"]}}],"collection":[{"href":"https:\/\/ferreteriasolera.com\/en\/wp-json\/wp\/v2\/product"}],"about":[{"href":"https:\/\/ferreteriasolera.com\/en\/wp-json\/wp\/v2\/types\/product"}],"wp:featuredmedia":[{"embeddable":true,"href":"https:\/\/ferreteriasolera.com\/en\/wp-json\/wp\/v2\/media\/1123"}],"wp:attachment":[{"href":"https:\/\/ferreteriasolera.com\/en\/wp-json\/wp\/v2\/media?parent=1119"}],"wp:term":[{"taxonomy":"product_brand","embeddable":true,"href":"https:\/\/ferreteriasolera.com\/en\/wp-json\/wp\/v2\/product_brand?post=1119"},{"taxonomy":"product_cat","embeddable":true,"href":"https:\/\/ferreteriasolera.com\/en\/wp-json\/wp\/v2\/product_cat?post=1119"},{"taxonomy":"product_tag","embeddable":true,"href":"https:\/\/ferreteriasolera.com\/en\/wp-json\/wp\/v2\/product_tag?post=1119"}],"curies":[{"name":"wp","href":"https:\/\/api.w.org\/{rel}","templated":true}]}}