{"id":1121,"date":"2023-10-06T10:27:49","date_gmt":"2023-10-06T10:27:49","guid":{"rendered":"https:\/\/ferreteriasolera.com\/?post_type=product&#038;p=1121"},"modified":"2023-10-06T10:27:58","modified_gmt":"2023-10-06T10:27:58","slug":"tornillo-arado-88-m-12x60","status":"publish","type":"product","link":"https:\/\/ferreteriasolera.com\/en\/product\/tornillo-arado-88-m-12x60\/","title":{"rendered":"TORNILLO ARADO 8`8 M- 12X60"},"content":{"rendered":"<p>&nbsp;<\/p>\n<p>Tornillo de arado DIN 608 de cabeza avellanada y cuello cuadrado especial para el montaje de rejas de arado. Se trata de un tornillo de calidad 8.8 que cuenta con una gran resistencia al desgaste y una excelente relaci\u00f3n entre dureza y flexibilidad para evitar posibles roturas causadas por un atranque o enganche. Este tornillo de calidad est\u00e1 fabricado mediante el proceso de estampaci\u00f3n en fr\u00edo con un posterior tratamiento t\u00e9rmico y de engrasado para evitar su oxidaci\u00f3n. Incluye una tuerca hexagonal DIN 934. Seg\u00fan la medida, el tornillo est\u00e1 disponible en cajas de 100 o 50 unidades.<\/p>","protected":false},"excerpt":{"rendered":"<p>&nbsp; Tornillo de arado DIN 608 de cabeza avellanada y cuello cuadrado especial para el montaje de rejas de arado. Se trata de un tornillo de calidad 8.8 que cuenta con una gran resistencia al desgaste y una excelente relaci\u00f3n entre dureza y flexibilidad para evitar posibles roturas causadas por un atranque o enganche. Este [&hellip;]<\/p>\n","protected":false},"featured_media":1122,"template":"","meta":[],"product_brand":[],"product_cat":[46],"product_tag":[],"class_list":{"0":"post-1121","1":"product","2":"type-product","3":"status-publish","4":"has-post-thumbnail","6":"product_cat-recambios-agricolas","8":"first","9":"instock","10":"taxable","11":"shipping-taxable","12":"purchasable","13":"product-type-simple"},"_links":{"self":[{"href":"https:\/\/ferreteriasolera.com\/en\/wp-json\/wp\/v2\/product\/1121","targetHints":{"allow":["GET"]}}],"collection":[{"href":"https:\/\/ferreteriasolera.com\/en\/wp-json\/wp\/v2\/product"}],"about":[{"href":"https:\/\/ferreteriasolera.com\/en\/wp-json\/wp\/v2\/types\/product"}],"wp:featuredmedia":[{"embeddable":true,"href":"https:\/\/ferreteriasolera.com\/en\/wp-json\/wp\/v2\/media\/1122"}],"wp:attachment":[{"href":"https:\/\/ferreteriasolera.com\/en\/wp-json\/wp\/v2\/media?parent=1121"}],"wp:term":[{"taxonomy":"product_brand","embeddable":true,"href":"https:\/\/ferreteriasolera.com\/en\/wp-json\/wp\/v2\/product_brand?post=1121"},{"taxonomy":"product_cat","embeddable":true,"href":"https:\/\/ferreteriasolera.com\/en\/wp-json\/wp\/v2\/product_cat?post=1121"},{"taxonomy":"product_tag","embeddable":true,"href":"https:\/\/ferreteriasolera.com\/en\/wp-json\/wp\/v2\/product_tag?post=1121"}],"curies":[{"name":"wp","href":"https:\/\/api.w.org\/{rel}","templated":true}]}}