{"id":1153,"date":"2023-10-06T17:52:42","date_gmt":"2023-10-06T17:52:42","guid":{"rendered":"https:\/\/ferreteriasolera.com\/?post_type=product&#038;p=1153"},"modified":"2026-03-06T08:03:08","modified_gmt":"2026-03-06T08:03:08","slug":"bateria-litio-ion-para-f3015","status":"publish","type":"product","link":"https:\/\/ferreteriasolera.com\/en\/product\/bateria-litio-ion-para-f3015\/","title":{"rendered":"BATER\u00cdA LITIO-ION PARA F3015"},"content":{"rendered":"<p>&nbsp;<\/p>\n<p>&nbsp;<\/p>\n<div id=\"product-description-short-2671\" class=\"product-description-short typo sm-bottom\">\n<p>La bater\u00eda de Litio-ion Cobalto pesa solamente 810g. Los acumuladores de esta bater\u00eda fueron seleccionados especialmente por su fiabilidad con el paso del tiempo y por su aptitud a suministrar corrientes fuertes.<\/p>\n<ul>\n<li>Peso: 810g<\/li>\n<li>Autonom\u00eda jornada completa 9h*<\/li>\n<li>Bater\u00eda equipada de un sistema electr\u00f3nico de gesti\u00f3n y protecci\u00f3n de los acumuladores\u00a0 (BMS).<\/li>\n<li>C\u00e9lulas LITIO de alta capacidad &#8211; Tecnolog\u00eda de acumuladores POWERTOOLS<\/li>\n<li>C\u00e9lulas tipo \u00abFuerte potencia\u00bb inteligencia \u00abLong Life\u00bb.<\/li>\n<\/ul>\n<\/div>\n<div class=\"product-attributes mb-2 js-product-attributes-destination\">\n<div class=\"attribute-item product-manufacturer\"><label>Marca<\/label>\u00a0<a class=\"li-a\" href=\"https:\/\/agriman.es\/72_infaco-electrocoup\" target=\"_blank\" rel=\"noopener\">INFACO ELECTROCOUP<\/a><\/div>\n<div class=\"attribute-item product-reference\"><label>Referencia<\/label>\u00a0831B<\/div>\n<\/div>","protected":false},"excerpt":{"rendered":"<p>&nbsp; &nbsp; La bater\u00eda de Litio-ion Cobalto pesa solamente 810g. Los acumuladores de esta bater\u00eda fueron seleccionados especialmente por su fiabilidad con el paso del tiempo y por su aptitud a suministrar corrientes fuertes. Peso: 810g Autonom\u00eda jornada completa 9h* Bater\u00eda equipada de un sistema electr\u00f3nico de gesti\u00f3n y protecci\u00f3n de los acumuladores\u00a0 (BMS). C\u00e9lulas [&hellip;]<\/p>\n","protected":false},"featured_media":1154,"template":"","meta":[],"product_brand":[],"product_cat":[42],"product_tag":[],"class_list":{"0":"post-1153","1":"product","2":"type-product","3":"status-publish","4":"has-post-thumbnail","6":"product_cat-repuesto-tijeras-de-poda","8":"first","9":"instock","10":"taxable","11":"shipping-taxable","12":"purchasable","13":"product-type-simple"},"_links":{"self":[{"href":"https:\/\/ferreteriasolera.com\/en\/wp-json\/wp\/v2\/product\/1153","targetHints":{"allow":["GET"]}}],"collection":[{"href":"https:\/\/ferreteriasolera.com\/en\/wp-json\/wp\/v2\/product"}],"about":[{"href":"https:\/\/ferreteriasolera.com\/en\/wp-json\/wp\/v2\/types\/product"}],"wp:featuredmedia":[{"embeddable":true,"href":"https:\/\/ferreteriasolera.com\/en\/wp-json\/wp\/v2\/media\/1154"}],"wp:attachment":[{"href":"https:\/\/ferreteriasolera.com\/en\/wp-json\/wp\/v2\/media?parent=1153"}],"wp:term":[{"taxonomy":"product_brand","embeddable":true,"href":"https:\/\/ferreteriasolera.com\/en\/wp-json\/wp\/v2\/product_brand?post=1153"},{"taxonomy":"product_cat","embeddable":true,"href":"https:\/\/ferreteriasolera.com\/en\/wp-json\/wp\/v2\/product_cat?post=1153"},{"taxonomy":"product_tag","embeddable":true,"href":"https:\/\/ferreteriasolera.com\/en\/wp-json\/wp\/v2\/product_tag?post=1153"}],"curies":[{"name":"wp","href":"https:\/\/api.w.org\/{rel}","templated":true}]}}