{"id":465,"date":"2023-07-11T23:14:19","date_gmt":"2023-07-11T23:14:19","guid":{"rendered":"https:\/\/ferreteriasolera.com\/?post_type=product&#038;p=465"},"modified":"2026-03-06T08:05:28","modified_gmt":"2026-03-06T08:05:28","slug":"tijera-poda-electrocoup-f3020-cabezal-medio","status":"publish","type":"product","link":"https:\/\/ferreteriasolera.com\/en\/product\/tijera-poda-electrocoup-f3020-cabezal-medio\/","title":{"rendered":"Tijera Poda Electrocoup F3020 Cabezal Medio"},"content":{"rendered":"<p>Compacto y ligero: pesa 835 g.<br \/>\nCarcasa ergon\u00f3mica de agarre suave.<br \/>\nPotencia excepcional: corta material de 45 mm de di\u00e1metro<br \/>\nCabezales de corte intercambiables que cortan hasta 55 mm de di\u00e1metro.<br \/>\nProtecci\u00f3n del usuario con sistema de seguridad anticorte inal\u00e1mbrico.<br \/>\nInformaci\u00f3n como el n\u00famero de cortes, etc., almacenada en el tel\u00e9fono.<br \/>\nEl conjunto incluye:-<br \/>\n&#8211; 1 x Auricular completo con cabezal est\u00e1ndar<br \/>\n&#8211; 1 x Bater\u00eda de LITIO ultracompacta de 108Wh<br \/>\n&#8211; 1 cargador<br \/>\n&#8211; 1 x Grasa especial<br \/>\n&#8211; 1 x Cuchilla sin recubrimiento de repuesto<br \/>\n&#8211; 1 piedra de afilar.<br \/>\n&#8211; 1 x Herramienta de cambio de hoja<br \/>\n&#8211; 1 x Chaleco y Cintur\u00f3n<br \/>\n&#8211; 1 x Malet\u00edn de transporte robusto.<\/p>","protected":false},"excerpt":{"rendered":"<p>La INFACO F3020 es ligera, compacta y f\u00e1cil de manejar y est\u00e1 cargada de avances tecnol\u00f3gicos que aseguran que las mejores tijeras de podar el\u00e9ctricas del mundo est\u00e9n al alcance de todos nuestros clientes podadores.<\/p>","protected":false},"featured_media":466,"template":"","meta":[],"product_brand":[],"product_cat":[29],"product_tag":[],"class_list":{"0":"post-465","1":"product","2":"type-product","3":"status-publish","4":"has-post-thumbnail","6":"product_cat-tijeras-de-podar","8":"first","9":"instock","10":"taxable","11":"shipping-taxable","12":"purchasable","13":"product-type-simple"},"_links":{"self":[{"href":"https:\/\/ferreteriasolera.com\/en\/wp-json\/wp\/v2\/product\/465","targetHints":{"allow":["GET"]}}],"collection":[{"href":"https:\/\/ferreteriasolera.com\/en\/wp-json\/wp\/v2\/product"}],"about":[{"href":"https:\/\/ferreteriasolera.com\/en\/wp-json\/wp\/v2\/types\/product"}],"wp:featuredmedia":[{"embeddable":true,"href":"https:\/\/ferreteriasolera.com\/en\/wp-json\/wp\/v2\/media\/466"}],"wp:attachment":[{"href":"https:\/\/ferreteriasolera.com\/en\/wp-json\/wp\/v2\/media?parent=465"}],"wp:term":[{"taxonomy":"product_brand","embeddable":true,"href":"https:\/\/ferreteriasolera.com\/en\/wp-json\/wp\/v2\/product_brand?post=465"},{"taxonomy":"product_cat","embeddable":true,"href":"https:\/\/ferreteriasolera.com\/en\/wp-json\/wp\/v2\/product_cat?post=465"},{"taxonomy":"product_tag","embeddable":true,"href":"https:\/\/ferreteriasolera.com\/en\/wp-json\/wp\/v2\/product_tag?post=465"}],"curies":[{"name":"wp","href":"https:\/\/api.w.org\/{rel}","templated":true}]}}