{"id":467,"date":"2023-07-11T23:19:33","date_gmt":"2023-07-11T23:19:33","guid":{"rendered":"https:\/\/ferreteriasolera.com\/?post_type=product&#038;p=467"},"modified":"2023-09-25T10:47:47","modified_gmt":"2023-09-25T10:47:47","slug":"tijera-poda-electrocoup-f3015-cabezal-standard-infaco","status":"publish","type":"product","link":"https:\/\/ferreteriasolera.com\/en\/product\/tijera-poda-electrocoup-f3015-cabezal-standard-infaco\/","title":{"rendered":"TIJERA PODA ELECTROCOUP F3015 CABEZAL STANDARD INFACO"},"content":{"rendered":"<p>La podadora el\u00e9ctrica ELECTROCOUP F3015 es la nueva referencia. Herramienta dise\u00f1ada verdaderamente para los profesionales de la poda, la F3015 se posiciona en la continuidad de sus antecesores como una herramienta de calidad, fiable,\u00a0 aprobada con creces por todos sus usuarios en el mundo entero.<\/p>\n<p>Para elaborar este nuevo modelo se seleccionaron\u00a0 atentamente materiales de calidad.<br \/>\nAdem\u00e1s, se efectu\u00f3 una gran labor de Investigaci\u00f3n y Desarrollo con el fin de optimizar al m\u00e1ximo la compactibilidad y el peso de los principales \u00f3rganos. La sociedad INFACO eligi\u00f3 las tecnolog\u00edas\u00a0 \u00abBrushless\u00bb para el motor\u00a0 y \u00abLitio\u00bb para la bater\u00eda.<\/p>\n<p>El cuerpo de aluminio, la principal pieza de fijaci\u00f3n del conjunto de los \u00f3rganos de la podadora (de aleaci\u00f3n especial aeron\u00e1utica), tiene en lo sucesivo una <strong>GARANTIA VITALICIA<\/strong>.<\/p>\n<ul>\n<li><strong>Compacta y Ligera<\/strong>\u00a0: 790 g<\/li>\n<li><strong>Resultados :\u00a0\u00a0<\/strong>potencia y rapidez excepcionales<\/li>\n<li><strong>Gran capacidad de corte<\/strong>\u00a0: 40 mm Kit Est\u00e1ndar\/ 45 mm Kit Medium\/ 55 mm Kit M\u00e1xi<\/li>\n<li><strong>Ergon\u00f3mica y dise\u00f1o<\/strong><\/li>\n<li><strong>Soft integral antideslizamiento (muy agradable al tacto)<\/strong><\/li>\n<li><strong>Alta precisi\u00f3n de la progresividad<\/strong><\/li>\n<\/ul>\n<p>VISUALIZAR LOS DETALLES T\u00c9CNICOS:<\/p>\n<h2>REGLAJE ELECTR\u00d3NICO<br \/>\nDE LA SEMI-APERTURA<\/h2>\n<ul>\n<li>Elija una posici\u00f3n de semi-apertura\u00a0<strong>adaptada a su costumbre de poda<\/strong>.<\/li>\n<li><strong>10 posiciones\u00a0<\/strong>f\u00e1cilmente programables uno mismo para obtener la semi-apertura ideal.<\/li>\n<\/ul>\n<h2>REGLAJE ELECTR\u00d3NICO<br \/>\nDEL CRUCE DE LA CUCHILLA<\/h2>\n<ul>\n<li>Optimice la vida \u00fatil de las cuchillas gracias al\u00a0<strong>sistema electr\u00f3nico de gesti\u00f3n del cruce<\/strong>.<\/li>\n<li><strong>10 posiciones\u00a0<\/strong>f\u00e1cilmente programables para obtener el cruce de cuchilla ideal.<\/li>\n<\/ul>\n<h2>2 MODOS\u00a0DE FUNCIONAMIENTO<\/h2>\n<ul>\n<li><strong>CON SERVOMECANISMO<\/strong>: apertura\/cierre seg\u00fan la velocidad de maniobra del gatillo.<\/li>\n<li><strong>POR IMPULSOS:<\/strong>\u00a0pulsando el gatillo, cierre a la velocidad m\u00e1xima y soltando el gatillo, apertura a la velocidad m\u00e1xima.<\/li>\n<\/ul>\n<h2>BATER\u00cdA LITIO-ION<br \/>\nULTRA COMPACTA<\/h2>\n<p>La bater\u00eda de Litio-ion Cobalto pesa solamente 810g. Los acumuladores de esta bater\u00eda fueron seleccionados especialmente por su fiabilidad con el paso del tiempo y por su aptitud a suministrar corrientes fuertes.<\/p>\n<ul>\n<li>Bater\u00eda LITIO 120Wh<\/li>\n<li>Peso: 810g<\/li>\n<li>Autonom\u00eda jornada completa 9h*<\/li>\n<li>Bater\u00eda equipada de un sistema electr\u00f3nico de gesti\u00f3n y protecci\u00f3n de los acumuladores\u00a0 (BMS).<\/li>\n<li>C\u00e9lulas LITIO de alta capacidad &#8211; Tecnolog\u00eda de acumuladores POWERTOOLS<\/li>\n<li>C\u00e9lulas tipo \u00abFuerte potencia\u00bb inteligencia \u00abLong Life\u00bb.<\/li>\n<\/ul>\n<p><strong>BATER\u00cdA GARANTIZADA PRORRATA 5 A\u00d1OS<\/strong><br \/>\nExclusiva INFACO<br \/>\nConsultar condiciones de garant\u00eda en la gu\u00eda de utilizaci\u00f3n<\/p>\n<p>*seg\u00fan utilizaci\u00f3n y condiciones de almacenamiento<\/p>\n<h2>CHALECO BATER\u00cdA\u00a0F3015<\/h2>\n<p><strong>4 POSICIONES POSIBLES<\/strong><\/p>\n<p>El nuevo chaleco proporciona un excelente confort de utilizaci\u00f3n gracias a que la bater\u00eda se puede transportar de manera ajustable.<br \/>\nLa ligereza de la bater\u00eda asociada a este nuevo chaleco proporciona una sensaci\u00f3n de confort inmediato.<br \/>\nEl transporte de la nueva bater\u00eda F3015 puede efectuarse de 4 maneras diferentes :<\/p>\n<ul>\n<li>en un chaleco con tirantes<\/li>\n<li>en el cintur\u00f3n (sin los tirantes amovibles)<\/li>\n<li>con un clip cintur\u00f3n en el pantal\u00f3n<\/li>\n<li>directamente en el bolsillo gracias a su formato peque\u00f1o.<\/li>\n<\/ul>\n<p>El cintur\u00f3n se ha pensado para optimizar la circulaci\u00f3n del aire y permite as\u00ed disminuir considerablemente el efecto de transpiraci\u00f3n. Los tirantes del chaleco, bastante estrechos, reducen igualmente este efecto de transpiraci\u00f3n en la espalda.<\/p>","protected":false},"excerpt":{"rendered":"<p>Herramienta dise\u00f1ada verdaderamente para los profesionales de la poda, la tijera el\u00e9ctrica F3015 se posiciona en la continuidad de sus antecesoras como una herramienta de calidad, fiable, aprobada con creces por todos sus usuarios en el mundo entero.<\/p>","protected":false},"featured_media":468,"template":"","meta":[],"product_brand":[],"product_cat":[29],"product_tag":[],"class_list":{"0":"post-467","1":"product","2":"type-product","3":"status-publish","4":"has-post-thumbnail","6":"product_cat-tijeras-de-podar","8":"first","9":"outofstock","10":"taxable","11":"shipping-taxable","12":"purchasable","13":"product-type-simple"},"_links":{"self":[{"href":"https:\/\/ferreteriasolera.com\/en\/wp-json\/wp\/v2\/product\/467","targetHints":{"allow":["GET"]}}],"collection":[{"href":"https:\/\/ferreteriasolera.com\/en\/wp-json\/wp\/v2\/product"}],"about":[{"href":"https:\/\/ferreteriasolera.com\/en\/wp-json\/wp\/v2\/types\/product"}],"wp:featuredmedia":[{"embeddable":true,"href":"https:\/\/ferreteriasolera.com\/en\/wp-json\/wp\/v2\/media\/468"}],"wp:attachment":[{"href":"https:\/\/ferreteriasolera.com\/en\/wp-json\/wp\/v2\/media?parent=467"}],"wp:term":[{"taxonomy":"product_brand","embeddable":true,"href":"https:\/\/ferreteriasolera.com\/en\/wp-json\/wp\/v2\/product_brand?post=467"},{"taxonomy":"product_cat","embeddable":true,"href":"https:\/\/ferreteriasolera.com\/en\/wp-json\/wp\/v2\/product_cat?post=467"},{"taxonomy":"product_tag","embeddable":true,"href":"https:\/\/ferreteriasolera.com\/en\/wp-json\/wp\/v2\/product_tag?post=467"}],"curies":[{"name":"wp","href":"https:\/\/api.w.org\/{rel}","templated":true}]}}