{"id":473,"date":"2023-07-11T23:29:31","date_gmt":"2023-07-11T23:29:31","guid":{"rendered":"https:\/\/ferreteriasolera.com\/?post_type=product&#038;p=473"},"modified":"2023-09-25T10:46:52","modified_gmt":"2023-09-25T10:46:52","slug":"expandir-tijera-poda-electrocoup-f3015-medio-cabezal-wireless-sistema-anticortes-infaco","status":"publish","type":"product","link":"https:\/\/ferreteriasolera.com\/en\/product\/expandir-tijera-poda-electrocoup-f3015-medio-cabezal-wireless-sistema-anticortes-infaco\/","title":{"rendered":"Expandir TIJERA PODA ELECTROCOUP F3015 MEDIO CABEZAL, WIRELESS SISTEMA ANTICORTES INFACO"},"content":{"rendered":"<p>La podadora el\u00e9ctrica ELECTROCOUP F3015 es la nueva referencia. Herramienta dise\u00f1ada verdaderamente para los profesionales de la poda, la F3015 se posiciona en la continuidad de sus antecesores como una herramienta de calidad, fiable,\u00a0 aprobada con creces por todos sus usuarios en el mundo entero.<\/p>\n<p>Para elaborar este nuevo modelo se seleccionaron\u00a0 atentamente materiales de calidad.<br \/>\nAdem\u00e1s, se efectu\u00f3 una gran labor de Investigaci\u00f3n y Desarrollo con el fin de optimizar al m\u00e1ximo la compactibilidad y el peso de los principales \u00f3rganos. La sociedad INFACO eligi\u00f3 las tecnolog\u00edas\u00a0 \u00abBrushless\u00bb para el motor\u00a0 y \u00abLitio\u00bb para la bater\u00eda.<\/p>\n<p>El cuerpo de aluminio, la principal pieza de fijaci\u00f3n del conjunto de los \u00f3rganos de la podadora (de aleaci\u00f3n especial aeron\u00e1utica), tiene en lo sucesivo una<\/p>\n<p><strong>GARANTIA VITALICIA<\/strong>.<\/p>\n<p>&nbsp;<\/p>\n<p><iframe title=\"YouTube video player\" src=\"https:\/\/www.youtube.com\/embed\/xSuvLEKJdWc\" width=\"560\" height=\"315\" frameborder=\"0\" data-mce-fragment=\"1\"><\/iframe><\/p>\n<p><a href=\"https:\/\/www.infaco.com\/es\/productos\/f3015\/ficha-producto#revision-usine\" target=\"_blank\" rel=\"noopener\">M\u00c1S INFORMACI\u00d3N<\/a><\/p>\n<ul>\n<li><strong>\u00a0Compacta y Ligera<\/strong>\u00a0: 790 g<\/li>\n<li><strong>Resultados :\u00a0\u00a0<\/strong>potencia y rapidez excepcionales<\/li>\n<li><strong>Gran capacidad de corte<\/strong>\u00a0: 40 mm Kit Est\u00e1ndar\/ 45 mm Kit Medium\/ 55 mm Kit M\u00e1xi<\/li>\n<li><strong>Ergon\u00f3mica y dise\u00f1o<\/strong><\/li>\n<li><strong>Soft integral antideslizamiento (muy agradable al tacto)<\/strong><\/li>\n<li><strong>Alta precisi\u00f3n de la progresividad<\/strong><\/li>\n<\/ul>\n<p>VISUALIZAR LOS DETALLES T\u00c9CNICOS:<\/p>\n<h2>REGLAJE ELECTR\u00d3NICO<br \/>\nDE LA SEMI-APERTURA<\/h2>\n<ul>\n<li>Elija una posici\u00f3n de semi-apertura\u00a0<strong>adaptada a su costumbre de poda<\/strong>.<\/li>\n<li><strong>10 posiciones\u00a0<\/strong>f\u00e1cilmente programables uno mismo para obtener la semi-apertura ideal.<\/li>\n<\/ul>\n<h2>REGLAJE ELECTR\u00d3NICO<br \/>\nDEL CRUCE DE LA CUCHILLA<\/h2>\n<ul>\n<li>Optimice la vida \u00fatil de las cuchillas gracias al\u00a0<strong>sistema electr\u00f3nico de gesti\u00f3n del cruce<\/strong>.<\/li>\n<li><strong>10 posiciones\u00a0<\/strong>f\u00e1cilmente programables para obtener el cruce de cuchilla ideal.<\/li>\n<\/ul>\n<h2>2 MODOS\u00a0DE FUNCIONAMIENTO<\/h2>\n<ul>\n<li><strong>CON SERVOMECANISMO<\/strong>: apertura\/cierre seg\u00fan la velocidad de maniobra del gatillo.<\/li>\n<li><strong>POR IMPULSOS:<\/strong>\u00a0pulsando el gatillo, cierre a la velocidad m\u00e1xima y soltando el gatillo, apertura a la velocidad m\u00e1xima.<\/li>\n<\/ul>\n<h2>BATER\u00cdA LITIO-ION<br \/>\nULTRA COMPACTA<\/h2>\n<p>La bater\u00eda de Litio-ion Cobalto pesa solamente 810g. Los acumuladores de esta bater\u00eda fueron seleccionados especialmente por su fiabilidad con el paso del tiempo y por su aptitud a suministrar corrientes fuertes.<\/p>\n<ul>\n<li>Bater\u00eda LITIO 120Wh<\/li>\n<li>Peso: 810g<\/li>\n<li>Autonom\u00eda jornada completa 9h*<\/li>\n<li>Bater\u00eda equipada de un sistema electr\u00f3nico de gesti\u00f3n y protecci\u00f3n de los acumuladores\u00a0 (BMS).<\/li>\n<li>C\u00e9lulas LITIO de alta capacidad &#8211; Tecnolog\u00eda de acumuladores POWERTOOLS<\/li>\n<li>C\u00e9lulas tipo \u00abFuerte potencia\u00bb inteligencia \u00abLong Life\u00bb.<\/li>\n<\/ul>\n<p><strong>BATER\u00cdA GARANTIZADA PRORRATA 5 A\u00d1OS<\/strong><br \/>\nExclusiva INFACO<br \/>\nConsultar condiciones de garant\u00eda en la gu\u00eda de utilizaci\u00f3n<\/p>\n<p>*seg\u00fan utilizaci\u00f3n y condiciones de almacenamiento<\/p>\n<h2>CHALECO BATER\u00cdA\u00a0F3015<\/h2>\n<p><strong>4 POSICIONES POSIBLES<\/strong><\/p>\n<p>El nuevo chaleco proporciona un excelente confort de utilizaci\u00f3n gracias a que la bater\u00eda se puede transportar de manera ajustable.<br \/>\nLa ligereza de la bater\u00eda asociada a este nuevo chaleco proporciona una sensaci\u00f3n de confort inmediato.<br \/>\nEl transporte de la nueva bater\u00eda F3015 puede efectuarse de 4 maneras diferentes :<\/p>\n<ul>\n<li>en un chaleco con tirantes<\/li>\n<li>en el cintur\u00f3n (sin los tirantes amovibles)<\/li>\n<li>con un clip cintur\u00f3n en el pantal\u00f3n<\/li>\n<li>directamente en el bolsillo gracias a su formato peque\u00f1o.<\/li>\n<\/ul>\n<p>El cintur\u00f3n se ha pensado para optimizar la circulaci\u00f3n del aire y permite as\u00ed disminuir considerablemente el efecto de transpiraci\u00f3n. Los tirantes del chaleco, bastante estrechos, reducen igualmente este efecto de transpiraci\u00f3n en la espalda.<\/p>\n<p><a href=\"https:\/\/www.infaco.com\/3d\/gilet_batterie.html?autorotate=true\" target=\"_blank\" rel=\"noopener\">Plein \u00e9cran<\/a><\/p>\n<p><iframe title=\"YouTube video player\" src=\"https:\/\/www.youtube.com\/embed\/H8whAVlupXk\" width=\"560\" height=\"315\" frameborder=\"0\" data-mce-fragment=\"1\"><\/iframe><\/p>\n<p>&nbsp;<\/p>\n<h2>TESTIMONIOS\u00a0DE LOS USUARIOS QUE LA HAN PROBADO<\/h2>\n<p>Nos encant\u00f3 que la sociedad INFACO nos propusiera probar su futuro modelo de podadora ELECTROCOUP.<\/p>\n<p>A partir de la temporada 2013\/2014, se nos presentaron las primeras maquetas y el concepto de la mini-bater\u00eda nos sedujo inmediatamente.<\/p>\n<p>Tras haber trabajado con prototipos toda la temporada 2014\/2015, propusimos modificaciones que tuvo debidamente en cuenta el equipo de la oficina de proyectos. En efecto, durante la temporada siguiente, se hab\u00edan modificado todos los puntos se\u00f1alados, mejorando de este modo la sujeci\u00f3n de la herramienta.<\/p>\n<p>Trabajamos durante la temporada 2015\/2016 con las podadoras F3015 de pre-serie , fue un verdadero placer.<\/p>\n<p>INFACO nos pidi\u00f3 si pod\u00edamos recuperar durante unos d\u00edas las F3010 para comparar los 2 modelos. Nos sorprendi\u00f3 mucho su diferencia. Con todo, apreciamos los antiguos modelos F3010 y est\u00e1bamos convencidos, antes de probar las F3015, que resultar\u00eda dif\u00edcil hacer mejor.<\/p>\n<p>Personalmente, estaba feliz por recuperar cuanto antes el nuevo modelo F3015. Esto es la prueba indiscutible de que se han efectuado mejoras en esta herramienta. Dichas mejoras se notan en t\u00e9rminos de rapidez, potencia, precisi\u00f3n de la progresividad, sujeci\u00f3n de la herramienta y en el confort de trabajo con la mini-bater\u00eda.<\/p>\n<p>Nos complace haber contribuido en cierto sentido en la elaboraci\u00f3n de esta nueva podadora. Estamos seguros de que todos los usuarios apreciar\u00e1n, al igual que nosotros, este nuevo modelo F3015. \u00bb\u00bb<\/p>\n<p><strong>MALBERT Dominique ( Viticultura, Midi-Pyr\u00e9n\u00e9esFrance )<\/strong><\/p>\n<p>Se me pidi\u00f3 probar la nueva ELECTROCOUP F3015 durante las 2 \u00faltimas campa\u00f1as de poda.<br \/>\nDesde 2010 ten\u00eda una F3010 de la que estaba muy contento.<br \/>\nAl principio, debo confesar, era bastante esc\u00e9ptico de pensar que pod\u00eda haber algo mejor que la F3010.<\/p>\n<p>Me adapt\u00e9 r\u00e1pidamente a esta nueva herramienta. La progresividad a\u00fan es mejor, pero los tres puntos que me sorprendieron principalmente son: la rapidez, la potencia y el confort de la peque\u00f1a bater\u00eda (casi no hice ning\u00fan corte de bloqueo con este nuevo modelo).<\/p>\n<p>La bater\u00eda soporta bien las 9 horas de trabajo anunciadas. Adem\u00e1s, incluso prob\u00e9 la herramienta hasta vaciar completamente la bater\u00eda y, en dos d\u00edas, trabaj\u00e9 14 horas sin recargarla (en poda de vi\u00f1a). Despu\u00e9s de un mes de poda con la F3015, volv\u00ed a utilizar algunos \u00a0d\u00edas la F3010\u2026 y se me hizo muy raro.<br \/>\nAntes de probar la F3015 era verdaderamente un incondicional de la F3010, s\u00f3lo me queda cambiarla, pues como dice el refr\u00e1n \u00a1probarla es adoptarla! \u00bb<\/p>\n<p><strong>BARREAU Sylvain (Viticultura, Midi-Pyr\u00e9n\u00e9es France)<\/strong><\/p>\n<h2>CARGADOR AUTOM\u00c1TICO<br \/>\nINTELIGENTE<\/h2>\n<h3>CARGA R\u00c1PIDA: 1H30<\/h3>\n<p>El cargador de la bater\u00eda Litio F3015 permite efectuar una\u00a0<strong>carga al 90% en 1 hora. Por su parte, la carga completa se efect\u00faa en 1h30<\/strong>\u00a0(incluido el equilibrado de las c\u00e9lulas).<br \/>\nLa bater\u00eda F3015 tiene una autonom\u00eda de un d\u00eda de trabajo.<br \/>\nEl cargador tiene dos salidas de carga (al igual que la F3010) especialmente pensadas para las otras herramientas de gran consumo de energ\u00eda de la gama que funcionan con la bater\u00eda de la podadora, tales como la POWECOUP PW2 sierra, serrucho escamondadora, cortasetos, despampanadora, vibrador de olivas&#8230;).<\/p>\n<h3>FUNCI\u00d3N INVERNACI\u00d3N DE LA BATER\u00cdA:<\/h3>\n<p>Modo invernaci\u00f3n\u00ab Long Life \u00bb: permite poner la bater\u00eda en estado de almacenamiento prolongado y optimizar su vida \u00fatil.<br \/>\nYa no es necesario efectuar varias recargas en intertemporada. S\u00f3lo debe pulsarse el bot\u00f3n de invernaci\u00f3n cuando se termina la temporada de poda, dejar el cargador durante unas horas para que haga su trabajo y almacenar el aparato en su malet\u00edn hasta la temporada siguiente.<\/p>\n<h2>LA F3015 :\u00a0ES M\u00c1S QUE UNA SIMPLE HERRAMIENTA<\/h2>\n<p>Al igual que su antecesora, esta podadora el\u00e9ctrica le brinda la posibilidad de poder cambiar usted mismo el cabezal de corte en funci\u00f3n del trabajo que desea efectuar.<br \/>\nLa polivalencia de la herramienta, gracias a los kits Medium y M\u00e1xi, es un verdadero activo. En solo 5 min solamente es muy f\u00e1cil transformar la podadora para otras aplicaciones de poda puntuales o permanentes.<br \/>\n<strong>La \u00fanica podadora en el mundo que dispone de 3 cabezales intercambiables de semi apertura ajustable con sistema de seguridad DSES.<\/strong><br \/>\n<strong>F3015 est\u00e1 disponible de f\u00e1brica en versi\u00f3n Est\u00e1ndar o Medium.<\/strong><\/p>\n<h3>KIT EST\u00c1NDAR<\/h3>\n<p><a href=\"https:\/\/www.infaco.com\/es\/productos\/f3015\/los-kits-f3015\" target=\"_blank\" rel=\"noopener\">M\u00c1S INFORMACI\u00d3N<\/a><\/p>\n<h3>KIT MEDIUM<\/h3>\n<p><a href=\"https:\/\/www.infaco.com\/es\/productos\/f3015\/los-kits-f3015\" target=\"_blank\" rel=\"noopener\">M\u00c1S INFORMACI\u00d3N<\/a><\/p>\n<h3>KIT MAXI<\/h3>\n<p><a href=\"https:\/\/www.infaco.com\/es\/productos\/f3015\/los-kits-f3015\" target=\"_blank\" rel=\"noopener\">M\u00c1S INFORMACI\u00d3N<\/a><\/p>\n<p><iframe title=\"YouTube video player\" src=\"https:\/\/www.youtube.com\/embed\/iR-v8rV6tQ0\" width=\"560\" height=\"315\" frameborder=\"0\" data-mce-fragment=\"1\"><\/iframe><\/p>\n<h2>OPCI\u00d3N DSES\u00a0: DISPOSITIVO SUPLEMENTARIO ELECTR\u00d3NICO DE SEGURIDAD<\/h2>\n<p>El Dispositivo Suplementario Electr\u00f3nico de Seguridad es un sistema anticorte inventado y patentado por la sociedad INFACO. Se utiliza exclusivamente con las podadoras electr\u00f3nicas ELECTROCOUP.<\/p>\n<p>La F3015, consta de un guante de seguridad conductor, conectado a un cable en espiral espec\u00edfico DSES. El empleo del guante emparejado al sistema electr\u00f3nico DSES aumenta la seguridad del usuario disminuyendo de este modo el riesgo de corte.<\/p>\n<p><a href=\"https:\/\/www.infaco.com\/es\/productos\/f3015\/seguridad\" target=\"_blank\" rel=\"noopener\">M\u00c1S INFORMACI\u00d3N<\/a><\/p>\n<h2>A48V3\u00a0: AFILADORA SUS CUCHILLAS EL\u00c9CTRICA<br \/>\n48 VOLTIOS<\/h2>\n<h3>AFILAR SUS CUCHILLAS EN UN TIEMPO R\u00c9CORD<\/h3>\n<p>La nueva afiladora el\u00e9ctrica A48v3, gracias a su sistema de conexi\u00f3n de 3 contactos, es\u00a0<strong>compatible en lo sucesivo con las bater\u00edas de las ELECTROCOUP F3005 &#8211; F3010 &#8211; F3015.<\/strong><br \/>\nPermite\u00a0<strong>ahorrar un tiempo considerable en los afilados diarios<\/strong>. Con la A48V3, optimice las cuchillas al m\u00e1ximo para obtener un mejor rendimiento de la ELECTROCOUP.<br \/>\nEsta afiladora funciona a 48 voltios y se conecta a su bater\u00eda para efectuar el afilado de la podadora directamente en su lugar de trabajo.<\/p>\n<p><a href=\"https:\/\/www.infaco.com\/es\/productos\/f3015\/los-accesorios#F3015_A48V3\" target=\"_blank\" rel=\"noopener\">M\u00c1S INFORMACI\u00d3N<\/a><\/p>\n<h2>SOLUCIONES\u00a0ADAPTADAS PARA<br \/>\nLOS TRABAJOS EN ALTURA<\/h2>\n<p>La nueva afiladora el\u00e9ctrica A48v3, gracias a su sistema de conexi\u00f3n de 3 contactos, es compatible en lo sucesivo con las bater\u00edas de las ELECTROCOUP F3005 &#8211; F3010 &#8211; F3015. Permite ahorrar un tiempo considerable en los afilados diarios. Con la A48V3, optimice las cuchillas al m\u00e1ximo para obtener un mejor rendimiento de la ELECTROCOUP.<br \/>\nEsta afiladora funciona a 48 voltios y se conecta a su bater\u00eda para efectuar el afilado de la podadora directamente en su lugar de trabajo.<\/p>\n<p>&nbsp;<\/p>\n<p><a href=\"https:\/\/www.infaco.com\/es\/productos\/f3015\/los-accesorios#F3015_perches\" target=\"_blank\" rel=\"noopener\">M\u00c1S INFORMACI\u00d3N<\/a><\/p>\n<h2>CARACTER\u00cdSTICAS\u00a0T\u00c9CNICAS<\/h2>\n<table>\n<thead>\n<tr>\n<td><\/td>\n<td>F3015 Est\u00e1ndar<\/td>\n<td>Kit Medium<\/td>\n<td>Kit M\u00e1xi<\/td>\n<\/tr>\n<\/thead>\n<tbody>\n<tr>\n<td>Peso de la tijera (g)<\/td>\n<td>790 g<\/td>\n<td>+70 g<\/td>\n<td>+480 g<\/td>\n<\/tr>\n<tr>\n<td>Apertura de la cuchilla (mm)<\/td>\n<td>60 mm<\/td>\n<td>70 mm<\/td>\n<td>100 mm<\/td>\n<\/tr>\n<tr>\n<td>Capacidad de corte (mm)<\/td>\n<td>40 mm<\/td>\n<td>45 mm<\/td>\n<td>55 mm<\/td>\n<\/tr>\n<tr>\n<td>Velocidad en la punta de la cuchilla (mm\/s)<\/td>\n<td>271,6<\/td>\n<td>240<\/td>\n<td>175.12<\/td>\n<\/tr>\n<tr>\n<td>Par eje de cuchilla (N.m)<\/td>\n<td>184.3<\/td>\n<td>223.2<\/td>\n<td>360<\/td>\n<\/tr>\n<tr>\n<td>Funci\u00f3n semi-apertura<\/td>\n<td colspan=\"3\">s\u00ed (interruptor)<\/td>\n<\/tr>\n<tr>\n<td>Reglaje de la semi-apertura<\/td>\n<td colspan=\"3\">si<\/td>\n<\/tr>\n<tr>\n<td>Reglaje del cruce de la cuchilla<\/td>\n<td colspan=\"3\">si<\/td>\n<\/tr>\n<tr>\n<td>Modo de utilizaci\u00f3n<\/td>\n<td colspan=\"3\">Impulsionnel \/ Progressif<\/td>\n<\/tr>\n<tr>\n<td>Interruptor On\/Off en el aparato<\/td>\n<td colspan=\"3\">si<\/td>\n<\/tr>\n<tr>\n<td>Barra indicadora del nivel autonom\u00eda bater\u00eda en el aparato<\/td>\n<td colspan=\"3\">si<\/td>\n<\/tr>\n<tr>\n<td>Estructura cuerpo de aluminio<\/td>\n<td colspan=\"3\">si<\/td>\n<\/tr>\n<tr>\n<td>Sistema de seguridad anti-corte<\/td>\n<td colspan=\"3\">si (opci\u00f3nDSES)<\/td>\n<\/tr>\n<\/tbody>\n<\/table>\n<table>\n<thead>\n<tr>\n<td colspan=\"2\">Bater\u00eda F3015<\/td>\n<\/tr>\n<\/thead>\n<tfoot>\n<tr>\n<td colspan=\"2\">Se facilitan todas las caracter\u00edsticas de nuestros aparatos a t\u00edtulo indicativo, no son contractuales de ning\u00fan modo y pueden modificarse.<\/td>\n<\/tr>\n<\/tfoot>\n<tbody>\n<tr>\n<td>Peso de la bater\u00eda (g)<\/td>\n<td>810 g<\/td>\n<\/tr>\n<tr>\n<td>Peso del cable en espiral (g)<\/td>\n<td>150 g<\/td>\n<\/tr>\n<tr>\n<td>Adaptable diestro \/ zurdo<\/td>\n<td>si<\/td>\n<\/tr>\n<tr>\n<td>Autonom\u00eda media de la bater\u00eda<\/td>\n<td>9 h seg\u00fan utilizaci\u00f3n<\/td>\n<\/tr>\n<tr>\n<td>Tiempo para carga completa<\/td>\n<td>1 h 30<\/td>\n<\/tr>\n<tr>\n<td>Tensi\u00f3n media de la bater\u00eda<\/td>\n<td>48 Vcc<\/td>\n<\/tr>\n<tr>\n<td>Tensi\u00f3n del cargador<\/td>\n<td>230 V 50 Hz<br \/>\n110 V 60 Hz<\/td>\n<\/tr>\n<tr>\n<td>Funci\u00f3n invernaci\u00f3n bater\u00eda<\/td>\n<td>si<\/td>\n<\/tr>\n<tr>\n<td>Bater\u00eda compatible<\/td>\n<td>GamaPowercoup<\/td>\n<\/tr>\n<tr>\n<td><\/td>\n<td><\/td>\n<\/tr>\n<tr>\n<td>Garant\u00eda<\/td>\n<td>12 meses (motorreductor 3 a\u00f1os, cuerpo aluminio garant\u00eda vitalicia)<\/td>\n<\/tr>\n<\/tbody>\n<\/table>\n<h2>ORIGEN FRANCIA GARANTIZADO &#8211;\u00a0LA \u00daNICA PODADORA EL\u00c9CTRICA CON SELLO DISTINTIVO<\/h2>\n<p>INFACO obtuvo el sello distintivo \u00abOrigen Francia Garantizado\u00bb para su podadora ELECTROCOUP F3015. Este sello distintivo fue atribuido por el organismo de auditor\u00eda Bureau Veritas Por consiguiente, INFACO es la 1\u00aa y \u00fanica empresa en su \u00e1mbito en obtener tal reconocimiento. El fabricante franc\u00e9s es recompensado por su buen hacer Fabricado en Francia. En efecto, un 100% de las podadoras ELECTROCOUP se fabrican en Francia, en Cahuzac sur V\u00e8re en el departamento del Tarn (81). Esta producci\u00f3n francesa tiene por objeto satisfacer a los Clientes en t\u00e9rminos de calidad y servicios.<\/p>\n<p>&nbsp;<\/p>\n<h3>EL SELLO DISTINTIVO \u00ab ORIGEN FRANCIA GARANTIZADO \u00bb<\/h3>\n<p>Establecido en 2011 por iniciativa de la Secretar\u00eda de Estado encargada del Comercio, la Artesan\u00eda, las peque\u00f1as y medianas empresas y el Consumo, este sello distintivo permite dar a los Consumidores una informaci\u00f3n clara sobre el origen de un producto. El objetivo del sello distintivo consiste en informar y revalorizar la producci\u00f3n francesa de una empresa, cualquiera que fuera su sector de producci\u00f3n.<\/p>\n<p>Para obtener el sello distintivo, el producto debe respetar dos criterios<\/p>\n<ul>\n<li>el lugar donde el producto adquiere sus caracter\u00edsticas debe estar situado en Francia<\/li>\n<li>\u00a0un 50% como m\u00ednimo del precio de coste unitario se adquiere en Francia<\/li>\n<\/ul>\n<p>Estas condiciones se re\u00fanen ampliamente en la fabricaci\u00f3n de las podadoras ELECTROCOUP.<br \/>\nPor consiguiente, despu\u00e9s de m\u00e1s de 30 a\u00f1os de fidelidad a sus colaboradores proveedores franceses, la sociedad INFACO se siente orgullosa de haber obtenido el sello distintivo \u00abOrigen Francia Garantizado\u00bb.<\/p>\n<h2>LA REVISI\u00d3N EN F\u00c1BRICA<a name=\"revision-usine\"><\/a><br \/>\n\u00abLIMITA LOS RIESGOS DE AVER\u00cdA\u00bb<\/h2>\n<p>A cada fin de temporada de poda se propone un precio fijo de revisi\u00f3n f\u00e1brica.<\/p>\n<p>Podr\u00e1 disfrutar de una prolongaci\u00f3n de garant\u00eda para sus 3 primeras temporadas de poda. Para ello, deber\u00e1 efectuar imperativamente esta revisi\u00f3n al finalizar la primera y segunda temporada.<\/p>\n<p>Si no se realiza una de las dos revisiones durante las 3 primeras temporadas de compra de su aparato, se anular\u00eda entonces la prolongaci\u00f3n de garant\u00eda.<\/p>\n<p>Nuestro servicio Log\u00edstico recoge las podadoras directamente en el establecimiento de los Distribuidores INFACO, y\u00a0 luego se transportan a la f\u00e1brica (Tarn). All\u00ed se desmontan, limpian, controlan y se vuelven a montar, seguidamente se devuelven a los distribuidores en un plazo muy breve.<\/p>\n<p>Para m\u00e1s informaci\u00f3n, p\u00f3ngase en contacto con su distribuidor INFACO.<\/p>","protected":false},"excerpt":{"rendered":"<p>Herramienta dise\u00f1ada verdaderamente para los profesionales de la poda, la tijera el\u00e9ctrica F3015 se posiciona en la continuidad de sus antecesoras como una herramienta de calidad, fiable, aprobada con creces por todos sus usuarios en el mundo entero.<\/p>\n<p>INCLUYE SISTEMA ATICORTES WIRELESS SIN CABLES.<\/p>","protected":false},"featured_media":468,"template":"","meta":[],"product_brand":[],"product_cat":[29],"product_tag":[],"class_list":{"0":"post-473","1":"product","2":"type-product","3":"status-publish","4":"has-post-thumbnail","6":"product_cat-tijeras-de-podar","8":"first","9":"outofstock","10":"taxable","11":"shipping-taxable","12":"purchasable","13":"product-type-simple"},"_links":{"self":[{"href":"https:\/\/ferreteriasolera.com\/en\/wp-json\/wp\/v2\/product\/473","targetHints":{"allow":["GET"]}}],"collection":[{"href":"https:\/\/ferreteriasolera.com\/en\/wp-json\/wp\/v2\/product"}],"about":[{"href":"https:\/\/ferreteriasolera.com\/en\/wp-json\/wp\/v2\/types\/product"}],"wp:featuredmedia":[{"embeddable":true,"href":"https:\/\/ferreteriasolera.com\/en\/wp-json\/wp\/v2\/media\/468"}],"wp:attachment":[{"href":"https:\/\/ferreteriasolera.com\/en\/wp-json\/wp\/v2\/media?parent=473"}],"wp:term":[{"taxonomy":"product_brand","embeddable":true,"href":"https:\/\/ferreteriasolera.com\/en\/wp-json\/wp\/v2\/product_brand?post=473"},{"taxonomy":"product_cat","embeddable":true,"href":"https:\/\/ferreteriasolera.com\/en\/wp-json\/wp\/v2\/product_cat?post=473"},{"taxonomy":"product_tag","embeddable":true,"href":"https:\/\/ferreteriasolera.com\/en\/wp-json\/wp\/v2\/product_tag?post=473"}],"curies":[{"name":"wp","href":"https:\/\/api.w.org\/{rel}","templated":true}]}}