{"id":474,"date":"2023-07-11T23:31:48","date_gmt":"2023-07-11T23:31:48","guid":{"rendered":"https:\/\/ferreteriasolera.com\/?post_type=product&#038;p=474"},"modified":"2026-03-06T08:04:59","modified_gmt":"2026-03-06T08:04:59","slug":"tijera-poda-pellenc-c35-bateria-150","status":"publish","type":"product","link":"https:\/\/ferreteriasolera.com\/en\/product\/tijera-poda-pellenc-c35-bateria-150\/","title":{"rendered":"TIJERA PODA PELLENC C35 BATERIA 150"},"content":{"rendered":"<section id=\"descriptionTab\" class=\"page-product-box\">\n<div class=\"rte\">\n<h5 class=\"tabs-container-collapse-inner-title\">M\u00c1XIMA PRODUCTIVIDAD<\/h5>\n<div class=\"tabs-container-collapse-inner-content\">\n<ul>\n<li>\n<h5>CABEZAL DE CORTE CON EXCELENTE PENETRACI\u00d3N<\/h5>\n<\/li>\n<li>\n<h5>DI\u00c1METROS DE CORTE\u00a0 35 MM<\/h5>\n<\/li>\n<li>\n<h5>MOTORREDUCTOR SIN ESCOBILLAS DE \u00daLTIMA GENERACI\u00d3N<\/h5>\n<\/li>\n<li>\n<h5>4 MODOS DE FUNCIONAMIENTO<\/h5>\n<\/li>\n<\/ul>\n<h5>POTENTES Y LIGERAS, LAS TIJERAS C35 Y C45 HACEN QUE LA PODA DE LOS OLIVOS SEA M\u00c1S R\u00c1PIDA Y M\u00c1S SEGURA. EL NUEVO SISTEMA ANTICORTE ACTIV\u2019SECURITY, PATENTADO POR PELLENC, DETIENE INMEDIATAMENTE LA CUCHILLA SI ENTRA EN CONTACTO CON LA MANO, CON O SIN GUANTES PELLENC. SEA CUAL SEA EL DI\u00c1METRO Y LA DUREZA DE LA MADERA QUE SE VA A CORTAR, LA EFICACIA EST\u00c1 GARANTIZADA GRACIAS A UN CABEZAL DE CORTE DE RENDIMIENTO ULTRAPOTENTE DISPONIBLE EN 2 DI\u00c1METROS: 35 MM (MODELO C35) O 45 MM (MODELO C45). SE CONECTAN F\u00c1CILMENTE A UNA DE LAS 3 P\u00c9RTIGAS DE PELLENC, GARANTIZANDO UN M\u00c1XIMO DE PRECISI\u00d3N Y COMODIDAD A HASTA 4 METROS DE ALTURA.<\/h5>\n<h5><\/h5>\n<h5>4 MODOS DE FUNCIONAMIENTO:<\/h5>\n<ol>\n<li>\n<h5>PROGRESIVO CON SEMIAPERTURA: FUNCIONAMIENTO PROGRESIVO CON SEMIAPERTURA<\/h5>\n<\/li>\n<li>\n<h5>PROGRESIVO: FUNCIONAMIENTO PROGRESIVO SIN SEMIAPERTURA<\/h5>\n<\/li>\n<li>\n<h5>\u00abTODO O NADA\u00bb CON SEMIAPERTURA: FUNCIONAMIENTO \u00abTODO O NADA\u00bb CON SEMIAPERTURA<\/h5>\n<\/li>\n<li>\n<h5>\u00abTODO O NADA\u00bb: FUNCIONAMIENTO \u00abTODO O NADA\u00bb SIN SEMIAPERTURA<\/h5>\n<\/li>\n<\/ol>\n<h5><\/h5>\n<table class=\"table table-bordered\">\n<tbody>\n<tr class=\"avia-heading-row\">\n<th>TIJERAS<\/th>\n<th class=\"avia-center-col\">C35<\/th>\n<th>C45<\/th>\n<\/tr>\n<tr>\n<td>Di\u00e1metro de corte (mm)<\/td>\n<td class=\"avia-center-col\">35<\/td>\n<td>45<\/td>\n<\/tr>\n<tr>\n<td>Apertura de la cuchilla (mm)<\/td>\n<td class=\"avia-center-col\">57<\/td>\n<td>67<\/td>\n<\/tr>\n<tr>\n<td>Peso (g)<\/td>\n<td class=\"avia-center-col\">720<\/td>\n<td>865<\/td>\n<\/tr>\n<tr>\n<td>Potencia sonora** (LWA) (dB)<\/td>\n<td class=\"avia-center-col\">74<\/td>\n<td>74<\/td>\n<\/tr>\n<tr>\n<td>Presi\u00f3n sonora** (LpA) (dB)<\/td>\n<td class=\"avia-center-col\">63<\/td>\n<td>63<\/td>\n<\/tr>\n<tr>\n<td>Velocidad del motor (rpm)<\/td>\n<td class=\"avia-center-col\">23 000<\/td>\n<td>23 000<\/td>\n<\/tr>\n<tr>\n<td>Longitud de las tijeras (mm)<\/td>\n<td class=\"avia-center-col\">265<\/td>\n<td>295<\/td>\n<\/tr>\n<tr>\n<td>Dimensiones de la empu\u00f1adura ovalada (a*l) (mm)<\/td>\n<td class=\"avia-center-col\">40*36<\/td>\n<td>40*38<\/td>\n<\/tr>\n<tr>\n<td>Bater\u00edas compatibles<\/td>\n<td class=\"avia-center-col\">150\/250<\/td>\n<td>150P\/250<\/td>\n<\/tr>\n<\/tbody>\n<\/table>\n<p>&nbsp;<\/p>\n<h5 class=\"table-responsive\"><\/h5>\n<table class=\"table table-bordered\">\n<tbody>\n<tr class=\"avia-heading-row\">\n<th>BATER\u00cdAS<\/th>\n<th class=\"avia-center-col\">150<\/th>\n<th>250<\/th>\n<th>150P<\/th>\n<\/tr>\n<tr>\n<td>Peso (g)<\/td>\n<td class=\"avia-center-col\">845<\/td>\n<td>1680<\/td>\n<td>845<\/td>\n<\/tr>\n<tr>\n<td>Potencia m\u00e1xima (W)<\/td>\n<td class=\"avia-center-col\">865<\/td>\n<td>1730<\/td>\n<td>1730<\/td>\n<\/tr>\n<tr>\n<td>Vida \u00fatil media (ciclos)<\/td>\n<td class=\"avia-center-col\">800<\/td>\n<td>1000<\/td>\n<td>800<\/td>\n<\/tr>\n<tr>\n<td>Transporte<\/td>\n<td class=\"avia-center-col\">Cintur\u00f3n<\/td>\n<td>Arn\u00e9s<\/td>\n<td>Cintur\u00f3n<\/td>\n<\/tr>\n<tr>\n<td>Tiempo de carga al 100 %*<\/td>\n<td class=\"avia-center-col\">9 h<\/td>\n<td>7<\/td>\n<td>8<\/td>\n<\/tr>\n<tr>\n<td>Carga r\u00e1pida 1A<\/td>\n<td class=\"avia-center-col\">4h30<\/td>\n<td><\/td>\n<td>4 h<\/td>\n<\/tr>\n<tr>\n<td>Carga r\u00e1pida 2,2 A (h)<\/td>\n<td class=\"avia-center-col\"><\/td>\n<td>3 h 30<\/td>\n<\/tr>\n<\/tbody>\n<\/table>\n<\/div>\n<\/div>\n<\/section>","protected":false},"excerpt":{"rendered":"<h5>TIJERA PODA ELECTRICA PELLENC C35 CON BATERIA 250<\/h5>\n<h5>GARANTIA 2 A\u00d1OS (AMPLIABLE A 5 A\u00d1OS PASANDO LAS REVISIONES ANUALES)<\/h5>\n<ul>\n<li>\n<h5>MAS LIGUERA 720G<\/h5>\n<\/li>\n<li>\n<h5>MAS POTENTE +20%<\/h5>\n<\/li>\n<li>\n<h5>SISTEMA ANTICORTES<\/h5>\n<\/li>\n<li>\n<h5>MAS RAPIDA +20%<\/h5>\n<\/li>\n<li>\n<h5>LA TIJERA CON MEJOR ENTRADA DE MERCADO 2CM MAS QUE LA COMPETENCIA<\/h5>\n<\/li>\n<\/ul>","protected":false},"featured_media":475,"template":"","meta":[],"product_brand":[],"product_cat":[29],"product_tag":[],"class_list":{"0":"post-474","1":"product","2":"type-product","3":"status-publish","4":"has-post-thumbnail","6":"product_cat-tijeras-de-podar","8":"first","9":"outofstock","10":"taxable","11":"shipping-taxable","12":"purchasable","13":"product-type-simple"},"_links":{"self":[{"href":"https:\/\/ferreteriasolera.com\/en\/wp-json\/wp\/v2\/product\/474","targetHints":{"allow":["GET"]}}],"collection":[{"href":"https:\/\/ferreteriasolera.com\/en\/wp-json\/wp\/v2\/product"}],"about":[{"href":"https:\/\/ferreteriasolera.com\/en\/wp-json\/wp\/v2\/types\/product"}],"wp:featuredmedia":[{"embeddable":true,"href":"https:\/\/ferreteriasolera.com\/en\/wp-json\/wp\/v2\/media\/475"}],"wp:attachment":[{"href":"https:\/\/ferreteriasolera.com\/en\/wp-json\/wp\/v2\/media?parent=474"}],"wp:term":[{"taxonomy":"product_brand","embeddable":true,"href":"https:\/\/ferreteriasolera.com\/en\/wp-json\/wp\/v2\/product_brand?post=474"},{"taxonomy":"product_cat","embeddable":true,"href":"https:\/\/ferreteriasolera.com\/en\/wp-json\/wp\/v2\/product_cat?post=474"},{"taxonomy":"product_tag","embeddable":true,"href":"https:\/\/ferreteriasolera.com\/en\/wp-json\/wp\/v2\/product_tag?post=474"}],"curies":[{"name":"wp","href":"https:\/\/api.w.org\/{rel}","templated":true}]}}