{"id":514,"date":"2023-07-12T00:20:17","date_gmt":"2023-07-12T00:20:17","guid":{"rendered":"https:\/\/ferreteriasolera.com\/?post_type=product&#038;p=514"},"modified":"2023-07-12T00:46:46","modified_gmt":"2023-07-12T00:46:46","slug":"tijera-poda-arvipo-ps32-evo","status":"publish","type":"product","link":"https:\/\/ferreteriasolera.com\/en\/product\/tijera-poda-arvipo-ps32-evo\/","title":{"rendered":"TIJERA PODA ARVIPO PS32 EVO"},"content":{"rendered":"<p>La\u00a0<strong>ARVIPO PS32 EVO<\/strong>\u00a0es una herramienta profesional con un equilibrio peso-potencia excelente, adem\u00e1s de contar con la ventaja de un mantenimiento m\u00ednimo. Con todas las funcionalidades de la PS32, la nueva tijera\u00a0<strong>PS32 EVO<\/strong>\u00a0cuenta con potencia incrementada gracias a un cabezal m\u00e1s eficiente y a un motor mejorado y optimizado. Las nuevas cuchillas est\u00e1n recubiertas de pol\u00edmero que reduce la fricci\u00f3n y facilita el corte.<\/p>\n<p>La\u00a0<strong>ARVIPO PS32 EVO<\/strong>\u00a0cuenta con doble abertura de hojas y corte progresivo que le permite a trav\u00e9s de la activaci\u00f3n desde el gatillo el cambio de la apertura de hojas sin esperas, controlando desde el gatillo el di\u00e1metro de corte deseado. Provista de pantalla LCD integrada con contador de cortes y control de carga de bater\u00eda. Adecuada para poda extensiva en olivicultura, viticultura, fruticultura, citricultura, viverismo y jardiner\u00eda..<\/p>\n<p><strong>MAYOR POTENCIA DE CORTE:<\/strong>\u00a0Potencia incrementada con un cabezal m\u00e1s eficiente y un motor mejorado y optimizado.<\/p>\n<p><strong>CUCHILLAS MEJORADES:<\/strong>\u00a0Nuevas cuchillas con nuevo recubrimiento de pol\u00edmero que facilita el corte.<\/p>\n<p><strong>AHORA COMPARTIENDO BATERIAS<\/strong>: Completa tu ARVIPO 32 EQUIP con herramientas que comparten el mismo voltaje para todas las herramientas<\/p>","protected":false},"excerpt":{"rendered":"<h5>TIJERA PODA ELECTRICA ARVIPO PS32 EVO<\/h5>\n<h5>COMPATIBLE CON TODAS LAS BATERIAS DE LA FAMILIA 32 DE ARVIPO<\/h5>\n<h5>ELEGIR NUMERO DE BATERIAS OPCIONAL<\/h5>","protected":false},"featured_media":519,"template":"","meta":[],"product_brand":[],"product_cat":[29],"product_tag":[],"class_list":{"0":"post-514","1":"product","2":"type-product","3":"status-publish","4":"has-post-thumbnail","6":"product_cat-tijeras-de-podar","8":"first","9":"instock","10":"taxable","11":"shipping-taxable","12":"purchasable","13":"product-type-variable"},"_links":{"self":[{"href":"https:\/\/ferreteriasolera.com\/en\/wp-json\/wp\/v2\/product\/514","targetHints":{"allow":["GET"]}}],"collection":[{"href":"https:\/\/ferreteriasolera.com\/en\/wp-json\/wp\/v2\/product"}],"about":[{"href":"https:\/\/ferreteriasolera.com\/en\/wp-json\/wp\/v2\/types\/product"}],"wp:featuredmedia":[{"embeddable":true,"href":"https:\/\/ferreteriasolera.com\/en\/wp-json\/wp\/v2\/media\/519"}],"wp:attachment":[{"href":"https:\/\/ferreteriasolera.com\/en\/wp-json\/wp\/v2\/media?parent=514"}],"wp:term":[{"taxonomy":"product_brand","embeddable":true,"href":"https:\/\/ferreteriasolera.com\/en\/wp-json\/wp\/v2\/product_brand?post=514"},{"taxonomy":"product_cat","embeddable":true,"href":"https:\/\/ferreteriasolera.com\/en\/wp-json\/wp\/v2\/product_cat?post=514"},{"taxonomy":"product_tag","embeddable":true,"href":"https:\/\/ferreteriasolera.com\/en\/wp-json\/wp\/v2\/product_tag?post=514"}],"curies":[{"name":"wp","href":"https:\/\/api.w.org\/{rel}","templated":true}]}}