{"id":521,"date":"2023-07-12T00:27:41","date_gmt":"2023-07-12T00:27:41","guid":{"rendered":"https:\/\/ferreteriasolera.com\/?post_type=product&#038;p=521"},"modified":"2026-03-06T08:03:48","modified_gmt":"2026-03-06T08:03:48","slug":"tijera-poda-arvipo-ps32-evo-vi-especial-vina-ps32vi","status":"publish","type":"product","link":"https:\/\/ferreteriasolera.com\/en\/product\/tijera-poda-arvipo-ps32-evo-vi-especial-vina-ps32vi\/","title":{"rendered":"TIJERA PODA ARVIPO PS32 EVO VI ESPECIAL VI\u00d1A PS32VI"},"content":{"rendered":"<section id=\"descriptionTab\" class=\"page-product-box\">\n<div class=\"rte\">\n<p>La ARVIPO PS32 EVO es una herramienta profesional con un equilibrio peso-potencia excelente, adem\u00e1s de contar con la ventaja de un mantenimiento m\u00ednimo. Con todas las funcionalidades de la PS32, la nueva tijera PS32 EVO cuenta con potencia incrementada gracias a un cabezal m\u00e1s eficiente y a un motor mejorado y optimizado. Las nuevas cuchillas est\u00e1n recubiertas de pol\u00edmero que reduce la fricci\u00f3n y facilita el corte. La ARVIPO PS32 EVO cuenta con doble abertura de hojas y corte progresivo que le permite a trav\u00e9s de la activaci\u00f3n desde el gatillo el cambio de la apertura de hojas sin esperas, controlando desde el gatillo el di\u00e1metro de corte deseado. Provista de pantalla LCD integrada con contador de cortes y control de carga de bater\u00eda. Adecuada para poda extensiva en olivicultura, viticultura, fruticultura, citricultura, viverismo y jardiner\u00eda.<\/p>\n<p>&nbsp;<\/p>\n<p>NUEVAS CUCHILLAS ESPECIAL VI\u00d1A<\/p>\n<p>La\u00a0<strong>ARVIPO PS32 Vi<\/strong>\u00a0ha sido concebida segun los requerimientos espec\u00edficos en la poda de la vi\u00f1a. Es una tijera profesional con un equilibrio peso-potencia excelente y un mantenimiento m\u00ednimo.<\/p>\n<p>Constru\u00edda con cuchillas mejoradas especiales para el trabajo en vi\u00f1a, su dise\u00f1o ergon\u00f3mico asegura un rendimiento espectacular para la poda extensiva. Doble abertura de hojas y corte progresivo con pantalla integrada.<\/p>\n<p><img decoding=\"async\" src=\"https:\/\/www.arvipo.net\/IMAGES_5\/5466\/300_x_ps32vi-cuchlla.jpg\" alt=\"PS32vi\" \/><\/p>\n<p><strong class=\"color1\">NUEVAS CUCHILLAS ESPECIAL VI\u00d1A<\/strong><\/p>\n<p>Cuchillas especialmente dise\u00f1adas para el trabajo espec\u00edfico de poda en la vi\u00f1a, con hojas finas y alargadas que permiten un rendimiento \u00f3ptimo para este tipo de cultivo.<\/p>\n<p><strong class=\"color1\">M\u00c1XIMA SEGURIDAD<\/strong>\u00a0CUT PREVENT SYSTEM protege de cualquier corte, la tijera se para en contacto con la piel del podador. Efectivo en todas las condiciones meteorol\u00f3gicas. SMART BLADE (Hoja inteligente) que evita cortes de alambres indeseados<\/p>\n<\/div>\n<\/section>","protected":false},"excerpt":{"rendered":"<h5>TIJERA PODA ELECTRICA ARVIPO PS32 EVO VI HOJA ESPECIAL PARA VI\u00d1A CON SISTEMA DE SEGURIDAD ANTI CORTES.<\/h5>\n<h5>COMPATIBLE CON TODAS LAS BATERIAS DE LA FAMILIA 32 DE ARVIPO<\/h5>\n<h5>ELEGIR NUMERO DE BATERIAS OPCIONAL<\/h5>","protected":false},"featured_media":519,"template":"","meta":[],"product_brand":[],"product_cat":[29],"product_tag":[],"class_list":{"0":"post-521","1":"product","2":"type-product","3":"status-publish","4":"has-post-thumbnail","6":"product_cat-tijeras-de-podar","8":"first","9":"instock","10":"taxable","11":"shipping-taxable","12":"purchasable","13":"product-type-variable"},"_links":{"self":[{"href":"https:\/\/ferreteriasolera.com\/en\/wp-json\/wp\/v2\/product\/521","targetHints":{"allow":["GET"]}}],"collection":[{"href":"https:\/\/ferreteriasolera.com\/en\/wp-json\/wp\/v2\/product"}],"about":[{"href":"https:\/\/ferreteriasolera.com\/en\/wp-json\/wp\/v2\/types\/product"}],"wp:featuredmedia":[{"embeddable":true,"href":"https:\/\/ferreteriasolera.com\/en\/wp-json\/wp\/v2\/media\/519"}],"wp:attachment":[{"href":"https:\/\/ferreteriasolera.com\/en\/wp-json\/wp\/v2\/media?parent=521"}],"wp:term":[{"taxonomy":"product_brand","embeddable":true,"href":"https:\/\/ferreteriasolera.com\/en\/wp-json\/wp\/v2\/product_brand?post=521"},{"taxonomy":"product_cat","embeddable":true,"href":"https:\/\/ferreteriasolera.com\/en\/wp-json\/wp\/v2\/product_cat?post=521"},{"taxonomy":"product_tag","embeddable":true,"href":"https:\/\/ferreteriasolera.com\/en\/wp-json\/wp\/v2\/product_tag?post=521"}],"curies":[{"name":"wp","href":"https:\/\/api.w.org\/{rel}","templated":true}]}}