{"id":526,"date":"2023-07-12T00:31:23","date_gmt":"2023-07-12T00:31:23","guid":{"rendered":"https:\/\/ferreteriasolera.com\/?post_type=product&#038;p=526"},"modified":"2025-01-25T11:47:15","modified_gmt":"2025-01-25T11:47:15","slug":"tijera-arvipo-ps37-evo","status":"publish","type":"product","link":"https:\/\/ferreteriasolera.com\/en\/product\/tijera-arvipo-ps37-evo\/","title":{"rendered":"TIJERA ARVIPO PS37 EVO 2"},"content":{"rendered":"<p>La\u00a0<strong>ARVIPO PS37 EVO<\/strong>\u00a0es una tijera profesional mejorada para incrementar su potencia gracias a un cabezal m\u00e1s eficiente y un motor mejorado y optimizado. Sus nuevas cuchillas est\u00e1n recubiertas de pol\u00edmero, que reduce la fricci\u00f3n y facilita cortes precisos y m\u00e1s limpios.<\/p>\n<p>Est\u00e1 dise\u00f1ada con un excelente equilibrio pesopotencia, adem\u00e1s de contar con la ventaja de un mantenimiento m\u00ednimo. Entre sus prestaciones cuenta con la doble abertura de hojas y corte progresivo que le permite a trav\u00e9s de la activaci\u00f3n desde el gatillo el cambio de la apertura de hojas sin esperas, controlando el di\u00e1metro de corte deseado.<\/p>\n<p>Est\u00e1 provista de pantalla LCD integrada con contador de cortes y control de carga de bater\u00eda. Adecuada para poda extensiva en olivicultura, viticultura, fruticultura, citricultura, viverismo y jardiner\u00eda profesional.<\/p>\n<p><strong>MAYOR POTENCIA DE CORTE:<\/strong>\u00a0Potencia incrementada con un cabezal m\u00e1s eficiente y un motor mejorado y optimizado.<\/p>\n<p><strong>CUCHILLAS MEJORADES:<\/strong>\u00a0Nuevas cuchillas con nuevo recubrimiento de pol\u00edmero que facilita el corte.<\/p>\n<p><strong>AHORA COMPARTIENDO BATERIAS<\/strong>: Completa tu ARVIPO 37 EQUIP con herramientas que comparten el mismo voltaje para todas las herramientas<\/p>","protected":false},"excerpt":{"rendered":"<div id=\"short_description_block\">\n<div id=\"short_description_content\" class=\"rte align_justify\">\n<h5>TIJERA PODA ELECTRICA ARVIPO PS37 EVO CON SISTEMA DE SEGURIDAD ANTI CORTES.<\/h5>\n<h5>ELEGIR NUMERO DE BATERIAS OPCIONAL<\/h5>\n<\/div>\n<\/div>","protected":false},"featured_media":532,"template":"","meta":[],"product_brand":[],"product_cat":[29],"product_tag":[],"class_list":{"0":"post-526","1":"product","2":"type-product","3":"status-publish","4":"has-post-thumbnail","6":"product_cat-tijeras-de-podar","8":"first","9":"instock","10":"featured","11":"taxable","12":"shipping-taxable","13":"purchasable","14":"product-type-variable"},"_links":{"self":[{"href":"https:\/\/ferreteriasolera.com\/en\/wp-json\/wp\/v2\/product\/526","targetHints":{"allow":["GET"]}}],"collection":[{"href":"https:\/\/ferreteriasolera.com\/en\/wp-json\/wp\/v2\/product"}],"about":[{"href":"https:\/\/ferreteriasolera.com\/en\/wp-json\/wp\/v2\/types\/product"}],"wp:featuredmedia":[{"embeddable":true,"href":"https:\/\/ferreteriasolera.com\/en\/wp-json\/wp\/v2\/media\/532"}],"wp:attachment":[{"href":"https:\/\/ferreteriasolera.com\/en\/wp-json\/wp\/v2\/media?parent=526"}],"wp:term":[{"taxonomy":"product_brand","embeddable":true,"href":"https:\/\/ferreteriasolera.com\/en\/wp-json\/wp\/v2\/product_brand?post=526"},{"taxonomy":"product_cat","embeddable":true,"href":"https:\/\/ferreteriasolera.com\/en\/wp-json\/wp\/v2\/product_cat?post=526"},{"taxonomy":"product_tag","embeddable":true,"href":"https:\/\/ferreteriasolera.com\/en\/wp-json\/wp\/v2\/product_tag?post=526"}],"curies":[{"name":"wp","href":"https:\/\/api.w.org\/{rel}","templated":true}]}}