{"id":534,"date":"2023-07-12T00:37:11","date_gmt":"2023-07-12T00:37:11","guid":{"rendered":"https:\/\/ferreteriasolera.com\/?post_type=product&#038;p=534"},"modified":"2023-10-02T09:18:25","modified_gmt":"2023-10-02T09:18:25","slug":"tijera-arvipo-ps37-evo-master","status":"publish","type":"product","link":"https:\/\/ferreteriasolera.com\/en\/product\/tijera-arvipo-ps37-evo-master\/","title":{"rendered":"TIJERA ARVIPO PS37 EVO MASTER"},"content":{"rendered":"<section id=\"descriptionTab\" class=\"page-product-box\">\n<div class=\"rte\">\n<h5>LA ARVIPO PS37 EVO ES UNA TIJERA PROFESIONAL MEJORADA PARA INCREMENTAR SU POTENCIA GRACIAS A UN CABEZAL M\u00c1S EFICIENTE Y UN MOTOR MEJORADO Y OPTIMIZADO.<\/h5>\n<h5>SUS NUEVAS CUCHILLAS EST\u00c1N RECUBIERTAS DE POL\u00cdMERO, QUE REDUCE LA FRICCI\u00d3N Y FACILITA CORTES PRECISOS Y M\u00c1S LIMPIOS. EST\u00c1 DISE\u00d1ADA CON UN EXCELENTE EQUILIBRIO PESOPOTENCIA, ADEM\u00c1S DE CONTAR CON LA VENTAJA DE UN MANTENIMIENTO M\u00cdNIMO. ENTRE SUS PRESTACIONES CUENTA CON LA DOBLE ABERTURA DE HOJAS Y CORTE PROGRESIVO QUE LE PERMITE A TRAV\u00c9S DE LA ACTIVACI\u00d3N DESDE EL GATILLO EL CAMBIO DE LA APERTURA DE HOJAS SIN ESPERAS, CONTROLANDO EL DI\u00c1METRO DE CORTE DESEADOST\u00c1 PROVISTA DE PANTALLA LCD INTEGRADA CON CONTADOR DE CORTES Y CONTROL DE CARGA DE BATER\u00cdA<\/h5>\n<h5>TIENE UN RENDIMENTO ESPECTACULAR PARA CUALQUIER TIPO DE PODA EXTENSIVA. DOBLE ABERTURA DE HOJAS, CORTE PROGRESIVO CON PANTALLA INTEGRADA Y UN MANTENIEMENTO M\u00cdNIMO<\/h5>\n<ul>\n<li>\n<h5>MAYOR TAMA\u00d1O<\/h5>\n<\/li>\n<li>\n<h5>PANTALLA INTEGRADA CONTADOR DE CORTE<\/h5>\n<\/li>\n<\/ul>\n<h5>LA BATER\u00cdA EXTRA\u00cdBLE OTORGA LIBERTAD DE MOVIMIENTO. CONFIGURE SU EQUIPO CON LA CANTIDAD DE BATER\u00cdAS QUE NECESITE.<\/h5>\n<h5><strong class=\"color1\">M\u00c1XIMA SEGURIDAD<\/strong><\/h5>\n<h5><strong>CUT PREVENT SYSTEM<\/strong>\u00a0PROTEGE DE CUALQUIER CORTE, LA TIJERA SE PARA EN CONTACTO CON LA PIEL DEL PODADOR.<br \/>\nEFECTIVO EN TODAS LAS CONDICIONES METEOROL\u00d3GICAS.<\/h5>\n<h5><strong>SMART BLADE<\/strong>\u00a0(HOJA INTELIGENTE) QUE EVITA CORTES DE ALAMBRES INDESEADOS.<\/h5>\n<p>&nbsp;<\/p>\n<p><img decoding=\"async\" src=\"https:\/\/www.arvipo.net\/IMAGES_5\/02-caracteristicas-ps37-master.jpg\" alt=\"ARVIPO PS37 MASTER\" \/><\/p>\n<\/div>\n<\/section>","protected":false},"excerpt":{"rendered":"<div id=\"short_description_block\">\n<div id=\"short_description_content\" class=\"rte align_justify\">\n<h5>LA TIJERA DE MAYOR POTENCIA CON BATER\u00cdA INCORPORADA Y SISTEMA ANTI CORTE CPS<\/h5>\n<h5>LA\u00a0<span class=\"color1\">ARVIPO PS37 MASTER<\/span>\u00a0ES LA TIJERA PROFESIONAL DE MAYOR POTENCIA CON BATER\u00cdA INCORPORADA. EL DISE\u00d1O MEJORADO DE SUS CUCHILLAS\u00a0<strong>AUMENTA SU POTENCIA DE CORTE HASTA UN 25%<\/strong>.<\/h5>\n<h5>ELEGIR NUMERO DE BATERIAS OPCIONAL<\/h5>\n<\/div>\n<\/div>","protected":false},"featured_media":539,"template":"","meta":[],"product_brand":[],"product_cat":[29],"product_tag":[],"class_list":{"0":"post-534","1":"product","2":"type-product","3":"status-publish","4":"has-post-thumbnail","6":"product_cat-tijeras-de-podar","8":"first","9":"instock","10":"taxable","11":"shipping-taxable","12":"purchasable","13":"product-type-variable"},"_links":{"self":[{"href":"https:\/\/ferreteriasolera.com\/en\/wp-json\/wp\/v2\/product\/534","targetHints":{"allow":["GET"]}}],"collection":[{"href":"https:\/\/ferreteriasolera.com\/en\/wp-json\/wp\/v2\/product"}],"about":[{"href":"https:\/\/ferreteriasolera.com\/en\/wp-json\/wp\/v2\/types\/product"}],"wp:featuredmedia":[{"embeddable":true,"href":"https:\/\/ferreteriasolera.com\/en\/wp-json\/wp\/v2\/media\/539"}],"wp:attachment":[{"href":"https:\/\/ferreteriasolera.com\/en\/wp-json\/wp\/v2\/media?parent=534"}],"wp:term":[{"taxonomy":"product_brand","embeddable":true,"href":"https:\/\/ferreteriasolera.com\/en\/wp-json\/wp\/v2\/product_brand?post=534"},{"taxonomy":"product_cat","embeddable":true,"href":"https:\/\/ferreteriasolera.com\/en\/wp-json\/wp\/v2\/product_cat?post=534"},{"taxonomy":"product_tag","embeddable":true,"href":"https:\/\/ferreteriasolera.com\/en\/wp-json\/wp\/v2\/product_tag?post=534"}],"curies":[{"name":"wp","href":"https:\/\/api.w.org\/{rel}","templated":true}]}}