{"id":545,"date":"2023-07-12T11:26:40","date_gmt":"2023-07-12T11:26:40","guid":{"rendered":"https:\/\/ferreteriasolera.com\/?post_type=product&#038;p=545"},"modified":"2025-06-02T16:50:05","modified_gmt":"2025-06-02T16:50:05","slug":"sierra-selion-m12-evo-pellenc","status":"publish","type":"product","link":"https:\/\/ferreteriasolera.com\/en\/product\/sierra-selion-m12-evo-pellenc\/","title":{"rendered":"SIERRA SELION M12 EVO PELLENC"},"content":{"rendered":"<p>Selion M12 es la sierra podadora de cadena m\u00e1s ligera del mercado, con una calidad de corte y una facilidad de manejo excepcionales.<\/p>\n<div class=\"flex_column av_one_half flex_column_div first avia-builder-el-6 el_after_av_one_full el_before_av_one_half column-top-margin\">\n<div class=\"avia_textblock\">\n<p><strong>Rentabilidad<\/strong><\/p>\n<div class=\"content_liste\">\n<div class=\"ligne_list\">\n<div class=\"liste\">\n<ul>\n<li>Cero consumo de combustible<\/li>\n<li>Motor el\u00e9ctrico Brushless PELLENC sin fricci\u00f3n, de alto rendimiento, sin mantenimiento<\/li>\n<li>Vida \u00fatil excepcional: el motor Brushless PELLENC gira a 5400 rpm, sin desgaste ni chispa y desarrolla una potencia m\u00e1xima con las dimensiones m\u00ednimas<\/li>\n<li>Consume un 30\u00a0% de aceite menos que una herramienta t\u00e9rmica<\/li>\n<\/ul>\n<\/div>\n<\/div>\n<\/div>\n<\/div>\n<div class=\"avia_textblock\">\n<p><strong>Eficacia<\/strong><\/p>\n<div class=\"content_liste\">\n<div class=\"ligne_list\">\n<div class=\"liste\">\n<ul>\n<li>Calidad de corte y precisi\u00f3n excepcionales con la gu\u00eda carving para poda especial<\/li>\n<li>Trabaje una jornada completa sin recargar, seg\u00fan la bater\u00eda escogida<\/li>\n<li>Sierra podadora de cadena para trabajos de poda de hasta 15 cm en viticultura y arboricultura<\/li>\n<li>Tensi\u00f3n autom\u00e1tica de la cadena<\/li>\n<li>Llave plegable<\/li>\n<li>Tensi\u00f3n autom\u00e1tica de la cadena<\/li>\n<li>Gesti\u00f3n electr\u00f3nica del caudal de aceite<\/li>\n<li>Freno de cadena electr\u00f3nico<\/li>\n<\/ul>\n<p><strong>BATERIA NO INCLUIDA<\/strong><\/p>\n<\/div>\n<\/div>\n<\/div>\n<\/div>\n<\/div>","protected":false},"excerpt":{"rendered":"<p>SIERRA SELION M12<\/p>\n<p>Selion M12 es la podadora de mano m\u00e1s ligera del mercado con una calidad de corte y manejabilidad excepcionales.\u00a0<strong>(Adaptable a cualquier bateria Pellenc No incluye bateria)<\/strong><\/p>","protected":false},"featured_media":548,"template":"","meta":[],"product_brand":[],"product_cat":[32],"product_tag":[],"class_list":{"0":"post-545","1":"product","2":"type-product","3":"status-publish","4":"has-post-thumbnail","6":"product_cat-herrameintas-bateria","8":"first","9":"instock","10":"taxable","11":"shipping-taxable","12":"purchasable","13":"product-type-simple"},"_links":{"self":[{"href":"https:\/\/ferreteriasolera.com\/en\/wp-json\/wp\/v2\/product\/545","targetHints":{"allow":["GET"]}}],"collection":[{"href":"https:\/\/ferreteriasolera.com\/en\/wp-json\/wp\/v2\/product"}],"about":[{"href":"https:\/\/ferreteriasolera.com\/en\/wp-json\/wp\/v2\/types\/product"}],"wp:featuredmedia":[{"embeddable":true,"href":"https:\/\/ferreteriasolera.com\/en\/wp-json\/wp\/v2\/media\/548"}],"wp:attachment":[{"href":"https:\/\/ferreteriasolera.com\/en\/wp-json\/wp\/v2\/media?parent=545"}],"wp:term":[{"taxonomy":"product_brand","embeddable":true,"href":"https:\/\/ferreteriasolera.com\/en\/wp-json\/wp\/v2\/product_brand?post=545"},{"taxonomy":"product_cat","embeddable":true,"href":"https:\/\/ferreteriasolera.com\/en\/wp-json\/wp\/v2\/product_cat?post=545"},{"taxonomy":"product_tag","embeddable":true,"href":"https:\/\/ferreteriasolera.com\/en\/wp-json\/wp\/v2\/product_tag?post=545"}],"curies":[{"name":"wp","href":"https:\/\/api.w.org\/{rel}","templated":true}]}}