{"id":552,"date":"2023-07-12T12:08:47","date_gmt":"2023-07-12T12:08:47","guid":{"rendered":"https:\/\/ferreteriasolera.com\/?post_type=product&#038;p=552"},"modified":"2025-06-02T16:49:52","modified_gmt":"2025-06-02T16:49:52","slug":"sierra-selion-c21-hd-pellenc","status":"publish","type":"product","link":"https:\/\/ferreteriasolera.com\/en\/product\/sierra-selion-c21-hd-pellenc\/","title":{"rendered":"SIERRA SELION C21 HD PELLENC"},"content":{"rendered":"<h1>PODADORA SELION C21 HD PELLENC<\/h1>\n<div id=\"short_description_block\">\n<div id=\"short_description_content\" class=\"rte align_justify\">\n<p>Equipada con numerosas innovaciones, la nueva motosierra de poda SELION C21 HD tiene m\u00e1s par motor y es la m\u00e1s ligera del mercado.<\/p>\n<p><strong>Profesional<\/strong><\/p>\n<div class=\"content_liste\">\n<div class=\"ligne_list\">\n<div class=\"liste\">\n<ul>\n<li>Especialmente creada para podadores de altura, con uso de la bater\u00eda ultraplana POLY 5<\/li>\n<li>Motor Brushless PELLENC\u00a02000 W\u00a0(equivalente a 45 cm3)<\/li>\n<li>Nuevo motor que asegura un mejor rendimiento (mayor par)<\/li>\n<li>Nuevo c\u00e1rter de magnesio para una mejor evacuaci\u00f3n de virutas<\/li>\n<li>Nueva gu\u00eda que garantiza una tensi\u00f3n de la cadena constante y \u00f3ptima<\/li>\n<li>Autonom\u00eda de una jornada de trabajo en altura<\/li>\n<\/ul>\n<\/div>\n<\/div>\n<\/div>\n<p><strong>Ergon\u00f3mica<\/strong><\/p>\n<div class=\"content_liste\">\n<div class=\"ligne_list\">\n<div class=\"liste\">\n<ul>\n<li>Solo pesa 2 kg en la mano<\/li>\n<li>Garfio que permite colgarla m\u00e1s f\u00e1cilmente de las ramas y el tronco<\/li>\n<li>Protecci\u00f3n delantera reforzada de la mano<\/li>\n<\/ul>\n<\/div>\n<\/div>\n<\/div>\n<p><strong>Rentable<\/strong><\/p>\n<div class=\"content_liste\">\n<div class=\"ligne_list\">\n<div class=\"liste\">\n<ul>\n<li>7 \u20ac de ahorro diario de gasolina como m\u00ednimo<\/li>\n<li>Ahorro de tiempo<\/li>\n<li>Bajo mantenimiento<\/li>\n<li>Consume hasta un 30 % menos\u00a0de aceite de cadenA<\/li>\n<\/ul>\n<p><strong>NO INCLUYE BATERIA<\/strong><\/p>\n<\/div>\n<\/div>\n<\/div>\n<\/div>\n<\/div>","protected":false},"excerpt":{"rendered":"<p>SIERRA SELION C21 HD<\/p>\n<p>La poda requiere un conocimiento preciso y material adecuado. PELLENC ofrece a los podadores un modelo que responder\u00e1 a las expectativas por su ligereza, equilibrio y potencia. Dotada de numerosas innovaciones, la motosierra de poda SELION C20 ha sido dise\u00f1ada para profesionales.<strong>\u00a0(Adaptable a cualquier bateria Pellenc. Bateria no Incluida)<\/strong><\/p>","protected":false},"featured_media":553,"template":"","meta":[],"product_brand":[],"product_cat":[32],"product_tag":[],"class_list":{"0":"post-552","1":"product","2":"type-product","3":"status-publish","4":"has-post-thumbnail","6":"product_cat-herrameintas-bateria","8":"first","9":"instock","10":"taxable","11":"shipping-taxable","12":"purchasable","13":"product-type-simple"},"_links":{"self":[{"href":"https:\/\/ferreteriasolera.com\/en\/wp-json\/wp\/v2\/product\/552","targetHints":{"allow":["GET"]}}],"collection":[{"href":"https:\/\/ferreteriasolera.com\/en\/wp-json\/wp\/v2\/product"}],"about":[{"href":"https:\/\/ferreteriasolera.com\/en\/wp-json\/wp\/v2\/types\/product"}],"wp:featuredmedia":[{"embeddable":true,"href":"https:\/\/ferreteriasolera.com\/en\/wp-json\/wp\/v2\/media\/553"}],"wp:attachment":[{"href":"https:\/\/ferreteriasolera.com\/en\/wp-json\/wp\/v2\/media?parent=552"}],"wp:term":[{"taxonomy":"product_brand","embeddable":true,"href":"https:\/\/ferreteriasolera.com\/en\/wp-json\/wp\/v2\/product_brand?post=552"},{"taxonomy":"product_cat","embeddable":true,"href":"https:\/\/ferreteriasolera.com\/en\/wp-json\/wp\/v2\/product_cat?post=552"},{"taxonomy":"product_tag","embeddable":true,"href":"https:\/\/ferreteriasolera.com\/en\/wp-json\/wp\/v2\/product_tag?post=552"}],"curies":[{"name":"wp","href":"https:\/\/api.w.org\/{rel}","templated":true}]}}