{"id":563,"date":"2023-07-12T12:15:29","date_gmt":"2023-07-12T12:15:29","guid":{"rendered":"https:\/\/ferreteriasolera.com\/?post_type=product&#038;p=563"},"modified":"2023-07-12T12:19:22","modified_gmt":"2023-07-12T12:19:22","slug":"motosierra-arvipo-mt32","status":"publish","type":"product","link":"https:\/\/ferreteriasolera.com\/en\/product\/motosierra-arvipo-mt32\/","title":{"rendered":"MOTOSIERRA ARVIPO MT32"},"content":{"rendered":"<section id=\"descriptionTab\" class=\"page-product-box\">\n<div class=\"rte\">\n<blockquote>\n<section id=\"descriptionTab\" class=\"page-product-box\">\n<div class=\"rte\">\n<blockquote><p>Herramienta s\u00faper ligera y muy manejable, ideal para trabajos de poda con una sola mano<\/p><\/blockquote>\n<p>La ARVIPO MT32 es una herramienta s\u00faper ligera y muy manejable, ideal para trabajos de poda con una sola mano. Por su ligereza, es c\u00f3moda y adaptable y facilita la poda evitando las manos cansadas, adem\u00e1s de contar con un protector contra salpicaduras que garantiza una poda segura. Es la pareja perfecta de la tijera el\u00e9ctrica PS32 para una poda f\u00e1cil y muy eficiente, con la que comparte bater\u00eda para su mejor aprovechamiento.<\/p>\n<p><strong class=\"color1\">BATER\u00cdA INCORPORADA O EXTRA\u00cdBLE<\/strong><\/p>\n<p>La bater\u00eda extra\u00edble otorga libertad de movimiento y gracias al accesorio del cable prolongador se puede escoger entre el funcionamiento con bater\u00eda incorporada o transportarla a parte seg\u00fan las condiciones y tiempo de trabajo.<br \/>\nConfigure su equipo con la cantidad de bater\u00edas que necesite.<\/p>\n<p><img decoding=\"async\" src=\"https:\/\/www.arvipo.net\/IMAGES_5\/mt32-caracteristicas.jpg\" alt=\"mt32-motosierr-bateria\" \/><\/p>\n<p><img decoding=\"async\" src=\"https:\/\/www.arvipo.net\/IMAGES_5\/mt32-motosierra-bateria-01.jpg\" alt=\"mt32-motosierr-bateria-02\" \/><\/p>\n<p>&nbsp;<\/p>\n<p>&nbsp;<\/p>\n<\/div>\n<\/section>\n<section id=\"additionalTabGlobal\" class=\"page-product-box\">\n<h3 class=\"page-product-heading\">SAMPLE TAB<\/h3>\n<\/section>\n<\/blockquote>\n<\/div>\n<\/section>","protected":false},"excerpt":{"rendered":"<h5>MOTOSIERRA BATERIA ARVIPO MT32<\/h5>\n<h5>COMPATIBLE CON TODAS LAS BATERIAS DE LA FAMILIA 32 DE ARVIPO<\/h5>\n<h5>ELEGIR NUMERO DE BATERIAS OPCIONAL<\/h5>","protected":false},"featured_media":568,"template":"","meta":[],"product_brand":[],"product_cat":[32],"product_tag":[],"class_list":{"0":"post-563","1":"product","2":"type-product","3":"status-publish","4":"has-post-thumbnail","6":"product_cat-herrameintas-bateria","8":"first","9":"instock","10":"taxable","11":"shipping-taxable","12":"purchasable","13":"product-type-variable"},"_links":{"self":[{"href":"https:\/\/ferreteriasolera.com\/en\/wp-json\/wp\/v2\/product\/563","targetHints":{"allow":["GET"]}}],"collection":[{"href":"https:\/\/ferreteriasolera.com\/en\/wp-json\/wp\/v2\/product"}],"about":[{"href":"https:\/\/ferreteriasolera.com\/en\/wp-json\/wp\/v2\/types\/product"}],"wp:featuredmedia":[{"embeddable":true,"href":"https:\/\/ferreteriasolera.com\/en\/wp-json\/wp\/v2\/media\/568"}],"wp:attachment":[{"href":"https:\/\/ferreteriasolera.com\/en\/wp-json\/wp\/v2\/media?parent=563"}],"wp:term":[{"taxonomy":"product_brand","embeddable":true,"href":"https:\/\/ferreteriasolera.com\/en\/wp-json\/wp\/v2\/product_brand?post=563"},{"taxonomy":"product_cat","embeddable":true,"href":"https:\/\/ferreteriasolera.com\/en\/wp-json\/wp\/v2\/product_cat?post=563"},{"taxonomy":"product_tag","embeddable":true,"href":"https:\/\/ferreteriasolera.com\/en\/wp-json\/wp\/v2\/product_tag?post=563"}],"curies":[{"name":"wp","href":"https:\/\/api.w.org\/{rel}","templated":true}]}}