{"id":724,"date":"2023-09-22T15:51:51","date_gmt":"2023-09-22T15:51:51","guid":{"rendered":"https:\/\/ferreteriasolera.com\/?post_type=product&#038;p=724"},"modified":"2025-06-02T16:45:22","modified_gmt":"2025-06-02T16:45:22","slug":"motosierra-oleo-mac-gsh-510-copia","status":"publish","type":"product","link":"https:\/\/ferreteriasolera.com\/en\/product\/motosierra-oleo-mac-gsh-510-copia\/","title":{"rendered":"MOTOSIERRA OLEO-MAC GSH 510"},"content":{"rendered":"<p>Caracter\u00edsticas:<br \/>\n&#8211; Cilindrada. 50.9 c.c.<br \/>\n&#8211; Potencia: 3 HP &#8211; 2.2 kW<br \/>\n&#8211; Espada: 18&#8243; &#8211; .325 Oregon<br \/>\n&#8211; Cadena: 72E &#8211; .058 Oregon<br \/>\n&#8211; Arranque f\u00e1cil<br \/>\n&#8211; Peso: 5.4 kg<\/p>","protected":false},"excerpt":{"rendered":"<p>MOTOSIERRA OLEO-MAC GSH 510<\/p>\n<p>La motosierra OLEO-MAC GSH 510 permite realizar todo tipo de tareas con el menor esfuerzo posible gracias a su sistema de arranque f\u00e1cil y su motor de 58cc. Adem\u00e1s, permite f\u00e1cil acceso al filtro de aire con su tapa de acceso r\u00e1pido.<\/p>","protected":false},"featured_media":725,"template":"","meta":[],"product_brand":[],"product_cat":[30,40],"product_tag":[],"class_list":{"0":"post-724","1":"product","2":"type-product","3":"status-publish","4":"has-post-thumbnail","6":"product_cat-huerto-jardin","7":"product_cat-motosierra-gasolina","9":"first","10":"instock","11":"taxable","12":"shipping-taxable","13":"purchasable","14":"product-type-simple"},"_links":{"self":[{"href":"https:\/\/ferreteriasolera.com\/en\/wp-json\/wp\/v2\/product\/724","targetHints":{"allow":["GET"]}}],"collection":[{"href":"https:\/\/ferreteriasolera.com\/en\/wp-json\/wp\/v2\/product"}],"about":[{"href":"https:\/\/ferreteriasolera.com\/en\/wp-json\/wp\/v2\/types\/product"}],"wp:featuredmedia":[{"embeddable":true,"href":"https:\/\/ferreteriasolera.com\/en\/wp-json\/wp\/v2\/media\/725"}],"wp:attachment":[{"href":"https:\/\/ferreteriasolera.com\/en\/wp-json\/wp\/v2\/media?parent=724"}],"wp:term":[{"taxonomy":"product_brand","embeddable":true,"href":"https:\/\/ferreteriasolera.com\/en\/wp-json\/wp\/v2\/product_brand?post=724"},{"taxonomy":"product_cat","embeddable":true,"href":"https:\/\/ferreteriasolera.com\/en\/wp-json\/wp\/v2\/product_cat?post=724"},{"taxonomy":"product_tag","embeddable":true,"href":"https:\/\/ferreteriasolera.com\/en\/wp-json\/wp\/v2\/product_tag?post=724"}],"curies":[{"name":"wp","href":"https:\/\/api.w.org\/{rel}","templated":true}]}}