{"id":732,"date":"2023-09-22T17:24:52","date_gmt":"2023-09-22T17:24:52","guid":{"rendered":"https:\/\/ferreteriasolera.com\/?post_type=product&#038;p=732"},"modified":"2023-09-22T17:59:54","modified_gmt":"2023-09-22T17:59:54","slug":"motosierra-oleo-mac-gsh-400","status":"publish","type":"product","link":"https:\/\/ferreteriasolera.com\/en\/product\/motosierra-oleo-mac-gsh-400\/","title":{"rendered":"MOTOSIERRA OLEO-MAC GSH 400"},"content":{"rendered":"<p>Caracter\u00edsticas:<\/p>\n<p>Cilindrada: 38.9 c.c.<\/p>\n<p>Potencia: 2.3 HP \/ 1.7 kW<\/p>\n<p>Espada 41 CM &#8211; 3\/8 OREGON<\/p>\n<p>Cadena 57E &#8211; .050 OREGON<\/p>\n<p>Peso: 4.5 kg<\/p>\n<p>Tipo carburador: Walbro<\/p>","protected":false},"excerpt":{"rendered":"<p>MOTOSIERRA PODA OLEO-MAC GSH 400<\/p>\n<p>Motosierra con motor de \u00faltima generaci\u00f3n con carburador Walbro. Su motor de 38.9 cc desarrolla una gran potencia con un bajo consumo. Dise\u00f1o ergon\u00f3mico. Equipada con una espada de 16 \u201c Oregon. Incluye un sistema de f\u00e1cil arranque y f\u00e1cil apertura del cap\u00f3.<\/p>\n<div class=\"producto-body\">\n<div class=\"field field--name-body field--type-text-with-summary field--label-hidden field--item\"><\/div>\n<\/div>","protected":false},"featured_media":733,"template":"","meta":[],"product_brand":[],"product_cat":[30,40],"product_tag":[],"class_list":{"0":"post-732","1":"product","2":"type-product","3":"status-publish","4":"has-post-thumbnail","6":"product_cat-huerto-jardin","7":"product_cat-motosierra-gasolina","9":"first","10":"instock","11":"taxable","12":"shipping-taxable","13":"purchasable","14":"product-type-simple"},"_links":{"self":[{"href":"https:\/\/ferreteriasolera.com\/en\/wp-json\/wp\/v2\/product\/732","targetHints":{"allow":["GET"]}}],"collection":[{"href":"https:\/\/ferreteriasolera.com\/en\/wp-json\/wp\/v2\/product"}],"about":[{"href":"https:\/\/ferreteriasolera.com\/en\/wp-json\/wp\/v2\/types\/product"}],"wp:featuredmedia":[{"embeddable":true,"href":"https:\/\/ferreteriasolera.com\/en\/wp-json\/wp\/v2\/media\/733"}],"wp:attachment":[{"href":"https:\/\/ferreteriasolera.com\/en\/wp-json\/wp\/v2\/media?parent=732"}],"wp:term":[{"taxonomy":"product_brand","embeddable":true,"href":"https:\/\/ferreteriasolera.com\/en\/wp-json\/wp\/v2\/product_brand?post=732"},{"taxonomy":"product_cat","embeddable":true,"href":"https:\/\/ferreteriasolera.com\/en\/wp-json\/wp\/v2\/product_cat?post=732"},{"taxonomy":"product_tag","embeddable":true,"href":"https:\/\/ferreteriasolera.com\/en\/wp-json\/wp\/v2\/product_tag?post=732"}],"curies":[{"name":"wp","href":"https:\/\/api.w.org\/{rel}","templated":true}]}}