{"id":736,"date":"2023-09-22T18:14:52","date_gmt":"2023-09-22T18:14:52","guid":{"rendered":"https:\/\/ferreteriasolera.com\/?post_type=product&#038;p=736"},"modified":"2023-09-22T18:21:11","modified_gmt":"2023-09-22T18:21:11","slug":"motosierra-oleo-mac-gs-630","status":"publish","type":"product","link":"https:\/\/ferreteriasolera.com\/en\/product\/motosierra-oleo-mac-gs-630\/","title":{"rendered":"MOTOSIERRA OLEO-MAC GS 630"},"content":{"rendered":"<p>Caracter\u00edsticas:<br \/>\n&#8211; Cilindrada. 63.2 c.c.<br \/>\n&#8211; Potencia: 4.7 HP &#8211; 3.5 kW<br \/>\n&#8211; Espada: 18&#8243; &#8211; .325 Oregon<br \/>\n&#8211; Cadena: 72E &#8211; .058 Oregon<br \/>\n&#8211; Arranque f\u00e1cil<br \/>\n&#8211; Peso: 5.8 kg<\/p>","protected":false},"excerpt":{"rendered":"<p>MOTOSIERRA PODA Y TALA OLEO-MAC GS630<\/p>\n<p>La motosierra OLEO-MAC GS 630 , c\u00e1rter fabricado en magnesio: durabilidad y ligereza, permite realizar todo tipo de tareas con el menor esfuerzo posible gracias a su sistema de arranque f\u00e1cil y su motor de 63.2cc. Adem\u00e1s, permite f\u00e1cil acceso al filtro de aire con su tapa de acceso r\u00e1pido.<\/p>","protected":false},"featured_media":737,"template":"","meta":[],"product_brand":[],"product_cat":[40],"product_tag":[],"class_list":{"0":"post-736","1":"product","2":"type-product","3":"status-publish","4":"has-post-thumbnail","6":"product_cat-motosierra-gasolina","8":"first","9":"instock","10":"taxable","11":"shipping-taxable","12":"purchasable","13":"product-type-simple"},"_links":{"self":[{"href":"https:\/\/ferreteriasolera.com\/en\/wp-json\/wp\/v2\/product\/736","targetHints":{"allow":["GET"]}}],"collection":[{"href":"https:\/\/ferreteriasolera.com\/en\/wp-json\/wp\/v2\/product"}],"about":[{"href":"https:\/\/ferreteriasolera.com\/en\/wp-json\/wp\/v2\/types\/product"}],"wp:featuredmedia":[{"embeddable":true,"href":"https:\/\/ferreteriasolera.com\/en\/wp-json\/wp\/v2\/media\/737"}],"wp:attachment":[{"href":"https:\/\/ferreteriasolera.com\/en\/wp-json\/wp\/v2\/media?parent=736"}],"wp:term":[{"taxonomy":"product_brand","embeddable":true,"href":"https:\/\/ferreteriasolera.com\/en\/wp-json\/wp\/v2\/product_brand?post=736"},{"taxonomy":"product_cat","embeddable":true,"href":"https:\/\/ferreteriasolera.com\/en\/wp-json\/wp\/v2\/product_cat?post=736"},{"taxonomy":"product_tag","embeddable":true,"href":"https:\/\/ferreteriasolera.com\/en\/wp-json\/wp\/v2\/product_tag?post=736"}],"curies":[{"name":"wp","href":"https:\/\/api.w.org\/{rel}","templated":true}]}}