{"id":738,"date":"2023-09-22T18:21:35","date_gmt":"2023-09-22T18:21:35","guid":{"rendered":"https:\/\/ferreteriasolera.com\/?post_type=product&#038;p=738"},"modified":"2024-01-23T07:58:24","modified_gmt":"2024-01-23T07:58:24","slug":"motosierra-ole-mac-gs-451","status":"publish","type":"product","link":"https:\/\/ferreteriasolera.com\/en\/product\/motosierra-ole-mac-gs-451\/","title":{"rendered":"MOTOSIERRA OLE-MAC GS 451"},"content":{"rendered":"<p>Caracter\u00edsticas:<br \/>\n&#8211; Cilindrada. 42.9 c.c.<br \/>\n&#8211; Potencia: 2.9 HP &#8211; 2.1 kW<br \/>\n&#8211; Espada: 16&#8243; &#8211; .325 Oregon<br \/>\n&#8211; Cadena: 66E &#8211; .050 Oregon<br \/>\n&#8211; Arranque f\u00e1cil<br \/>\n&#8211; Peso: 4.5 kg<\/p>","protected":false},"excerpt":{"rendered":"<p>MOTOSIERRA PODA Y TALA OLEO-MAC GS 451<\/p>\n<p>La motosierra OLEO-MAC GS 451 permite realizar todo tipo de tareas con el menor esfuerzo posible gracias a su sistema de arranque f\u00e1cil y su motor de 42.9 cc. Adem\u00e1s, permite f\u00e1cil acceso al filtro de aire con su tapa de acceso r\u00e1pido.<\/p>","protected":false},"featured_media":739,"template":"","meta":[],"product_brand":[],"product_cat":[40],"product_tag":[],"class_list":{"0":"post-738","1":"product","2":"type-product","3":"status-publish","4":"has-post-thumbnail","6":"product_cat-motosierra-gasolina","8":"first","9":"outofstock","10":"taxable","11":"shipping-taxable","12":"purchasable","13":"product-type-simple"},"_links":{"self":[{"href":"https:\/\/ferreteriasolera.com\/en\/wp-json\/wp\/v2\/product\/738","targetHints":{"allow":["GET"]}}],"collection":[{"href":"https:\/\/ferreteriasolera.com\/en\/wp-json\/wp\/v2\/product"}],"about":[{"href":"https:\/\/ferreteriasolera.com\/en\/wp-json\/wp\/v2\/types\/product"}],"wp:featuredmedia":[{"embeddable":true,"href":"https:\/\/ferreteriasolera.com\/en\/wp-json\/wp\/v2\/media\/739"}],"wp:attachment":[{"href":"https:\/\/ferreteriasolera.com\/en\/wp-json\/wp\/v2\/media?parent=738"}],"wp:term":[{"taxonomy":"product_brand","embeddable":true,"href":"https:\/\/ferreteriasolera.com\/en\/wp-json\/wp\/v2\/product_brand?post=738"},{"taxonomy":"product_cat","embeddable":true,"href":"https:\/\/ferreteriasolera.com\/en\/wp-json\/wp\/v2\/product_cat?post=738"},{"taxonomy":"product_tag","embeddable":true,"href":"https:\/\/ferreteriasolera.com\/en\/wp-json\/wp\/v2\/product_tag?post=738"}],"curies":[{"name":"wp","href":"https:\/\/api.w.org\/{rel}","templated":true}]}}