{"id":743,"date":"2023-09-22T18:32:20","date_gmt":"2023-09-22T18:32:20","guid":{"rendered":"https:\/\/ferreteriasolera.com\/?post_type=product&#038;p=743"},"modified":"2023-09-22T18:44:30","modified_gmt":"2023-09-22T18:44:30","slug":"motosierra-poda-oleo-mac-gsth-240","status":"publish","type":"product","link":"https:\/\/ferreteriasolera.com\/en\/product\/motosierra-poda-oleo-mac-gsth-240\/","title":{"rendered":"MOTOSIERRA PODA OLEO-MAC GSTH 240"},"content":{"rendered":"<div class=\"columna\">\n<p>Caracter\u00edsticas:<br \/>\nCilindrada: 25,4 C.C.<br \/>\nPotencia: 1.2 HP \/ 0.9 kW<br \/>\nEspada: 10\u201d &#8211; 3\/8 BP OREGON<br \/>\nCadena: 40E &#8211; .050 OREGON<br \/>\nPeso: 3,2 Kg<br \/>\nTipo Carburador: Walbro<\/p>\n<p>&nbsp;<\/p>\n<\/div>\n<div class=\"columna\">\n<p>Descripci\u00f3n:<br \/>\n&#8211; Especial poda<br \/>\n&#8211; Peso reducido<br \/>\n&#8211; F\u00e1cil manejo<br \/>\n&#8211; Bajas emisiones EURO II<br \/>\n&#8211; Antivibraci\u00f3n<br \/>\n&#8211; Cebador de combustible<\/p>\n<\/div>","protected":false},"excerpt":{"rendered":"<p>MOTOSIERRA PODA OLEO-MAC GSTH 240<\/p>\n<p>La motosierra OLEO-MAC GSTH 240 est\u00e1 ideada para el f\u00e1cil manejo en actividades de poda. Este modelo cuenta con sistema antivibraci\u00f3n para facilitar el manejo y engrase regulable lo que permite mayor eficiencia de la m\u00e1quina. Adem\u00e1s, gracias al peso reducido y equilibrado de sus componentes, hace que el usuario tenga una experiencia sumamente satisfactoria.<\/p>","protected":false},"featured_media":744,"template":"","meta":[],"product_brand":[],"product_cat":[40],"product_tag":[],"class_list":{"0":"post-743","1":"product","2":"type-product","3":"status-publish","4":"has-post-thumbnail","6":"product_cat-motosierra-gasolina","8":"first","9":"instock","10":"taxable","11":"shipping-taxable","12":"purchasable","13":"product-type-simple"},"_links":{"self":[{"href":"https:\/\/ferreteriasolera.com\/en\/wp-json\/wp\/v2\/product\/743","targetHints":{"allow":["GET"]}}],"collection":[{"href":"https:\/\/ferreteriasolera.com\/en\/wp-json\/wp\/v2\/product"}],"about":[{"href":"https:\/\/ferreteriasolera.com\/en\/wp-json\/wp\/v2\/types\/product"}],"wp:featuredmedia":[{"embeddable":true,"href":"https:\/\/ferreteriasolera.com\/en\/wp-json\/wp\/v2\/media\/744"}],"wp:attachment":[{"href":"https:\/\/ferreteriasolera.com\/en\/wp-json\/wp\/v2\/media?parent=743"}],"wp:term":[{"taxonomy":"product_brand","embeddable":true,"href":"https:\/\/ferreteriasolera.com\/en\/wp-json\/wp\/v2\/product_brand?post=743"},{"taxonomy":"product_cat","embeddable":true,"href":"https:\/\/ferreteriasolera.com\/en\/wp-json\/wp\/v2\/product_cat?post=743"},{"taxonomy":"product_tag","embeddable":true,"href":"https:\/\/ferreteriasolera.com\/en\/wp-json\/wp\/v2\/product_tag?post=743"}],"curies":[{"name":"wp","href":"https:\/\/api.w.org\/{rel}","templated":true}]}}