{"id":745,"date":"2023-09-22T18:35:29","date_gmt":"2023-09-22T18:35:29","guid":{"rendered":"https:\/\/ferreteriasolera.com\/?post_type=product&#038;p=745"},"modified":"2023-09-25T15:16:05","modified_gmt":"2023-09-25T15:16:05","slug":"motosierra-poda-oleo-mac-gst-250","status":"publish","type":"product","link":"https:\/\/ferreteriasolera.com\/en\/product\/motosierra-poda-oleo-mac-gst-250\/","title":{"rendered":"MOTOSIERRA PODA OLEO-MAC GST 250"},"content":{"rendered":"<p><strong>Caracter\u00edsticas:<br \/>\n&#8211; Cilindrada: 25.4 c.c.<br \/>\n&#8211; Potencia: 1.3HP &#8211; 1 kW<br \/>\n&#8211; Espada: 10&#8243; &#8211; 1\/4 BP<br \/>\n&#8211; Cadena 58E &#8211; .050<br \/>\n&#8211; Peso: 2.7 kg<\/strong><\/p>","protected":false},"excerpt":{"rendered":"<p>MOTOSIERRA PODA OLEO-MAC GST 250<\/p>\n<p>El modelo GST 250 est\u00e1 pensado especialmente para la poda incluso a una mano gracias al asa superior que posee. Tambi\u00e9n cuenta con sistema antivibraci\u00f3n para facilitar el manejo y confort de la m\u00e1quina. Todo ello sumado a su gran ligereza permite una actividad de poda, derrame y jardiner\u00eda eficaz.<\/p>","protected":false},"featured_media":746,"template":"","meta":[],"product_brand":[],"product_cat":[40],"product_tag":[],"class_list":{"0":"post-745","1":"product","2":"type-product","3":"status-publish","4":"has-post-thumbnail","6":"product_cat-motosierra-gasolina","8":"first","9":"instock","10":"taxable","11":"shipping-taxable","12":"purchasable","13":"product-type-simple"},"_links":{"self":[{"href":"https:\/\/ferreteriasolera.com\/en\/wp-json\/wp\/v2\/product\/745","targetHints":{"allow":["GET"]}}],"collection":[{"href":"https:\/\/ferreteriasolera.com\/en\/wp-json\/wp\/v2\/product"}],"about":[{"href":"https:\/\/ferreteriasolera.com\/en\/wp-json\/wp\/v2\/types\/product"}],"wp:featuredmedia":[{"embeddable":true,"href":"https:\/\/ferreteriasolera.com\/en\/wp-json\/wp\/v2\/media\/746"}],"wp:attachment":[{"href":"https:\/\/ferreteriasolera.com\/en\/wp-json\/wp\/v2\/media?parent=745"}],"wp:term":[{"taxonomy":"product_brand","embeddable":true,"href":"https:\/\/ferreteriasolera.com\/en\/wp-json\/wp\/v2\/product_brand?post=745"},{"taxonomy":"product_cat","embeddable":true,"href":"https:\/\/ferreteriasolera.com\/en\/wp-json\/wp\/v2\/product_cat?post=745"},{"taxonomy":"product_tag","embeddable":true,"href":"https:\/\/ferreteriasolera.com\/en\/wp-json\/wp\/v2\/product_tag?post=745"}],"curies":[{"name":"wp","href":"https:\/\/api.w.org\/{rel}","templated":true}]}}