{"id":747,"date":"2023-09-22T18:39:55","date_gmt":"2023-09-22T18:39:55","guid":{"rendered":"https:\/\/ferreteriasolera.com\/?post_type=product&#038;p=747"},"modified":"2023-09-22T18:44:18","modified_gmt":"2023-09-22T18:44:18","slug":"motosierra-de-poda-oleo-mac-gst-360","status":"publish","type":"product","link":"https:\/\/ferreteriasolera.com\/en\/product\/motosierra-de-poda-oleo-mac-gst-360\/","title":{"rendered":"MOTOSIERRA DE PODA OLEO-MAC GST 360"},"content":{"rendered":"<div class=\"columna\">\n<p>Caracter\u00edsticas:<br \/>\nCilindrada: 35.1 C.C.<br \/>\nPotencia: 2 HP \/ 1.5 kW<br \/>\nEspada: 12\u201d &#8211; 3\/8 BP OREGON<br \/>\nCadena: 52E &#8211; .050 OREGON<br \/>\nPeso: 3,8 Kg<br \/>\nTipo Carburador: Walbro<\/p>\n<p>&nbsp;<\/p>\n<\/div>\n<div class=\"columna\">\n<p>Descripci\u00f3n:<br \/>\n&#8211; Especial poda<br \/>\n&#8211; Peso reducido<br \/>\n&#8211; F\u00e1cil manejo<br \/>\n&#8211; Bajas emisiones EURO II<br \/>\n&#8211; Antivibraci\u00f3n<br \/>\n&#8211; Cebador de combustible<\/p>\n<\/div>","protected":false},"excerpt":{"rendered":"<p>MOTOSIERRA PODA OLEO-MAC GST 360<\/p>\n<p>La motosierra GST 360 est\u00e1 ideada para el f\u00e1cil manejo en actividades de poda. Este modelo cuenta con sistema antivibraci\u00f3n para facilitar el manejo y engrase regulable lo que permite mayor eficiencia de la m\u00e1quina. Adem\u00e1s, gracias al peso reducido y equilibrado de sus componentes, hace que el usuario tenga una experiencia sumamente satisfactoria.<\/p>","protected":false},"featured_media":748,"template":"","meta":[],"product_brand":[],"product_cat":[40],"product_tag":[],"class_list":{"0":"post-747","1":"product","2":"type-product","3":"status-publish","4":"has-post-thumbnail","6":"product_cat-motosierra-gasolina","8":"first","9":"instock","10":"taxable","11":"shipping-taxable","12":"purchasable","13":"product-type-simple"},"_links":{"self":[{"href":"https:\/\/ferreteriasolera.com\/en\/wp-json\/wp\/v2\/product\/747","targetHints":{"allow":["GET"]}}],"collection":[{"href":"https:\/\/ferreteriasolera.com\/en\/wp-json\/wp\/v2\/product"}],"about":[{"href":"https:\/\/ferreteriasolera.com\/en\/wp-json\/wp\/v2\/types\/product"}],"wp:featuredmedia":[{"embeddable":true,"href":"https:\/\/ferreteriasolera.com\/en\/wp-json\/wp\/v2\/media\/748"}],"wp:attachment":[{"href":"https:\/\/ferreteriasolera.com\/en\/wp-json\/wp\/v2\/media?parent=747"}],"wp:term":[{"taxonomy":"product_brand","embeddable":true,"href":"https:\/\/ferreteriasolera.com\/en\/wp-json\/wp\/v2\/product_brand?post=747"},{"taxonomy":"product_cat","embeddable":true,"href":"https:\/\/ferreteriasolera.com\/en\/wp-json\/wp\/v2\/product_cat?post=747"},{"taxonomy":"product_tag","embeddable":true,"href":"https:\/\/ferreteriasolera.com\/en\/wp-json\/wp\/v2\/product_tag?post=747"}],"curies":[{"name":"wp","href":"https:\/\/api.w.org\/{rel}","templated":true}]}}