{"id":769,"date":"2023-09-24T11:48:02","date_gmt":"2023-09-24T11:48:02","guid":{"rendered":"https:\/\/ferreteriasolera.com\/?post_type=product&#038;p=769"},"modified":"2025-01-25T11:49:47","modified_gmt":"2025-01-25T11:49:47","slug":"atadora-pellenc-fixion-2","status":"publish","type":"product","link":"https:\/\/ferreteriasolera.com\/en\/product\/atadora-pellenc-fixion-2\/","title":{"rendered":"ATADORA PELLENC FIXION 2"},"content":{"rendered":"<p>ATADORA PELLENC FIXION2<\/p>\n<p>Ligera y manejable, la atadora de vi\u00f1a de nueva generaci\u00f3n FIXION 2 potencia su productividad. Le permite ahorrar hasta un 50 % de tiempo respecto a un atado manual y se rentabiliza muy r\u00e1pidamente. Su peso r\u00e9cord de 800 g, bater\u00eda incluida, facilita sus movimientos y le ofrece una gran libertad a la hora de trabajar.\u00a0Su empu\u00f1adura ergon\u00f3mica permite igualmente un buen agarre durante toda una jornada de trabajo con total autonom\u00eda.<\/p>","protected":false},"excerpt":{"rendered":"<p>ATADORA PELLENC FIXION2 Ligera y manejable, la atadora de vi\u00f1a de nueva generaci\u00f3n FIXION 2 potencia su productividad. Le permite ahorrar hasta un 50 % de tiempo respecto a un atado manual y se rentabiliza muy r\u00e1pidamente. Su peso r\u00e9cord de 800 g, bater\u00eda incluida, facilita sus movimientos y le ofrece una gran libertad a [&hellip;]<\/p>\n","protected":false},"featured_media":768,"template":"","meta":[],"product_brand":[],"product_cat":[41],"product_tag":[],"class_list":{"0":"post-769","1":"product","2":"type-product","3":"status-publish","4":"has-post-thumbnail","6":"product_cat-atadoras-de-vina","8":"first","9":"instock","10":"taxable","11":"shipping-taxable","12":"purchasable","13":"product-type-simple"},"_links":{"self":[{"href":"https:\/\/ferreteriasolera.com\/en\/wp-json\/wp\/v2\/product\/769","targetHints":{"allow":["GET"]}}],"collection":[{"href":"https:\/\/ferreteriasolera.com\/en\/wp-json\/wp\/v2\/product"}],"about":[{"href":"https:\/\/ferreteriasolera.com\/en\/wp-json\/wp\/v2\/types\/product"}],"wp:featuredmedia":[{"embeddable":true,"href":"https:\/\/ferreteriasolera.com\/en\/wp-json\/wp\/v2\/media\/768"}],"wp:attachment":[{"href":"https:\/\/ferreteriasolera.com\/en\/wp-json\/wp\/v2\/media?parent=769"}],"wp:term":[{"taxonomy":"product_brand","embeddable":true,"href":"https:\/\/ferreteriasolera.com\/en\/wp-json\/wp\/v2\/product_brand?post=769"},{"taxonomy":"product_cat","embeddable":true,"href":"https:\/\/ferreteriasolera.com\/en\/wp-json\/wp\/v2\/product_cat?post=769"},{"taxonomy":"product_tag","embeddable":true,"href":"https:\/\/ferreteriasolera.com\/en\/wp-json\/wp\/v2\/product_tag?post=769"}],"curies":[{"name":"wp","href":"https:\/\/api.w.org\/{rel}","templated":true}]}}