{"id":774,"date":"2023-09-24T11:59:09","date_gmt":"2023-09-24T11:59:09","guid":{"rendered":"https:\/\/ferreteriasolera.com\/?post_type=product&#038;p=774"},"modified":"2025-01-25T11:49:14","modified_gmt":"2025-01-25T11:49:14","slug":"atadora-zanon-zl-600s","status":"publish","type":"product","link":"https:\/\/ferreteriasolera.com\/en\/product\/atadora-zanon-zl-600s\/","title":{"rendered":"ATADORA ZANON ZL 600S"},"content":{"rendered":"<p>ATADORA ZANON ZL600S<\/p>\n<p>La atadora ZANON ZL600, es la \u00fanica atadora del mercado en la cual no hay que efectuar ninguna tarea adicional para atar, solo apoyarla en la planta y accionar el gatillo electr\u00f3nico y el atado ya esta efectuado. Incluye maleta de transporte, tijeras y bobina de hilo de 400 m.<\/p>\n<p><strong>CARACTER\u00cdSTICAS:<\/strong><\/p>\n<ul>\n<li>Desarrollada para ser utilizada en diversos cultivos (vi\u00f1a, kiwi, tomate, frutales, goteros de riego, etc.) dada su boca de 30mm. de di\u00e1metro, y en cualquier tipo de condiciones climatol\u00f3gicas, ya que el hilo corre por una funda que lo protege.<\/li>\n<li>Empu\u00f1adura ergon\u00f3mica, dise\u00f1ada para ser manipulada c\u00f3modamente por el usuario, permiten reducir dr\u00e1sticamente el nivel de enfermedades futuras de los operadores (tendinitis, problemas musculares, etc). Por el tipo de dise\u00f1o de la empu\u00f1adura puede ser operada por operarios diestros o zurdos.<\/li>\n<li>Gatillo de accionamiento electr\u00f3nico de r\u00e1pida respuesta, permite efectuar mas de 60 atados al minuto.<\/li>\n<li>Proceso de atado mucho mas r\u00e1pido y eficiente que el atado manual. La diferencia en el tiempo de atado, se traduce en una reducci\u00f3n de los costos y por ende en un aumento en el beneficio de la actividad.<\/li>\n<li>La atadora Zanon ZL 600 S puede utilizar tres tipos diferentes de hilo (pl\u00e1stico, pl\u00e1stico fotodegradable y papel biodegradable), las bobinas de hilo tienen 400 m. cada una y nos permiten efectuar unos 2500 atados por bobina.<\/li>\n<li>Permite registrar la tensi\u00f3n de atado en 3 posiciones: 3 (normal) \u2013 7 (medio) y 11 (tensado) vueltas.<\/li>\n<li>La bater\u00eda de NiMH, permite trabajar toda una jornada o lo que es igual, efectuar hasta 10.000 atados sin ser cargada.<\/li>\n<\/ul>\n<p><strong>DATOS T\u00c9CNICOS:<\/strong><\/p>\n<ul>\n<li>Di\u00e1m. m\u00e1x. de atado: 30 mm.<\/li>\n<li>Regulaci\u00f3n de intensidad: 3-7-11 vueltas.<\/li>\n<li>Largo hilo atado: 14,5 cm.<\/li>\n<li>Peso (solo atadora): 690 gr.<\/li>\n<li>Peso bater\u00eda (con bobina de 400 m): 2,0 kg.<\/li>\n<li>Bater\u00eda con control de carga: NiMH, 18V., 3,2A.<\/li>\n<li>Protecci\u00f3n de bater\u00eda: Apagado autom\u00e1tico tras 15 min. sin usar.<\/li>\n<li>capacidad bater\u00eda: De 10.000 a 30.000 atados.<\/li>\n<li>Tiempo de carga: 8 h.<\/li>\n<li>Atados por bobina: 2.550 (400 m.).<\/li>\n<li>Tensi\u00f3n de alimentaci\u00f3n: 230V., 50Hz.<\/li>\n<li>Corriente de carga: 800 m\/Ah.<\/li>\n<\/ul>","protected":false},"excerpt":{"rendered":"<p>ATADORA ZANON ZL600S La atadora ZANON ZL600, es la \u00fanica atadora del mercado en la cual no hay que efectuar ninguna tarea adicional para atar, solo apoyarla en la planta y accionar el gatillo electr\u00f3nico y el atado ya esta efectuado. Incluye maleta de transporte, tijeras y bobina de hilo de 400 m. CARACTER\u00cdSTICAS: Desarrollada [&hellip;]<\/p>\n","protected":false},"featured_media":775,"template":"","meta":[],"product_brand":[],"product_cat":[41],"product_tag":[],"class_list":{"0":"post-774","1":"product","2":"type-product","3":"status-publish","4":"has-post-thumbnail","6":"product_cat-atadoras-de-vina","8":"first","9":"instock","10":"sale","11":"taxable","12":"shipping-taxable","13":"purchasable","14":"product-type-simple"},"_links":{"self":[{"href":"https:\/\/ferreteriasolera.com\/en\/wp-json\/wp\/v2\/product\/774","targetHints":{"allow":["GET"]}}],"collection":[{"href":"https:\/\/ferreteriasolera.com\/en\/wp-json\/wp\/v2\/product"}],"about":[{"href":"https:\/\/ferreteriasolera.com\/en\/wp-json\/wp\/v2\/types\/product"}],"wp:featuredmedia":[{"embeddable":true,"href":"https:\/\/ferreteriasolera.com\/en\/wp-json\/wp\/v2\/media\/775"}],"wp:attachment":[{"href":"https:\/\/ferreteriasolera.com\/en\/wp-json\/wp\/v2\/media?parent=774"}],"wp:term":[{"taxonomy":"product_brand","embeddable":true,"href":"https:\/\/ferreteriasolera.com\/en\/wp-json\/wp\/v2\/product_brand?post=774"},{"taxonomy":"product_cat","embeddable":true,"href":"https:\/\/ferreteriasolera.com\/en\/wp-json\/wp\/v2\/product_cat?post=774"},{"taxonomy":"product_tag","embeddable":true,"href":"https:\/\/ferreteriasolera.com\/en\/wp-json\/wp\/v2\/product_tag?post=774"}],"curies":[{"name":"wp","href":"https:\/\/api.w.org\/{rel}","templated":true}]}}