{"id":781,"date":"2023-09-24T12:07:31","date_gmt":"2023-09-24T12:07:31","guid":{"rendered":"https:\/\/ferreteriasolera.com\/?post_type=product&#038;p=781"},"modified":"2026-01-26T17:46:11","modified_gmt":"2026-01-26T17:46:11","slug":"tijera-arvipo-ps-110","status":"publish","type":"product","link":"https:\/\/ferreteriasolera.com\/en\/product\/tijera-arvipo-ps-110\/","title":{"rendered":"TIJERA ARVIPO PS 110"},"content":{"rendered":"<p>TIJERA ARVIPO PS 110<\/p>\n<p><strong>La tijera de poda<\/strong><strong class=\"color1\">\u00a0profesional PS110 con CPS<\/strong>\u00a0, para poda intensiva, se caracteriza por su potencia, velocidad de corte, precisi\u00f3n por servo control, su bajo consumo y gran robustez posicionandose\u00a0<strong>entre las tijeras de altas prestaciones a un nivel superior<\/strong>, cumpliendo con satisfacci\u00f3n las m\u00e1s grandes exigencias de poda profesional.<\/p>\n<p>El control de corte progresivo permite una perfecta posici\u00f3n de la hoja, mejorando as\u00ed el acceso a cualquier tallo o rama.\u00a0<strong>Su especial cabezal montado sobre rodamientos (Pat.), sin mantenimiento, ajuste ni engrase diario<\/strong>, le asegura un corte preciso y limpio que favorece una m\u00e1s f\u00e1cil cicatrizaci\u00f3n, evitando enfermedades.<\/p>\n<p>La ergonom\u00eda junto con el dise\u00f1o de la carcasa y la orientaci\u00f3n de su hoja de corte, da un mejor control sobre la tijera, reduciendo el esfuerzo del usuario y facilit\u00e1ndole su trabajo.<\/p>\n<p>La tijera PS110 es la sucesora natural de la PS100, evolucionada y perfeccionada, desarrollando m\u00e1s potencia de corte, m\u00e1s autonom\u00eda y menos mantenimiento gracias a los nuevos motores sin mantenimiento de escobillas.<\/p>\n<p>Las cuchillas han sigo perfeccionadas con un revaciado c\u00f3ncavo de material permitiendo una penetraci\u00f3n de corte mucho mayor con menos desgaste mec\u00e1nico y energ\u00e9tico.<\/p>","protected":false},"excerpt":{"rendered":"<p>TIJERA ARVIPO PS 110 La tijera de poda\u00a0profesional PS110 con CPS\u00a0, para poda intensiva, se caracteriza por su potencia, velocidad de corte, precisi\u00f3n por servo control, su bajo consumo y gran robustez posicionandose\u00a0entre las tijeras de altas prestaciones a un nivel superior, cumpliendo con satisfacci\u00f3n las m\u00e1s grandes exigencias de poda profesional. El control de [&hellip;]<\/p>\n","protected":false},"featured_media":782,"template":"","meta":[],"product_brand":[],"product_cat":[29],"product_tag":[],"class_list":{"0":"post-781","1":"product","2":"type-product","3":"status-publish","4":"has-post-thumbnail","6":"product_cat-tijeras-de-podar","8":"first","9":"outofstock","10":"taxable","11":"shipping-taxable","12":"purchasable","13":"product-type-simple"},"_links":{"self":[{"href":"https:\/\/ferreteriasolera.com\/en\/wp-json\/wp\/v2\/product\/781","targetHints":{"allow":["GET"]}}],"collection":[{"href":"https:\/\/ferreteriasolera.com\/en\/wp-json\/wp\/v2\/product"}],"about":[{"href":"https:\/\/ferreteriasolera.com\/en\/wp-json\/wp\/v2\/types\/product"}],"wp:featuredmedia":[{"embeddable":true,"href":"https:\/\/ferreteriasolera.com\/en\/wp-json\/wp\/v2\/media\/782"}],"wp:attachment":[{"href":"https:\/\/ferreteriasolera.com\/en\/wp-json\/wp\/v2\/media?parent=781"}],"wp:term":[{"taxonomy":"product_brand","embeddable":true,"href":"https:\/\/ferreteriasolera.com\/en\/wp-json\/wp\/v2\/product_brand?post=781"},{"taxonomy":"product_cat","embeddable":true,"href":"https:\/\/ferreteriasolera.com\/en\/wp-json\/wp\/v2\/product_cat?post=781"},{"taxonomy":"product_tag","embeddable":true,"href":"https:\/\/ferreteriasolera.com\/en\/wp-json\/wp\/v2\/product_tag?post=781"}],"curies":[{"name":"wp","href":"https:\/\/api.w.org\/{rel}","templated":true}]}}