{"id":794,"date":"2023-09-25T10:16:40","date_gmt":"2023-09-25T10:16:40","guid":{"rendered":"https:\/\/ferreteriasolera.com\/?post_type=product&#038;p=794"},"modified":"2023-10-02T08:20:09","modified_gmt":"2023-10-02T08:20:09","slug":"atadora-nexi","status":"publish","type":"product","link":"https:\/\/ferreteriasolera.com\/en\/product\/atadora-nexi\/","title":{"rendered":"ATADORA NEXI"},"content":{"rendered":"<p>ATADORA CAMPANGOLA NEXI<\/p>\n<ul>\n<li>N. 2 bater\u00edas 14,4 V 2,5 Ah<\/li>\n<li>Cargador de bater\u00eda<\/li>\n<li>N. 2 bobinas de alambre est\u00e1ndar 110 m<\/li>\n<li>6 posiciones de encuadernaci\u00f3n<\/li>\n<li>Di\u00e1metro m\u00e1ximo de encuadernaci\u00f3n 25 mm<\/li>\n<li>Peso 1.010 kg<\/li>\n<\/ul>","protected":false},"excerpt":{"rendered":"<p>ATADORA CAMPANGOLA NEXI N. 2 bater\u00edas 14,4 V 2,5 Ah Cargador de bater\u00eda N. 2 bobinas de alambre est\u00e1ndar 110 m 6 posiciones de encuadernaci\u00f3n Di\u00e1metro m\u00e1ximo de encuadernaci\u00f3n 25 mm Peso 1.010 kg<\/p>","protected":false},"featured_media":795,"template":"","meta":[],"product_brand":[],"product_cat":[41],"product_tag":[],"class_list":{"0":"post-794","1":"product","2":"type-product","3":"status-publish","4":"has-post-thumbnail","6":"product_cat-atadoras-de-vina","8":"first","9":"instock","10":"taxable","11":"shipping-taxable","12":"purchasable","13":"product-type-simple"},"_links":{"self":[{"href":"https:\/\/ferreteriasolera.com\/en\/wp-json\/wp\/v2\/product\/794","targetHints":{"allow":["GET"]}}],"collection":[{"href":"https:\/\/ferreteriasolera.com\/en\/wp-json\/wp\/v2\/product"}],"about":[{"href":"https:\/\/ferreteriasolera.com\/en\/wp-json\/wp\/v2\/types\/product"}],"wp:featuredmedia":[{"embeddable":true,"href":"https:\/\/ferreteriasolera.com\/en\/wp-json\/wp\/v2\/media\/795"}],"wp:attachment":[{"href":"https:\/\/ferreteriasolera.com\/en\/wp-json\/wp\/v2\/media?parent=794"}],"wp:term":[{"taxonomy":"product_brand","embeddable":true,"href":"https:\/\/ferreteriasolera.com\/en\/wp-json\/wp\/v2\/product_brand?post=794"},{"taxonomy":"product_cat","embeddable":true,"href":"https:\/\/ferreteriasolera.com\/en\/wp-json\/wp\/v2\/product_cat?post=794"},{"taxonomy":"product_tag","embeddable":true,"href":"https:\/\/ferreteriasolera.com\/en\/wp-json\/wp\/v2\/product_tag?post=794"}],"curies":[{"name":"wp","href":"https:\/\/api.w.org\/{rel}","templated":true}]}}