{"id":798,"date":"2023-09-25T10:22:40","date_gmt":"2023-09-25T10:22:40","guid":{"rendered":"https:\/\/ferreteriasolera.com\/?post_type=product&#038;p=798"},"modified":"2023-10-02T08:20:26","modified_gmt":"2023-10-02T08:20:26","slug":"atadora-kamikaze-kv-4","status":"publish","type":"product","link":"https:\/\/ferreteriasolera.com\/en\/product\/atadora-kamikaze-kv-4\/","title":{"rendered":"ATADORA KAMIKAZE KV 4"},"content":{"rendered":"<p>ATADORA KAMIKAZE KV 4<\/p>\n<table class=\"woocommerce-product-attributes shop_attributes\">\n<tbody>\n<tr class=\"woocommerce-product-attributes-item woocommerce-product-attributes-item--attribute_peso-de-la-bater%c3%ada\">\n<th class=\"woocommerce-product-attributes-item__label\">Peso de la bater\u00eda<\/th>\n<td class=\"woocommerce-product-attributes-item__value\">0.25 kg<\/td>\n<\/tr>\n<tr class=\"woocommerce-product-attributes-item woocommerce-product-attributes-item--attribute_autonom%c3%ada\">\n<th class=\"woocommerce-product-attributes-item__label\">Autonom\u00eda<\/th>\n<td class=\"woocommerce-product-attributes-item__value\">7.500 a 10.000 atados por carga de bater\u00eda<\/td>\n<\/tr>\n<tr class=\"woocommerce-product-attributes-item woocommerce-product-attributes-item--attribute_tiempo-de-carga\">\n<th class=\"woocommerce-product-attributes-item__label\">Tiempo de carga<\/th>\n<td class=\"woocommerce-product-attributes-item__value\">2 \u2013 3 h<\/td>\n<\/tr>\n<tr class=\"woocommerce-product-attributes-item woocommerce-product-attributes-item--attribute_voltaje-de-la-bater%c3%ada\">\n<th class=\"woocommerce-product-attributes-item__label\">Voltaje de la bater\u00eda<\/th>\n<td class=\"woocommerce-product-attributes-item__value\">14.4 V<\/td>\n<\/tr>\n<tr class=\"woocommerce-product-attributes-item woocommerce-product-attributes-item--attribute_capacidad-bateria\">\n<th class=\"woocommerce-product-attributes-item__label\">Capacidad (bateria)<\/th>\n<td class=\"woocommerce-product-attributes-item__value\">2,5 Ah<\/td>\n<\/tr>\n<\/tbody>\n<\/table>","protected":false},"excerpt":{"rendered":"<p>ATADORA KAMIKAZE KV 4 Peso de la bater\u00eda 0.25 kg Autonom\u00eda 7.500 a 10.000 atados por carga de bater\u00eda Tiempo de carga 2 \u2013 3 h Voltaje de la bater\u00eda 14.4 V Capacidad (bateria) 2,5 Ah<\/p>","protected":false},"featured_media":799,"template":"","meta":[],"product_brand":[],"product_cat":[41],"product_tag":[],"class_list":{"0":"post-798","1":"product","2":"type-product","3":"status-publish","4":"has-post-thumbnail","6":"product_cat-atadoras-de-vina","8":"first","9":"instock","10":"taxable","11":"shipping-taxable","12":"purchasable","13":"product-type-simple"},"_links":{"self":[{"href":"https:\/\/ferreteriasolera.com\/en\/wp-json\/wp\/v2\/product\/798","targetHints":{"allow":["GET"]}}],"collection":[{"href":"https:\/\/ferreteriasolera.com\/en\/wp-json\/wp\/v2\/product"}],"about":[{"href":"https:\/\/ferreteriasolera.com\/en\/wp-json\/wp\/v2\/types\/product"}],"wp:featuredmedia":[{"embeddable":true,"href":"https:\/\/ferreteriasolera.com\/en\/wp-json\/wp\/v2\/media\/799"}],"wp:attachment":[{"href":"https:\/\/ferreteriasolera.com\/en\/wp-json\/wp\/v2\/media?parent=798"}],"wp:term":[{"taxonomy":"product_brand","embeddable":true,"href":"https:\/\/ferreteriasolera.com\/en\/wp-json\/wp\/v2\/product_brand?post=798"},{"taxonomy":"product_cat","embeddable":true,"href":"https:\/\/ferreteriasolera.com\/en\/wp-json\/wp\/v2\/product_cat?post=798"},{"taxonomy":"product_tag","embeddable":true,"href":"https:\/\/ferreteriasolera.com\/en\/wp-json\/wp\/v2\/product_tag?post=798"}],"curies":[{"name":"wp","href":"https:\/\/api.w.org\/{rel}","templated":true}]}}