{"id":802,"date":"2023-09-25T10:55:34","date_gmt":"2023-09-25T10:55:34","guid":{"rendered":"https:\/\/ferreteriasolera.com\/?post_type=product&#038;p=802"},"modified":"2023-09-25T11:01:00","modified_gmt":"2023-09-25T11:01:00","slug":"sierra-kamikaze-kvs8000","status":"publish","type":"product","link":"https:\/\/ferreteriasolera.com\/en\/product\/sierra-kamikaze-kvs8000\/","title":{"rendered":"SIERRA KAMIKAZE KVS8000"},"content":{"rendered":"<p>SIERRA KAMIKAZE KVS8000<\/p>\n<p>&nbsp;<\/p>\n<p style=\"font-weight: 400;\">\u00a0DI\u00c1METRO M\u00c1XIMO DE CORTE \u00d8 160 mm<\/p>\n<p style=\"font-weight: 400;\">&#8211; PESO SIERRA + BATER\u00cdA\u00a01,99 kg<\/p>\n<p style=\"font-weight: 400;\">&#8211; PESO DE LA BATER\u00cdA 0,49 kg<\/p>\n<p style=\"font-weight: 400;\">&#8211; TIEMPO DE CARGA 2,5 h<\/p>\n<p style=\"font-weight: 400;\">&#8211; AUTONOM\u00cdA 1-2 h<\/p>\n<p style=\"font-weight: 400;\">&#8211; VOLTAJE DE LA BATER\u00cdA 21.6 V<\/p>\n<p style=\"font-weight: 400;\">&#8211; CAPACIDAD 4,0 Ah<\/p>\n<p style=\"font-weight: 400;\">&#8211; CORRIENTE DE CARGA 1,4 A<\/p>\n<p style=\"font-weight: 400;\"><b><strong>INCLUYE\u00a0<\/strong><\/b><\/p>\n<p style=\"font-weight: 400;\">&#8211; 2 BATER\u00cdAS<\/p>\n<p style=\"font-weight: 400;\">&#8211; CARGADOR TRIPLE CONEXI\u00d3N<\/p>","protected":false},"excerpt":{"rendered":"<p>SIERRA KAMIKAZE KVS8000 &nbsp; \u00a0DI\u00c1METRO M\u00c1XIMO DE CORTE \u00d8 160 mm &#8211; PESO SIERRA + BATER\u00cdA\u00a01,99 kg &#8211; PESO DE LA BATER\u00cdA 0,49 kg &#8211; TIEMPO DE CARGA 2,5 h &#8211; AUTONOM\u00cdA 1-2 h &#8211; VOLTAJE DE LA BATER\u00cdA 21.6 V &#8211; CAPACIDAD 4,0 Ah &#8211; CORRIENTE DE CARGA 1,4 A INCLUYE\u00a0 &#8211; 2 BATER\u00cdAS [&hellip;]<\/p>\n","protected":false},"featured_media":803,"template":"","meta":[],"product_brand":[],"product_cat":[32],"product_tag":[],"class_list":{"0":"post-802","1":"product","2":"type-product","3":"status-publish","4":"has-post-thumbnail","6":"product_cat-herrameintas-bateria","8":"first","9":"instock","10":"taxable","11":"shipping-taxable","12":"purchasable","13":"product-type-simple"},"_links":{"self":[{"href":"https:\/\/ferreteriasolera.com\/en\/wp-json\/wp\/v2\/product\/802","targetHints":{"allow":["GET"]}}],"collection":[{"href":"https:\/\/ferreteriasolera.com\/en\/wp-json\/wp\/v2\/product"}],"about":[{"href":"https:\/\/ferreteriasolera.com\/en\/wp-json\/wp\/v2\/types\/product"}],"wp:featuredmedia":[{"embeddable":true,"href":"https:\/\/ferreteriasolera.com\/en\/wp-json\/wp\/v2\/media\/803"}],"wp:attachment":[{"href":"https:\/\/ferreteriasolera.com\/en\/wp-json\/wp\/v2\/media?parent=802"}],"wp:term":[{"taxonomy":"product_brand","embeddable":true,"href":"https:\/\/ferreteriasolera.com\/en\/wp-json\/wp\/v2\/product_brand?post=802"},{"taxonomy":"product_cat","embeddable":true,"href":"https:\/\/ferreteriasolera.com\/en\/wp-json\/wp\/v2\/product_cat?post=802"},{"taxonomy":"product_tag","embeddable":true,"href":"https:\/\/ferreteriasolera.com\/en\/wp-json\/wp\/v2\/product_tag?post=802"}],"curies":[{"name":"wp","href":"https:\/\/api.w.org\/{rel}","templated":true}]}}