{"id":807,"date":"2023-09-25T11:07:10","date_gmt":"2023-09-25T11:07:10","guid":{"rendered":"https:\/\/ferreteriasolera.com\/?post_type=product&#038;p=807"},"modified":"2023-10-02T08:31:14","modified_gmt":"2023-10-02T08:31:14","slug":"atadora-arvipo-tm-20","status":"publish","type":"product","link":"https:\/\/ferreteriasolera.com\/en\/product\/atadora-arvipo-tm-20\/","title":{"rendered":"ATADORA ARVIPO TM 32"},"content":{"rendered":"<p>ATADORA ARVIPO TM32<\/p>\n<p>&nbsp;<\/p>\n<p>La atadora\u00a0<strong>ECOPRUNING TM32 <\/strong>hace sencilla una tarea tradicionalmente complicada y pesada. Con la bater\u00eda integrada, se realiza la labor de manera m\u00e1s c\u00f3moda y permite un rendimiento sorprendente. Mecanismo fiable sin atascos que corten el ritmo de trabajo.<\/p>\n<ul>\n<li>BATER\u00cdA EXTRAIBLE : Misma bater\u00eda que la EC30<\/li>\n<li>ROLLO DE 80m ADAPTABLE A OTRAS LONGITUDES<\/li>\n<li>4 GRADUACIONES DE ATADURA<\/li>\n<li>SIN MANTENIMIENTO<\/li>\n<li>2 BATER\u00cdAS INCLUIDAS<\/li>\n<\/ul>","protected":false},"excerpt":{"rendered":"<p>ATADORA ARVIPO TM32 &nbsp; La atadora\u00a0ECOPRUNING TM32 hace sencilla una tarea tradicionalmente complicada y pesada. Con la bater\u00eda integrada, se realiza la labor de manera m\u00e1s c\u00f3moda y permite un rendimiento sorprendente. Mecanismo fiable sin atascos que corten el ritmo de trabajo. BATER\u00cdA EXTRAIBLE : Misma bater\u00eda que la EC30 ROLLO DE 80m ADAPTABLE A [&hellip;]<\/p>\n","protected":false},"featured_media":1078,"template":"","meta":[],"product_brand":[],"product_cat":[41],"product_tag":[],"class_list":{"0":"post-807","1":"product","2":"type-product","3":"status-publish","4":"has-post-thumbnail","6":"product_cat-atadoras-de-vina","8":"first","9":"instock","10":"taxable","11":"shipping-taxable","12":"purchasable","13":"product-type-simple"},"_links":{"self":[{"href":"https:\/\/ferreteriasolera.com\/en\/wp-json\/wp\/v2\/product\/807","targetHints":{"allow":["GET"]}}],"collection":[{"href":"https:\/\/ferreteriasolera.com\/en\/wp-json\/wp\/v2\/product"}],"about":[{"href":"https:\/\/ferreteriasolera.com\/en\/wp-json\/wp\/v2\/types\/product"}],"wp:featuredmedia":[{"embeddable":true,"href":"https:\/\/ferreteriasolera.com\/en\/wp-json\/wp\/v2\/media\/1078"}],"wp:attachment":[{"href":"https:\/\/ferreteriasolera.com\/en\/wp-json\/wp\/v2\/media?parent=807"}],"wp:term":[{"taxonomy":"product_brand","embeddable":true,"href":"https:\/\/ferreteriasolera.com\/en\/wp-json\/wp\/v2\/product_brand?post=807"},{"taxonomy":"product_cat","embeddable":true,"href":"https:\/\/ferreteriasolera.com\/en\/wp-json\/wp\/v2\/product_cat?post=807"},{"taxonomy":"product_tag","embeddable":true,"href":"https:\/\/ferreteriasolera.com\/en\/wp-json\/wp\/v2\/product_tag?post=807"}],"curies":[{"name":"wp","href":"https:\/\/api.w.org\/{rel}","templated":true}]}}