{"id":831,"date":"2023-09-25T11:55:12","date_gmt":"2023-09-25T11:55:12","guid":{"rendered":"https:\/\/ferreteriasolera.com\/?post_type=product&#038;p=831"},"modified":"2023-09-25T11:55:21","modified_gmt":"2023-09-25T11:55:21","slug":"vareador-mambo-al200","status":"publish","type":"product","link":"https:\/\/ferreteriasolera.com\/en\/product\/vareador-mambo-al200\/","title":{"rendered":"VAREADOR MAMBO AL200"},"content":{"rendered":"<p>VAREADOR ZANON MAMBO AL200<\/p>\n<p>&nbsp;<\/p>\n<p><strong>DATOS T\u00c9CNICOS:<\/strong><\/p>\n<ul>\n<li>Alimentaci\u00f3n: bater\u00edas de 12 V.<\/li>\n<li>P\u00e9rtiga telesc\u00f3pica.<\/li>\n<li>Longitud total: 180-240 cm.<\/li>\n<li>Peso: 2,8 kg.<\/li>\n<li>Motor: con escobillas &#8211; 250W.<\/li>\n<li>Longitud del cable: 10 m.<\/li>\n<li>Dedos carbono:\u00a0n\u00ba 4+4 &#8211; \u00d8 5 mm<\/li>\n<\/ul>","protected":false},"excerpt":{"rendered":"<p>VAREADOR ZANON MAMBO AL200 &nbsp; DATOS T\u00c9CNICOS: Alimentaci\u00f3n: bater\u00edas de 12 V. P\u00e9rtiga telesc\u00f3pica. Longitud total: 180-240 cm. Peso: 2,8 kg. Motor: con escobillas &#8211; 250W. Longitud del cable: 10 m. Dedos carbono:\u00a0n\u00ba 4+4 &#8211; \u00d8 5 mm<\/p>","protected":false},"featured_media":832,"template":"","meta":[],"product_brand":[],"product_cat":[30],"product_tag":[],"class_list":{"0":"post-831","1":"product","2":"type-product","3":"status-publish","4":"has-post-thumbnail","6":"product_cat-huerto-jardin","8":"first","9":"instock","10":"sale","11":"taxable","12":"shipping-taxable","13":"purchasable","14":"product-type-simple"},"_links":{"self":[{"href":"https:\/\/ferreteriasolera.com\/en\/wp-json\/wp\/v2\/product\/831","targetHints":{"allow":["GET"]}}],"collection":[{"href":"https:\/\/ferreteriasolera.com\/en\/wp-json\/wp\/v2\/product"}],"about":[{"href":"https:\/\/ferreteriasolera.com\/en\/wp-json\/wp\/v2\/types\/product"}],"wp:featuredmedia":[{"embeddable":true,"href":"https:\/\/ferreteriasolera.com\/en\/wp-json\/wp\/v2\/media\/832"}],"wp:attachment":[{"href":"https:\/\/ferreteriasolera.com\/en\/wp-json\/wp\/v2\/media?parent=831"}],"wp:term":[{"taxonomy":"product_brand","embeddable":true,"href":"https:\/\/ferreteriasolera.com\/en\/wp-json\/wp\/v2\/product_brand?post=831"},{"taxonomy":"product_cat","embeddable":true,"href":"https:\/\/ferreteriasolera.com\/en\/wp-json\/wp\/v2\/product_cat?post=831"},{"taxonomy":"product_tag","embeddable":true,"href":"https:\/\/ferreteriasolera.com\/en\/wp-json\/wp\/v2\/product_tag?post=831"}],"curies":[{"name":"wp","href":"https:\/\/api.w.org\/{rel}","templated":true}]}}