{"id":834,"date":"2023-09-25T15:26:52","date_gmt":"2023-09-25T15:26:52","guid":{"rendered":"https:\/\/ferreteriasolera.com\/?post_type=product&#038;p=834"},"modified":"2023-09-25T15:27:05","modified_gmt":"2023-09-25T15:27:05","slug":"vareador-de-aceitunas-zanon-karbonium-al200","status":"publish","type":"product","link":"https:\/\/ferreteriasolera.com\/en\/product\/vareador-de-aceitunas-zanon-karbonium-al200\/","title":{"rendered":"VAREADOR DE ACEITUNAS ZANON KARBONIUM AL200"},"content":{"rendered":"<p>VAREADOR ZANON AL200<\/p>\n<p>&nbsp;<\/p>\n<p><strong>CARACTER\u00cdSTICAS:<\/strong><\/p>\n<ul>\n<li>Juego de rodamientos de acero sobre una caja de engranajes cerrada.<\/li>\n<li>Bastidor de aluminio que ofrece una gran durabilidad.<\/li>\n<li>Facilidad de uso y resistencia.<\/li>\n<li>La fibra de carbono del peine absorbe los impactos innecesarios y aprovecha al m\u00e1ximo el impacto para ofrecer el m\u00e1ximo rendimiento posible.<\/li>\n<li>Su elevada producci\u00f3n, comprobada frente a las m\u00e1quinas mas eficaces del mercado, posiciona al Zanon Karbonium en lo m\u00e1s alto de la clasificaci\u00f3n frente a su competencia.<\/li>\n<li>Mantenimiento cero.<\/li>\n<li>V\u00e1lida para conectar a cualquier bater\u00eda de 12V, como la de un autom\u00f3vil, tractor, etc.<\/li>\n<\/ul>\n<p><strong>DATOS T\u00c9CNICOS:<\/strong><\/p>\n<ul>\n<li>Motor de 500 W con escobillas.<\/li>\n<li>Centralita electr\u00f3nica con 15 m (incluido).<\/li>\n<li>P\u00e9rtiga telesc\u00f3pica.<\/li>\n<li>Longitud: 170-250 cm.<\/li>\n<li>Dedos carbono: n\u00ba 4+4 &#8211; \u00d8 5 mm.<\/li>\n<li>Peso (sin centralita): 2,2 Kg.<\/li>\n<\/ul>","protected":false},"excerpt":{"rendered":"<p>VAREADOR ZANON AL200 &nbsp; CARACTER\u00cdSTICAS: Juego de rodamientos de acero sobre una caja de engranajes cerrada. Bastidor de aluminio que ofrece una gran durabilidad. Facilidad de uso y resistencia. La fibra de carbono del peine absorbe los impactos innecesarios y aprovecha al m\u00e1ximo el impacto para ofrecer el m\u00e1ximo rendimiento posible. Su elevada producci\u00f3n, comprobada [&hellip;]<\/p>\n","protected":false},"featured_media":835,"template":"","meta":[],"product_brand":[],"product_cat":[31,30],"product_tag":[],"class_list":{"0":"post-834","1":"product","2":"type-product","3":"status-publish","4":"has-post-thumbnail","6":"product_cat-herramientas-profesionales","7":"product_cat-huerto-jardin","9":"first","10":"instock","11":"sale","12":"taxable","13":"shipping-taxable","14":"purchasable","15":"product-type-simple"},"_links":{"self":[{"href":"https:\/\/ferreteriasolera.com\/en\/wp-json\/wp\/v2\/product\/834","targetHints":{"allow":["GET"]}}],"collection":[{"href":"https:\/\/ferreteriasolera.com\/en\/wp-json\/wp\/v2\/product"}],"about":[{"href":"https:\/\/ferreteriasolera.com\/en\/wp-json\/wp\/v2\/types\/product"}],"wp:featuredmedia":[{"embeddable":true,"href":"https:\/\/ferreteriasolera.com\/en\/wp-json\/wp\/v2\/media\/835"}],"wp:attachment":[{"href":"https:\/\/ferreteriasolera.com\/en\/wp-json\/wp\/v2\/media?parent=834"}],"wp:term":[{"taxonomy":"product_brand","embeddable":true,"href":"https:\/\/ferreteriasolera.com\/en\/wp-json\/wp\/v2\/product_brand?post=834"},{"taxonomy":"product_cat","embeddable":true,"href":"https:\/\/ferreteriasolera.com\/en\/wp-json\/wp\/v2\/product_cat?post=834"},{"taxonomy":"product_tag","embeddable":true,"href":"https:\/\/ferreteriasolera.com\/en\/wp-json\/wp\/v2\/product_tag?post=834"}],"curies":[{"name":"wp","href":"https:\/\/api.w.org\/{rel}","templated":true}]}}