{"id":841,"date":"2023-09-25T15:53:18","date_gmt":"2023-09-25T15:53:18","guid":{"rendered":"https:\/\/ferreteriasolera.com\/?post_type=product&#038;p=841"},"modified":"2023-09-25T15:56:03","modified_gmt":"2023-09-25T15:56:03","slug":"vareador-arvipo-ov-37","status":"publish","type":"product","link":"https:\/\/ferreteriasolera.com\/en\/product\/vareador-arvipo-ov-37\/","title":{"rendered":"VAREADOR ARVIPO OV 37-M"},"content":{"rendered":"<p>VAREADOR A BATERIA OV37<\/p>\n<table id=\"fichaTecnica\" class=\"table\" border=\"0\">\n<tbody>\n<tr>\n<td class=\"td1\">Peso OV37-M sin bater\u00eda<br \/>\nPeso OV37-L sin bater\u00eda<\/td>\n<td class=\"td2\">1,8kg sin bater\u00eda<br \/>\n1,32kg con bater\u00eda<\/td>\n<\/tr>\n<tr>\n<td class=\"td1\">Longitud total OV37-M<br \/>\nLongitud total OV37-L<\/td>\n<td class=\"td2\">180cm a 270cm<br \/>\n230cm a 310cm<\/td>\n<\/tr>\n<tr>\n<td class=\"td1\">Motor<\/td>\n<td class=\"td2\">Brushless<br \/>\n(sin escobillas)<\/td>\n<\/tr>\n<tr>\n<td class=\"td1\">Voltaje<\/td>\n<td class=\"td2\">24V \/ 43,2V<\/td>\n<\/tr>\n<tr>\n<td class=\"td1\">Potencia<\/td>\n<td class=\"td2\">720W<\/td>\n<\/tr>\n<tr>\n<td class=\"td1\">Capacidad recolectora<\/td>\n<td class=\"td2\">135-230 kg\/hora<\/td>\n<\/tr>\n<tr>\n<td class=\"td1\">Panel de control<\/td>\n<td class=\"td2\">3 velocidades<\/td>\n<\/tr>\n<tr>\n<td class=\"td1\">Velocidad regulable<\/td>\n<td class=\"td2\">de 800 a 1250 ciclos\/min.<\/td>\n<\/tr>\n<tr>\n<td class=\"td1\">Sistema lubricaci\u00f3n<\/td>\n<td class=\"td2\">Incorporado\u00a0<strong>MANUAL<\/strong><\/td>\n<\/tr>\n<tr>\n<td class=\"td1\">Bater\u00edas compatibles<\/td>\n<td class=\"td2\">21,6V 5Ah-36Ah \/ 43,2V 18Ah<\/td>\n<\/tr>\n<tr>\n<td class=\"td1\">Bater\u00eda Litio-i\u00f3n<br \/>\nVoltaje nominal<br \/>\nVoltaje m\u00e1ximo<\/td>\n<td class=\"td2\">5000mA o 36000mA<br \/>\n21,6V<br \/>\n24V<\/td>\n<\/tr>\n<tr>\n<td class=\"td1\">Autonom\u00eda 1 bater\u00eda 5Ah<br \/>\nAutonom\u00eda 1 bater\u00eda 36Ah<\/td>\n<td class=\"td2\">1-2h Aprox. (Seg\u00fan uso)<br \/>\n\u22651 jornada Aprox. (Seg\u00fan uso)<\/td>\n<\/tr>\n<tr>\n<td class=\"td1\">Tiempo de carga bater\u00eda 5Ah<br \/>\nTiempo de carga bater\u00eda 36Ah<\/td>\n<td class=\"td2\">3h<\/td>\n<\/tr>\n<\/tbody>\n<\/table>\n<p>&nbsp;<\/p>","protected":false},"excerpt":{"rendered":"<p>VAREADOR A BATERIA OV37 Peso OV37-M sin bater\u00eda Peso OV37-L sin bater\u00eda 1,8kg sin bater\u00eda 1,32kg con bater\u00eda Longitud total OV37-M Longitud total OV37-L 180cm a 270cm 230cm a 310cm Motor Brushless (sin escobillas) Voltaje 24V \/ 43,2V Potencia 720W Capacidad recolectora 135-230 kg\/hora Panel de control 3 velocidades Velocidad regulable de 800 a 1250 [&hellip;]<\/p>\n","protected":false},"featured_media":843,"template":"","meta":[],"product_brand":[],"product_cat":[32,31],"product_tag":[],"class_list":{"0":"post-841","1":"product","2":"type-product","3":"status-publish","4":"has-post-thumbnail","6":"product_cat-herrameintas-bateria","7":"product_cat-herramientas-profesionales","9":"first","10":"instock","11":"taxable","12":"shipping-taxable","13":"purchasable","14":"product-type-simple"},"_links":{"self":[{"href":"https:\/\/ferreteriasolera.com\/en\/wp-json\/wp\/v2\/product\/841","targetHints":{"allow":["GET"]}}],"collection":[{"href":"https:\/\/ferreteriasolera.com\/en\/wp-json\/wp\/v2\/product"}],"about":[{"href":"https:\/\/ferreteriasolera.com\/en\/wp-json\/wp\/v2\/types\/product"}],"wp:featuredmedia":[{"embeddable":true,"href":"https:\/\/ferreteriasolera.com\/en\/wp-json\/wp\/v2\/media\/843"}],"wp:attachment":[{"href":"https:\/\/ferreteriasolera.com\/en\/wp-json\/wp\/v2\/media?parent=841"}],"wp:term":[{"taxonomy":"product_brand","embeddable":true,"href":"https:\/\/ferreteriasolera.com\/en\/wp-json\/wp\/v2\/product_brand?post=841"},{"taxonomy":"product_cat","embeddable":true,"href":"https:\/\/ferreteriasolera.com\/en\/wp-json\/wp\/v2\/product_cat?post=841"},{"taxonomy":"product_tag","embeddable":true,"href":"https:\/\/ferreteriasolera.com\/en\/wp-json\/wp\/v2\/product_tag?post=841"}],"curies":[{"name":"wp","href":"https:\/\/api.w.org\/{rel}","templated":true}]}}