{"id":876,"date":"2023-09-25T18:27:47","date_gmt":"2023-09-25T18:27:47","guid":{"rendered":"https:\/\/ferreteriasolera.com\/?post_type=product&#038;p=876"},"modified":"2023-09-25T18:27:48","modified_gmt":"2023-09-25T18:27:48","slug":"astilladora-de-lena-tractor-zeppelin-15-tm","status":"publish","type":"product","link":"https:\/\/ferreteriasolera.com\/en\/product\/astilladora-de-lena-tractor-zeppelin-15-tm\/","title":{"rendered":"ASTILLADORA DE LE\u00d1A TRACTOR ZEPPELIN 15 TM"},"content":{"rendered":"<p>&nbsp;<\/p>\n<h2>Astilladora de le\u00f1a de tractor Zeppelin ESASTTR12Z 15TN<\/h2>\n<p>Entre las novedades que nos presenta Zeppelin en su \u00faltimo cat\u00e1logo es esta astilladora a tractor capaz de ejercer una presi\u00f3n de 15 toneladas, suficiente para troncos de hasta 60 cent\u00edmetros de di\u00e1metro. Necesita la toma de fuerza de tractor para su funcionamiento y esta debe de ser de m\u00ednimo 30 HP de potencia.<\/p>\n<ul>\n<li>Max. presi\u00f3n 176 bar.<\/li>\n<li>3er punto: categoria 1<\/li>\n<li>Maximo caudal 11gpm<\/li>\n<li>Largo maximo 26.6 pulgadas<\/li>\n<li>Presi\u00f3n: 15 Tn<\/li>\n<li>Potencia m\u00ednima 30 HP.<\/li>\n<li>Fuerza de corte 14TN<\/li>\n<li>Ciclo de corte Seg\u00fan tractor<\/li>\n<li>Disposici\u00f3n Vertical<\/li>\n<li>Potencia tractor 18 HP<\/li>\n<li>Di\u00e1metro m\u00e1ximo 200 mm.<\/li>\n<li>Dimensiones 640x595x1890<\/li>\n<li>Peso 141 Kg.<\/li>\n<\/ul>","protected":false},"excerpt":{"rendered":"<p>&nbsp; Astilladora de le\u00f1a de tractor Zeppelin ESASTTR12Z 15TN Entre las novedades que nos presenta Zeppelin en su \u00faltimo cat\u00e1logo es esta astilladora a tractor capaz de ejercer una presi\u00f3n de 15 toneladas, suficiente para troncos de hasta 60 cent\u00edmetros de di\u00e1metro. Necesita la toma de fuerza de tractor para su funcionamiento y esta debe [&hellip;]<\/p>\n","protected":false},"featured_media":877,"template":"","meta":[],"product_brand":[],"product_cat":[31,30],"product_tag":[],"class_list":{"0":"post-876","1":"product","2":"type-product","3":"status-publish","4":"has-post-thumbnail","6":"product_cat-herramientas-profesionales","7":"product_cat-huerto-jardin","9":"first","10":"instock","11":"taxable","12":"shipping-taxable","13":"purchasable","14":"product-type-simple"},"_links":{"self":[{"href":"https:\/\/ferreteriasolera.com\/en\/wp-json\/wp\/v2\/product\/876","targetHints":{"allow":["GET"]}}],"collection":[{"href":"https:\/\/ferreteriasolera.com\/en\/wp-json\/wp\/v2\/product"}],"about":[{"href":"https:\/\/ferreteriasolera.com\/en\/wp-json\/wp\/v2\/types\/product"}],"wp:featuredmedia":[{"embeddable":true,"href":"https:\/\/ferreteriasolera.com\/en\/wp-json\/wp\/v2\/media\/877"}],"wp:attachment":[{"href":"https:\/\/ferreteriasolera.com\/en\/wp-json\/wp\/v2\/media?parent=876"}],"wp:term":[{"taxonomy":"product_brand","embeddable":true,"href":"https:\/\/ferreteriasolera.com\/en\/wp-json\/wp\/v2\/product_brand?post=876"},{"taxonomy":"product_cat","embeddable":true,"href":"https:\/\/ferreteriasolera.com\/en\/wp-json\/wp\/v2\/product_cat?post=876"},{"taxonomy":"product_tag","embeddable":true,"href":"https:\/\/ferreteriasolera.com\/en\/wp-json\/wp\/v2\/product_tag?post=876"}],"curies":[{"name":"wp","href":"https:\/\/api.w.org\/{rel}","templated":true}]}}