{"id":879,"date":"2023-09-25T18:32:39","date_gmt":"2023-09-25T18:32:39","guid":{"rendered":"https:\/\/ferreteriasolera.com\/?post_type=product&#038;p=879"},"modified":"2023-09-25T18:32:50","modified_gmt":"2023-09-25T18:32:50","slug":"carretilla-fumigar-100-ltr-gr120","status":"publish","type":"product","link":"https:\/\/ferreteriasolera.com\/en\/product\/carretilla-fumigar-100-ltr-gr120\/","title":{"rendered":"CARRETILLA FUMIGAR 100 LTR GR120"},"content":{"rendered":"<p>Equipo de pulverizaci\u00f3n que se compone de un motor de 4 tiempos\u00a0<b>Honda GX-R 120<\/b>\u00a0de 3 CV. y una bomba de pistones\u00a0<b>Comet MC-25<\/b>\u00a0de 25 bar. de presi\u00f3n y 25 l\/min. de caudal.<\/p>\n<p>Es ideal para aplicaciones en jardineria y agr\u00edcolas donde es necesaria potencia, robustez y fiabilidad.<\/p>\n<p>El grupo de pulverizaci\u00f3n tiene un bajo nivel sonoro lo que lo convierte en la m\u00e1quina adecuada para trabajos de jardiner\u00eda cerca de lugares densamente poblados.<\/p>\n<p>Caracter\u00edsticas t\u00e9cnicas:<\/p>\n<ul>\n<li>Deposito de 100 litros de polietileno con filtro de llenado.<\/li>\n<li>Chasis met\u00e1lico de alta resistencia tratado al horno con pintura epoxi.<\/li>\n<li>Ruedas neum\u00e1ticas de 4.00-8.<\/li>\n<li>Manillar desmontables.<\/li>\n<\/ul>\n<p>Accesorios incluidos de serie :<\/p>\n<ul>\n<li>Pistola de pulverizaci\u00f3n de largo alcance.<\/li>\n<li>10 metros de manguera.<\/li>\n<\/ul>","protected":false},"excerpt":{"rendered":"<p>Equipo de pulverizaci\u00f3n que se compone de un motor de 4 tiempos\u00a0Honda GX-R 120\u00a0de 3 CV. y una bomba de pistones\u00a0Comet MC-25\u00a0de 25 bar. de presi\u00f3n y 25 l\/min. de caudal. Es ideal para aplicaciones en jardineria y agr\u00edcolas donde es necesaria potencia, robustez y fiabilidad. El grupo de pulverizaci\u00f3n tiene un bajo nivel sonoro [&hellip;]<\/p>\n","protected":false},"featured_media":880,"template":"","meta":[],"product_brand":[],"product_cat":[30],"product_tag":[],"class_list":{"0":"post-879","1":"product","2":"type-product","3":"status-publish","4":"has-post-thumbnail","6":"product_cat-huerto-jardin","8":"first","9":"instock","10":"taxable","11":"shipping-taxable","12":"purchasable","13":"product-type-simple"},"_links":{"self":[{"href":"https:\/\/ferreteriasolera.com\/en\/wp-json\/wp\/v2\/product\/879","targetHints":{"allow":["GET"]}}],"collection":[{"href":"https:\/\/ferreteriasolera.com\/en\/wp-json\/wp\/v2\/product"}],"about":[{"href":"https:\/\/ferreteriasolera.com\/en\/wp-json\/wp\/v2\/types\/product"}],"wp:featuredmedia":[{"embeddable":true,"href":"https:\/\/ferreteriasolera.com\/en\/wp-json\/wp\/v2\/media\/880"}],"wp:attachment":[{"href":"https:\/\/ferreteriasolera.com\/en\/wp-json\/wp\/v2\/media?parent=879"}],"wp:term":[{"taxonomy":"product_brand","embeddable":true,"href":"https:\/\/ferreteriasolera.com\/en\/wp-json\/wp\/v2\/product_brand?post=879"},{"taxonomy":"product_cat","embeddable":true,"href":"https:\/\/ferreteriasolera.com\/en\/wp-json\/wp\/v2\/product_cat?post=879"},{"taxonomy":"product_tag","embeddable":true,"href":"https:\/\/ferreteriasolera.com\/en\/wp-json\/wp\/v2\/product_tag?post=879"}],"curies":[{"name":"wp","href":"https:\/\/api.w.org\/{rel}","templated":true}]}}