{"id":881,"date":"2023-09-25T18:36:46","date_gmt":"2023-09-25T18:36:46","guid":{"rendered":"https:\/\/ferreteriasolera.com\/?post_type=product&#038;p=881"},"modified":"2026-03-06T07:55:32","modified_gmt":"2026-03-06T07:55:32","slug":"astilladora-de-lena-electrica-12-tm","status":"publish","type":"product","link":"https:\/\/ferreteriasolera.com\/en\/product\/astilladora-de-lena-electrica-12-tm\/","title":{"rendered":"ASTILLADORA DE LE\u00d1A ELECTRICA 12 TM"},"content":{"rendered":"<p>&nbsp;<\/p>\n<table border=\"0\">\n<tbody>\n<tr>\n<td>MODELO<\/td>\n<td>El\u00e9ctrico monof\u00e1sico de 3 Kw.<\/td>\n<\/tr>\n<\/tbody>\n<\/table>\n<p>&nbsp;<\/p>\n<table border=\"0\">\n<tbody>\n<tr>\n<td><b>SISTEMA DE CORTE<\/b><\/td>\n<\/tr>\n<\/tbody>\n<\/table>\n<table border=\"0\">\n<tbody>\n<tr>\n<td>PRESION DE TRABAJO<\/td>\n<td>8 T.<\/td>\n<\/tr>\n<tr>\n<td>METODO DE CORTE<\/td>\n<td>Cu\u00f1a recta<\/td>\n<\/tr>\n<tr>\n<td>DI\u00c1M. M\u00c1X. ADMITIDO<\/td>\n<td>32 cm.<\/td>\n<\/tr>\n<tr>\n<td>LONG. MAX. ADMITIDA<\/td>\n<td>55 &#8211; 100 cm.<\/td>\n<\/tr>\n<\/tbody>\n<\/table>\n<p>&nbsp;<\/p>\n<table border=\"0\">\n<tbody>\n<tr>\n<td><b>VELOCIDAD DE LA CU\u00d1A DE CORTE<\/b><\/td>\n<\/tr>\n<\/tbody>\n<\/table>\n<table border=\"0\">\n<tbody>\n<tr>\n<td>VELOC. SUBIDA DE LA CU\u00d1A<\/td>\n<td>3.9 cm. \/ seg.<\/td>\n<\/tr>\n<tr>\n<td>VELOC. BAJADA DE LA CU\u00d1A<\/td>\n<td>14.5 cm. \/ seg.<\/td>\n<\/tr>\n<\/tbody>\n<\/table>\n<p>&nbsp;<\/p>\n<table border=\"0\">\n<tbody>\n<tr>\n<td><b>PESO Y DIMENSIONES<\/b><\/td>\n<\/tr>\n<\/tbody>\n<\/table>\n<table border=\"0\">\n<tbody>\n<tr>\n<td>PESO (En vacio)<\/td>\n<td>115 Kg.<\/td>\n<\/tr>\n<tr>\n<td>DIMENSIONES (L x A x h)<\/td>\n<td>83 x 93 x 147 cm.<\/td>\n<\/tr>\n<\/tbody>\n<\/table>","protected":false},"excerpt":{"rendered":"<p>&nbsp; MODELO El\u00e9ctrico monof\u00e1sico de 3 Kw. &nbsp; SISTEMA DE CORTE PRESION DE TRABAJO 8 T. METODO DE CORTE Cu\u00f1a recta DI\u00c1M. M\u00c1X. ADMITIDO 32 cm. LONG. MAX. ADMITIDA 55 &#8211; 100 cm. &nbsp; VELOCIDAD DE LA CU\u00d1A DE CORTE VELOC. SUBIDA DE LA CU\u00d1A 3.9 cm. \/ seg. VELOC. BAJADA DE LA CU\u00d1A 14.5 [&hellip;]<\/p>\n","protected":false},"featured_media":882,"template":"","meta":[],"product_brand":[],"product_cat":[31,30],"product_tag":[],"class_list":{"0":"post-881","1":"product","2":"type-product","3":"status-publish","4":"has-post-thumbnail","6":"product_cat-herramientas-profesionales","7":"product_cat-huerto-jardin","9":"first","10":"instock","11":"taxable","12":"shipping-taxable","13":"purchasable","14":"product-type-simple"},"_links":{"self":[{"href":"https:\/\/ferreteriasolera.com\/en\/wp-json\/wp\/v2\/product\/881","targetHints":{"allow":["GET"]}}],"collection":[{"href":"https:\/\/ferreteriasolera.com\/en\/wp-json\/wp\/v2\/product"}],"about":[{"href":"https:\/\/ferreteriasolera.com\/en\/wp-json\/wp\/v2\/types\/product"}],"wp:featuredmedia":[{"embeddable":true,"href":"https:\/\/ferreteriasolera.com\/en\/wp-json\/wp\/v2\/media\/882"}],"wp:attachment":[{"href":"https:\/\/ferreteriasolera.com\/en\/wp-json\/wp\/v2\/media?parent=881"}],"wp:term":[{"taxonomy":"product_brand","embeddable":true,"href":"https:\/\/ferreteriasolera.com\/en\/wp-json\/wp\/v2\/product_brand?post=881"},{"taxonomy":"product_cat","embeddable":true,"href":"https:\/\/ferreteriasolera.com\/en\/wp-json\/wp\/v2\/product_cat?post=881"},{"taxonomy":"product_tag","embeddable":true,"href":"https:\/\/ferreteriasolera.com\/en\/wp-json\/wp\/v2\/product_tag?post=881"}],"curies":[{"name":"wp","href":"https:\/\/api.w.org\/{rel}","templated":true}]}}