{"id":883,"date":"2023-09-25T18:45:43","date_gmt":"2023-09-25T18:45:43","guid":{"rendered":"https:\/\/ferreteriasolera.com\/?post_type=product&#038;p=883"},"modified":"2026-03-06T07:56:07","modified_gmt":"2026-03-06T07:56:07","slug":"hidrolimpiadora-prof-motor-gasolina","status":"publish","type":"product","link":"https:\/\/ferreteriasolera.com\/en\/product\/hidrolimpiadora-prof-motor-gasolina\/","title":{"rendered":"HIDROLIMPIADORA PROF.MOTOR GASOLINA"},"content":{"rendered":"<p>&nbsp;<\/p>\n<table border=\"0\">\n<tbody>\n<tr>\n<td>MODELO<\/td>\n<td>HONDA GX-390 (4T)<\/td>\n<\/tr>\n<tr>\n<td>POTENCIA<\/td>\n<td>389 cc \/ 13 CV.<\/td>\n<\/tr>\n<tr>\n<td>ARRANQUE<\/td>\n<td>Manual<\/td>\n<\/tr>\n<tr>\n<td>CAPAC. DPTO. COMBUSTIBLE<\/td>\n<td>6.1 l.<\/td>\n<\/tr>\n<tr>\n<td>CAPAC. ACEITE (CARTER)<\/td>\n<td>0.6 l. &#8211; SAE 10W30<\/td>\n<\/tr>\n<\/tbody>\n<\/table>\n<p>&nbsp;<\/p>\n<table border=\"0\">\n<tbody>\n<tr>\n<td><b>BOMBA<\/b><\/td>\n<\/tr>\n<\/tbody>\n<\/table>\n<table border=\"0\">\n<tbody>\n<tr>\n<td>FABRICANTE<\/td>\n<td>Cat Pumps 67DX Series<\/td>\n<\/tr>\n<tr>\n<td>CABEZAL<\/td>\n<td>De Lat\u00f3n<\/td>\n<\/tr>\n<tr>\n<td>PISTONES<\/td>\n<td>Cer\u00e1micos<\/td>\n<\/tr>\n<tr>\n<td>PRESION M\u00c1XIMA<\/td>\n<td>275 bar.<\/td>\n<\/tr>\n<tr>\n<td>CAUDAL M\u00c1XIMO<\/td>\n<td>15 l\/min.<\/td>\n<\/tr>\n<tr>\n<td>TEMPERATURA M\u00c1XIMA<\/td>\n<td>60\u00ba<\/td>\n<\/tr>\n<tr>\n<td>REVOLUCIONES DE TRABAJO<\/td>\n<td>3.450 rpm.<\/td>\n<\/tr>\n<\/tbody>\n<\/table>\n<p>&nbsp;<\/p>\n<table border=\"0\">\n<tbody>\n<tr>\n<td><b>ACCESORIOS INCLUIDOS DE SERIE<\/b><\/td>\n<\/tr>\n<\/tbody>\n<\/table>\n<table border=\"0\">\n<tbody>\n<tr>\n<td>Lanza y tramo de 10 metros de manguera<\/td>\n<\/tr>\n<\/tbody>\n<\/table>\n<p>&nbsp;<\/p>\n<table border=\"0\">\n<tbody>\n<tr>\n<td><b>CARACTERISTICAS DEL CONJUNTO<\/b><\/td>\n<\/tr>\n<\/tbody>\n<\/table>\n<table border=\"0\">\n<tbody>\n<tr>\n<td>PESO (En vacio)<\/td>\n<td>58 Kg.<\/td>\n<\/tr>\n<\/tbody>\n<\/table>\n<p>&nbsp;<\/p>\n<table border=\"0\">\n<tbody>\n<tr>\n<td><b>AVISO IMPORTANTE<\/b><\/td>\n<\/tr>\n<\/tbody>\n<\/table>\n<table border=\"0\">\n<tbody>\n<tr>\n<td>La m\u00e1quina se suministra\u00a0<b>SIN GASOLINA NI ACEITE<\/b>\u00a0en el motor.<\/td>\n<\/tr>\n<tr>\n<td>La m\u00e1quina se suministra\u00a0<b>SIN ACEITE<\/b>\u00a0en la bomba.<\/td>\n<\/tr>\n<\/tbody>\n<\/table>","protected":false},"excerpt":{"rendered":"<p>&nbsp; MODELO HONDA GX-390 (4T) POTENCIA 389 cc \/ 13 CV. ARRANQUE Manual CAPAC. DPTO. COMBUSTIBLE 6.1 l. CAPAC. ACEITE (CARTER) 0.6 l. &#8211; SAE 10W30 &nbsp; BOMBA FABRICANTE Cat Pumps 67DX Series CABEZAL De Lat\u00f3n PISTONES Cer\u00e1micos PRESION M\u00c1XIMA 275 bar. CAUDAL M\u00c1XIMO 15 l\/min. TEMPERATURA M\u00c1XIMA 60\u00ba REVOLUCIONES DE TRABAJO 3.450 rpm. &nbsp; [&hellip;]<\/p>\n","protected":false},"featured_media":884,"template":"","meta":[],"product_brand":[],"product_cat":[31,30],"product_tag":[],"class_list":{"0":"post-883","1":"product","2":"type-product","3":"status-publish","4":"has-post-thumbnail","6":"product_cat-herramientas-profesionales","7":"product_cat-huerto-jardin","9":"first","10":"instock","11":"taxable","12":"shipping-taxable","13":"purchasable","14":"product-type-simple"},"_links":{"self":[{"href":"https:\/\/ferreteriasolera.com\/en\/wp-json\/wp\/v2\/product\/883","targetHints":{"allow":["GET"]}}],"collection":[{"href":"https:\/\/ferreteriasolera.com\/en\/wp-json\/wp\/v2\/product"}],"about":[{"href":"https:\/\/ferreteriasolera.com\/en\/wp-json\/wp\/v2\/types\/product"}],"wp:featuredmedia":[{"embeddable":true,"href":"https:\/\/ferreteriasolera.com\/en\/wp-json\/wp\/v2\/media\/884"}],"wp:attachment":[{"href":"https:\/\/ferreteriasolera.com\/en\/wp-json\/wp\/v2\/media?parent=883"}],"wp:term":[{"taxonomy":"product_brand","embeddable":true,"href":"https:\/\/ferreteriasolera.com\/en\/wp-json\/wp\/v2\/product_brand?post=883"},{"taxonomy":"product_cat","embeddable":true,"href":"https:\/\/ferreteriasolera.com\/en\/wp-json\/wp\/v2\/product_cat?post=883"},{"taxonomy":"product_tag","embeddable":true,"href":"https:\/\/ferreteriasolera.com\/en\/wp-json\/wp\/v2\/product_tag?post=883"}],"curies":[{"name":"wp","href":"https:\/\/api.w.org\/{rel}","templated":true}]}}