{"id":896,"date":"2023-09-27T07:32:25","date_gmt":"2023-09-27T07:32:25","guid":{"rendered":"https:\/\/ferreteriasolera.com\/?post_type=product&#038;p=896"},"modified":"2023-09-27T07:32:25","modified_gmt":"2023-09-27T07:32:25","slug":"dsebrozadora-bc-241t","status":"publish","type":"product","link":"https:\/\/ferreteriasolera.com\/en\/product\/dsebrozadora-bc-241t\/","title":{"rendered":"DSEBROZADORA BC-241T"},"content":{"rendered":"<div class=\"row\">\n<div class=\"item clearfix\">\n<div class=\"col-xs-4 key\">Potencia \/ Desplazamiento<\/div>\n<div class=\"col-xs-8 value\">1.2 HP &#8211; 0.9 kW\/21.7 cm\u00b3<\/div>\n<\/div>\n<\/div>\n<div class=\"row\">\n<div class=\"item clearfix\">\n<div class=\"col-xs-4 key\">Componentes de corte<\/div>\n<div class=\"col-xs-8 value\">130 mm de di\u00e1metro. Cabezal Load&amp;Go con 2,40 mm de di\u00e1metro. linea &#8211; 255 mm dia. disco con 3 cuchillas<\/div>\n<\/div>\n<\/div>\n<div class=\"row\">\n<div class=\"item clearfix\">\n<div class=\"col-xs-4 key\">Apret\u00f3n<\/div>\n<div class=\"col-xs-8 value\">Empu\u00f1adura<\/div>\n<\/div>\n<\/div>\n<div class=\"row\">\n<div class=\"item clearfix\">\n<div class=\"col-xs-4 key\">Di\u00e1metro del tubo<\/div>\n<div class=\"col-xs-8 value\">24 mm<\/div>\n<\/div>\n<\/div>\n<div class=\"row\">\n<div class=\"item clearfix\">\n<div class=\"col-xs-4 key\">Capacidad del tanque de combustible<\/div>\n<div class=\"col-xs-8 value\">0.40 L<\/div>\n<\/div>\n<\/div>\n<div class=\"row\">\n<div class=\"item clearfix\">\n<div class=\"col-xs-4 key\">Arneses<\/div>\n<div class=\"col-xs-8 value\">individual con cojin<\/div>\n<\/div>\n<\/div>\n<div class=\"row\">\n<div class=\"item clearfix\">\n<div class=\"col-xs-4 key\">Presi\u00f3n de sonido \/ nivel de potencia<\/div>\n<div class=\"col-xs-8 value\">91.5\/106 dB (A)<\/div>\n<\/div>\n<\/div>\n<div class=\"row\">\n<div class=\"item clearfix\">\n<div class=\"col-xs-4 key\">Nivel de vibraci\u00f3n de Lh \/ rh<\/div>\n<div class=\"col-xs-8 value\">1.5\/2.5 \/s\u00b2<\/div>\n<\/div>\n<\/div>\n<div class=\"row\">\n<div class=\"item clearfix\">\n<div class=\"col-xs-4 key\">Peso en seco sin herramientas de corte<\/div>\n<div class=\"col-xs-8 value\">5.2 kg<\/div>\n<\/div>\n<\/div>","protected":false},"excerpt":{"rendered":"<p>Potencia \/ Desplazamiento 1.2 HP &#8211; 0.9 kW\/21.7 cm\u00b3 Componentes de corte 130 mm de di\u00e1metro. Cabezal Load&amp;Go con 2,40 mm de di\u00e1metro. linea &#8211; 255 mm dia. disco con 3 cuchillas Apret\u00f3n Empu\u00f1adura Di\u00e1metro del tubo 24 mm Capacidad del tanque de combustible 0.40 L Arneses individual con cojin Presi\u00f3n de sonido \/ nivel [&hellip;]<\/p>\n","protected":false},"featured_media":897,"template":"","meta":[],"product_brand":[],"product_cat":[31,30],"product_tag":[],"class_list":{"0":"post-896","1":"product","2":"type-product","3":"status-publish","4":"has-post-thumbnail","6":"product_cat-herramientas-profesionales","7":"product_cat-huerto-jardin","9":"first","10":"instock","11":"taxable","12":"shipping-taxable","13":"purchasable","14":"product-type-simple"},"_links":{"self":[{"href":"https:\/\/ferreteriasolera.com\/en\/wp-json\/wp\/v2\/product\/896","targetHints":{"allow":["GET"]}}],"collection":[{"href":"https:\/\/ferreteriasolera.com\/en\/wp-json\/wp\/v2\/product"}],"about":[{"href":"https:\/\/ferreteriasolera.com\/en\/wp-json\/wp\/v2\/types\/product"}],"wp:featuredmedia":[{"embeddable":true,"href":"https:\/\/ferreteriasolera.com\/en\/wp-json\/wp\/v2\/media\/897"}],"wp:attachment":[{"href":"https:\/\/ferreteriasolera.com\/en\/wp-json\/wp\/v2\/media?parent=896"}],"wp:term":[{"taxonomy":"product_brand","embeddable":true,"href":"https:\/\/ferreteriasolera.com\/en\/wp-json\/wp\/v2\/product_brand?post=896"},{"taxonomy":"product_cat","embeddable":true,"href":"https:\/\/ferreteriasolera.com\/en\/wp-json\/wp\/v2\/product_cat?post=896"},{"taxonomy":"product_tag","embeddable":true,"href":"https:\/\/ferreteriasolera.com\/en\/wp-json\/wp\/v2\/product_tag?post=896"}],"curies":[{"name":"wp","href":"https:\/\/api.w.org\/{rel}","templated":true}]}}