{"id":923,"date":"2023-09-28T14:59:54","date_gmt":"2023-09-28T14:59:54","guid":{"rendered":"https:\/\/ferreteriasolera.com\/?post_type=product&#038;p=923"},"modified":"2026-03-06T07:52:40","modified_gmt":"2026-03-06T07:52:40","slug":"gato-hidraulico-10-tm","status":"publish","type":"product","link":"https:\/\/ferreteriasolera.com\/en\/product\/gato-hidraulico-10-tm\/","title":{"rendered":"GATO HIDRAULICO 10 TM"},"content":{"rendered":"<ol>\n<li>\u00a0Capacidad: 10 Toneladas<\/li>\n<li>&#8211; Altura m\u00e1xima: 449 mm.<\/li>\n<li>&#8211; Altura m\u00ednima: 225 mm.<\/li>\n<li>&#8211; Rango hidr\u00e1ulico: 145 mm.<\/li>\n<li>&#8211; Distancia de tornillo de ajute: 80 mm.<\/li>\n<li>&#8211; Peso de la herramienta: 4.8 kg.<\/li>\n<\/ol>","protected":false},"excerpt":{"rendered":"<p>\u00a0Capacidad: 10 Toneladas &#8211; Altura m\u00e1xima: 449 mm. &#8211; Altura m\u00ednima: 225 mm. &#8211; Rango hidr\u00e1ulico: 145 mm. &#8211; Distancia de tornillo de ajute: 80 mm. &#8211; Peso de la herramienta: 4.8 kg.<\/p>","protected":false},"featured_media":924,"template":"","meta":[],"product_brand":[],"product_cat":[28],"product_tag":[],"class_list":{"0":"post-923","1":"product","2":"type-product","3":"status-publish","4":"has-post-thumbnail","6":"product_cat-herramientas","8":"first","9":"instock","10":"taxable","11":"shipping-taxable","12":"purchasable","13":"product-type-simple"},"_links":{"self":[{"href":"https:\/\/ferreteriasolera.com\/en\/wp-json\/wp\/v2\/product\/923","targetHints":{"allow":["GET"]}}],"collection":[{"href":"https:\/\/ferreteriasolera.com\/en\/wp-json\/wp\/v2\/product"}],"about":[{"href":"https:\/\/ferreteriasolera.com\/en\/wp-json\/wp\/v2\/types\/product"}],"wp:featuredmedia":[{"embeddable":true,"href":"https:\/\/ferreteriasolera.com\/en\/wp-json\/wp\/v2\/media\/924"}],"wp:attachment":[{"href":"https:\/\/ferreteriasolera.com\/en\/wp-json\/wp\/v2\/media?parent=923"}],"wp:term":[{"taxonomy":"product_brand","embeddable":true,"href":"https:\/\/ferreteriasolera.com\/en\/wp-json\/wp\/v2\/product_brand?post=923"},{"taxonomy":"product_cat","embeddable":true,"href":"https:\/\/ferreteriasolera.com\/en\/wp-json\/wp\/v2\/product_cat?post=923"},{"taxonomy":"product_tag","embeddable":true,"href":"https:\/\/ferreteriasolera.com\/en\/wp-json\/wp\/v2\/product_tag?post=923"}],"curies":[{"name":"wp","href":"https:\/\/api.w.org\/{rel}","templated":true}]}}