{"id":972,"date":"2023-09-29T08:41:49","date_gmt":"2023-09-29T08:41:49","guid":{"rendered":"https:\/\/ferreteriasolera.com\/?post_type=product&#038;p=972"},"modified":"2023-09-29T08:42:30","modified_gmt":"2023-09-29T08:42:30","slug":"llave-fija-30-32","status":"publish","type":"product","link":"https:\/\/ferreteriasolera.com\/en\/product\/llave-fija-30-32\/","title":{"rendered":"LLAVE FIJA 30-32"},"content":{"rendered":"<p>Llaves fijas de doble boca pulidas. Pr\u00e1ctica llave combinada con mango seguro y estable. El material en que est\u00e1 fabricada es acero al cromo de alta calidad y resistencia lo que permite una mayor vida \u00fatil del producto. Este modelo dispone de medidas desde 6-7 mm a 55-60 mm. La utilidad de este tipo de llaves radica en aflojar o apretar tuercas y tornillos.<\/p>\n<p>&nbsp;<\/p>","protected":false},"excerpt":{"rendered":"<p>Llaves fijas de doble boca pulidas. Pr\u00e1ctica llave combinada con mango seguro y estable. El material en que est\u00e1 fabricada es acero al cromo de alta calidad y resistencia lo que permite una mayor vida \u00fatil del producto. Este modelo dispone de medidas desde 6-7 mm a 55-60 mm. La utilidad de este tipo de [&hellip;]<\/p>\n","protected":false},"featured_media":958,"template":"","meta":[],"product_brand":[],"product_cat":[28],"product_tag":[],"class_list":{"0":"post-972","1":"product","2":"type-product","3":"status-publish","4":"has-post-thumbnail","6":"product_cat-herramientas","8":"first","9":"instock","10":"taxable","11":"shipping-taxable","12":"purchasable","13":"product-type-simple"},"_links":{"self":[{"href":"https:\/\/ferreteriasolera.com\/en\/wp-json\/wp\/v2\/product\/972","targetHints":{"allow":["GET"]}}],"collection":[{"href":"https:\/\/ferreteriasolera.com\/en\/wp-json\/wp\/v2\/product"}],"about":[{"href":"https:\/\/ferreteriasolera.com\/en\/wp-json\/wp\/v2\/types\/product"}],"wp:featuredmedia":[{"embeddable":true,"href":"https:\/\/ferreteriasolera.com\/en\/wp-json\/wp\/v2\/media\/958"}],"wp:attachment":[{"href":"https:\/\/ferreteriasolera.com\/en\/wp-json\/wp\/v2\/media?parent=972"}],"wp:term":[{"taxonomy":"product_brand","embeddable":true,"href":"https:\/\/ferreteriasolera.com\/en\/wp-json\/wp\/v2\/product_brand?post=972"},{"taxonomy":"product_cat","embeddable":true,"href":"https:\/\/ferreteriasolera.com\/en\/wp-json\/wp\/v2\/product_cat?post=972"},{"taxonomy":"product_tag","embeddable":true,"href":"https:\/\/ferreteriasolera.com\/en\/wp-json\/wp\/v2\/product_tag?post=972"}],"curies":[{"name":"wp","href":"https:\/\/api.w.org\/{rel}","templated":true}]}}