{"id":993,"date":"2023-09-29T09:10:47","date_gmt":"2023-09-29T09:10:47","guid":{"rendered":"https:\/\/ferreteriasolera.com\/?post_type=product&#038;p=993"},"modified":"2023-09-29T09:11:40","modified_gmt":"2023-09-29T09:11:40","slug":"llave-de-estrella-acodada-46-50","status":"publish","type":"product","link":"https:\/\/ferreteriasolera.com\/en\/product\/llave-de-estrella-acodada-46-50\/","title":{"rendered":"LLAVE DE ESTRELLA ACODADA 46-50"},"content":{"rendered":"<p>Llaves de estrella pulidas con doble punta y acodadas. Estas llaves Est\u00e1n fabricadas en acero al cromo vanadio de alta calidad proporcionando una mayor resistencia y durabilidad de las mismas. El lado del anillo de paredes finas permite al usuario trabajar incluso en espacios reducidos. Est\u00e1n dise\u00f1adas para uso profesional y dom\u00e9stico. Con las llaves acodadas podr\u00e1s apretar y aflojar tornillos sin esfuerzos a\u00f1adidos. Disponibles en diferentes medidas. Desde 6 a 70<\/p>","protected":false},"excerpt":{"rendered":"<p>Llaves de estrella pulidas con doble punta y acodadas. Estas llaves Est\u00e1n fabricadas en acero al cromo vanadio de alta calidad proporcionando una mayor resistencia y durabilidad de las mismas. El lado del anillo de paredes finas permite al usuario trabajar incluso en espacios reducidos. Est\u00e1n dise\u00f1adas para uso profesional y dom\u00e9stico. Con las llaves [&hellip;]<\/p>\n","protected":false},"featured_media":979,"template":"","meta":[],"product_brand":[],"product_cat":[28],"product_tag":[],"class_list":{"0":"post-993","1":"product","2":"type-product","3":"status-publish","4":"has-post-thumbnail","6":"product_cat-herramientas","8":"first","9":"instock","10":"taxable","11":"shipping-taxable","12":"purchasable","13":"product-type-simple"},"_links":{"self":[{"href":"https:\/\/ferreteriasolera.com\/en\/wp-json\/wp\/v2\/product\/993","targetHints":{"allow":["GET"]}}],"collection":[{"href":"https:\/\/ferreteriasolera.com\/en\/wp-json\/wp\/v2\/product"}],"about":[{"href":"https:\/\/ferreteriasolera.com\/en\/wp-json\/wp\/v2\/types\/product"}],"wp:featuredmedia":[{"embeddable":true,"href":"https:\/\/ferreteriasolera.com\/en\/wp-json\/wp\/v2\/media\/979"}],"wp:attachment":[{"href":"https:\/\/ferreteriasolera.com\/en\/wp-json\/wp\/v2\/media?parent=993"}],"wp:term":[{"taxonomy":"product_brand","embeddable":true,"href":"https:\/\/ferreteriasolera.com\/en\/wp-json\/wp\/v2\/product_brand?post=993"},{"taxonomy":"product_cat","embeddable":true,"href":"https:\/\/ferreteriasolera.com\/en\/wp-json\/wp\/v2\/product_cat?post=993"},{"taxonomy":"product_tag","embeddable":true,"href":"https:\/\/ferreteriasolera.com\/en\/wp-json\/wp\/v2\/product_tag?post=993"}],"curies":[{"name":"wp","href":"https:\/\/api.w.org\/{rel}","templated":true}]}}